{"id":18097,"date":"2025-03-25T10:33:53","date_gmt":"2025-03-25T08:33:53","guid":{"rendered":"https:\/\/med4u.ee\/registreerimine-patsiendinimekirja\/"},"modified":"2026-01-20T16:26:25","modified_gmt":"2026-01-20T14:26:25","slug":"registreerimine-patsiendinimekirja","status":"publish","type":"page","link":"https:\/\/med4u.ee\/ru\/registreerimine-patsiendinimekirja\/","title":{"rendered":"\u0420\u0435\u0433\u0438\u0441\u0442\u0440\u0430\u0446\u0438\u044f \u0432 \u0441\u043f\u0438\u0441\u043e\u043a \u043f\u0430\u0446\u0438\u0435\u043d\u0442\u043e\u0432"},"content":{"rendered":"<section class=\"wpb-content-wrapper\">[vc_row][vc_column][vc_column_text css=&#187;.vc_custom_1768919177324{margin-top: -50px !important;}&#187;]<strong>\u0427\u0442\u043e\u0431\u044b \u043f\u043e\u043f\u0430\u0441\u0442\u044c \u0432 \u0441\u043f\u0438\u0441\u043e\u043a \u043f\u0430\u0446\u0438\u0435\u043d\u0442\u043e\u0432, \u043a\u043b\u0438\u043d\u0438\u043a\u0430 Med4U Perearstikeskus \u043f\u0440\u0435\u0434\u043b\u0430\u0433\u0430\u0435\u0442 \u0434\u0432\u0430 \u0432\u0430\u0440\u0438\u0430\u043d\u0442\u0430:<\/strong><\/p>\n<h4><span style=\"color: #4f87fb;\">1. \u0417\u0430\u043f\u043e\u043b\u043d\u0438\u0442\u044c \u0437\u0430\u044f\u0432\u043b\u0435\u043d\u0438\u0435 \u043d\u0430 \u043c\u0435\u0441\u0442\u0435 \u0432 \u043a\u043b\u0438\u043d\u0438\u043a\u0435 Med4U \u00dclemiste City<\/span><\/h4>\n<p>\u041c\u044b \u043f\u0440\u0435\u0434\u043e\u0441\u0442\u0430\u0432\u0438\u043c \u0432\u0430\u043c \u0431\u043b\u0430\u043d\u043a \u0434\u043b\u044f \u0437\u0430\u043f\u043e\u043b\u043d\u0435\u043d\u0438\u044f \u0438 \u043f\u043e\u043c\u043e\u0436\u0435\u043c \u0432 \u043f\u0440\u043e\u0446\u0435\u0441\u0441\u0435 \u0435\u0433\u043e \u043e\u0444\u043e\u0440\u043c\u043b\u0435\u043d\u0438\u044f.<\/p>\n<h4><span style=\"color: #4f87fb;\">2. \u041f\u043e\u0434\u0430\u0442\u044c \u0437\u0430\u044f\u0432\u043b\u0435\u043d\u0438\u0435 \u0434\u0438\u0433\u0438\u0442\u0430\u043b\u044c\u043d\u043e<\/span><\/h4>\n<p>\u0421\u043a\u0430\u0447\u0430\u0439\u0442\u0435 \u0437\u0430\u044f\u0432\u043b\u0435\u043d\u0438\u0435 \u0441 \u043d\u0430\u0448\u0435\u0433\u043e \u0441\u0430\u0439\u0442\u0430 \u043d\u0430 \u0441\u0432\u043e\u0451 \u0443\u0441\u0442\u0440\u043e\u0439\u0441\u0442\u0432\u043e, \u0437\u0430\u043f\u043e\u043b\u043d\u0438\u0442\u0435 \u0435\u0433\u043e, \u043f\u043e\u0434\u043f\u0438\u0448\u0438\u0442\u0435 \u0434\u0438\u0433\u0438\u0442\u0430\u043b\u044c\u043d\u043e \u0438 \u043e\u0442\u043f\u0440\u0430\u0432\u044c\u0442\u0435 \u043d\u0430\u043c \u043d\u0430 \u044d\u043b\u0435\u043a\u0442\u0440\u043e\u043d\u043d\u0443\u044e \u043f\u043e\u0447\u0442\u0443:<\/p>\n<ul>\n<li><strong><a href=\"mailto:perearstikeskus1@med4u.ee\">\u043e\u0442\u043f\u0440\u0430\u0432\u0438\u0442\u044c \u0437\u0430\u044f\u0432\u043b\u0435\u043d\u0438\u0435 \u043a \u0434\u043e\u043a\u0442\u043e\u0440\u0443 &#8212; \u043d\u0430 \u043c\u0430\u0438\u043b<\/a> <a class=\"text-entity-link\" dir=\"auto\" href=\"mailto:perearstikeskus1@med4u.ee\" target=\"_blank\" rel=\"noopener noreferrer\" data-entity-type=\"MessageEntityEmail\">perearstikeskus1@med4u.ee<\/a><\/strong><\/li>\n<\/ul>\n<p>&nbsp;<\/p>\n<p><strong>\u041f\u0440\u0438\u0451\u043c \u0432 \u0441\u043f\u0438\u0441\u043e\u043a \u0441\u0435\u043c\u0435\u0439\u043d\u043e\u0433\u043e \u0432\u0440\u0430\u0447\u0430 \u043e\u0441\u0443\u0449\u0435\u0441\u0442\u0432\u043b\u044f\u0435\u0442\u0441\u044f \u0441 \u0443\u0447\u0451\u0442\u043e\u043c \u043d\u0430\u043b\u0438\u0447\u0438\u044f \u0441\u0432\u043e\u0431\u043e\u0434\u043d\u044b\u0445 \u043c\u0435\u0441\u0442 \u0438 \u043e\u043f\u0442\u0438\u043c\u0430\u043b\u044c\u043d\u043e\u0433\u043e \u043a\u043e\u043b\u0438\u0447\u0435\u0441\u0442\u0432\u0430 \u043f\u0430\u0446\u0438\u0435\u043d\u0442\u043e\u0432, \u043d\u0435\u043e\u0431\u0445\u043e\u0434\u0438\u043c\u043e\u0433\u043e \u0434\u043b\u044f \u043e\u0431\u0435\u0441\u043f\u0435\u0447\u0435\u043d\u0438\u044f \u043a\u0430\u0447\u0435\u0441\u0442\u0432\u0435\u043d\u043d\u043e\u0439 \u0438 \u0441\u0432\u043e\u0435\u0432\u0440\u0435\u043c\u0435\u043d\u043d\u043e\u0439 \u043c\u0435\u0434\u0438\u0446\u0438\u043d\u0441\u043a\u043e\u0439 \u043f\u043e\u043c\u043e\u0449\u0438.<\/strong>[\/vc_column_text][vc_empty_space][vc_btn title=&#187;\u0421\u041a\u0410\u0427\u0410\u0422\u042c \u0411\u041b\u0410\u041d\u041a \u0417\u0410\u042f\u0412\u041b\u0415\u041d\u0418\u042f&#187; align=&#187;center&#187; link=&#187;url:https%3A%2F%2Fmed4u.ee%2Fwp-content%2Fuploads%2F2024%2F09%2Favaldus_perearsti_nimistusse_registreerumiseks-1_0-2.rtf|target:_blank&#187;][\/vc_column][\/vc_row][vc_row][vc_column][vc_empty_space height=&#187;70px&#187;][vc_column_text]\n<h2 style=\"text-align: center;\"><span style=\"color: #4f87fb;\"><strong>\u041f\u0430\u0440\u043a\u043e\u0432\u043a\u0430 \u0438 \u0442\u0440\u0430\u043d\u0441\u043f\u043e\u0440\u0442:<\/strong>\u00a0<\/span><\/h2>\n[\/vc_column_text][vc_tta_accordion section_title_tag=&#187;h3&#8243; spacing=&#187;20&#8243; c_position=&#187;right&#187; active_section=&#187;5&#8243; no_fill=&#187;true&#187; collapsible_all=&#187;true&#187;][vc_tta_section title=&#187;\u041c\u0415\u0421\u0422\u041e\u041f\u041e\u041b\u041e\u0416\u0415\u041d\u0418\u0415&#187; tab_id=&#187;1701700190821-ed85ddf9-f4e31725526783004172785507080717280445608901728296973671172830179576217285640410561742892308637&#8243;][vc_column_text]Med4U \u00dclemiste City \u041d\u0410\u0425\u041e\u0414\u0418\u0422\u0421\u042f \u0412 \u0422\u0410\u041b\u041b\u0418\u041d\u041d\u0415, \u041f\u041e \u0410\u0414\u0420\u0415\u0421\u0423 SEPAPAJA 12\/1, \u041d\u0410 4-\u041e\u041c \u042d\u0422\u0410\u0416\u0415.<\/p>\n<p>\u0417\u0434\u0430\u043d\u0438\u0435 \u043b\u0435\u0433\u043a\u043e \u043d\u0430\u0439\u0442\u0438 \u2014 \u043e\u043d\u043e \u0440\u0430\u0441\u043f\u043e\u043b\u043e\u0436\u0435\u043d\u043e \u0432 \u0440\u0430\u0439\u043e\u043d\u0435 \u042e\u043b\u0435\u043c\u0438\u0441\u0442\u0435, \u0440\u044f\u0434\u043e\u043c \u0441 \u0442\u043e\u0440\u0433\u043e\u0432\u044b\u043c \u0446\u0435\u043d\u0442\u0440\u043e\u043c \u00dclemiste Keskus.<\/p>\n<p>\u0412\u0445\u043e\u0434 \u0432 \u0437\u0434\u0430\u043d\u0438\u0435 \u043e\u0441\u0443\u0449\u0435\u0441\u0442\u0432\u043b\u044f\u0435\u0442\u0441\u044f \u0441\u043e \u0441\u0442\u043e\u0440\u043e\u043d\u044b \u0433\u043b\u0430\u0432\u043d\u043e\u0439 \u0434\u043e\u0440\u043e\u0433\u0438, \u0430 \u0443\u0434\u043e\u0431\u043d\u0430\u044f \u043f\u0430\u0440\u043a\u043e\u0432\u043a\u0430 \u043f\u043e\u0437\u0432\u043e\u043b\u044f\u0435\u0442 \u043b\u0435\u0433\u043a\u043e \u043e\u0441\u0442\u0430\u0432\u0438\u0442\u044c \u0430\u0432\u0442\u043e\u043c\u043e\u0431\u0438\u043b\u044c. \u041f\u043e\u0434\u043d\u0438\u043c\u0438\u0442\u0435\u0441\u044c \u043d\u0430 \u043b\u0438\u0444\u0442\u0435 \u0438\u043b\u0438 \u043f\u043e \u043b\u0435\u0441\u0442\u043d\u0438\u0446\u0435 \u043d\u0430 4-\u0439 \u044d\u0442\u0430\u0436 \u2014 \u043c\u044b \u0431\u0443\u0434\u0435\u043c \u0440\u0430\u0434\u044b \u0432\u0430\u0441 \u0432\u0438\u0434\u0435\u0442\u044c![\/vc_column_text][\/vc_tta_section][vc_tta_section title=&#187;\u041f\u0410\u0420\u041a\u041e\u0412\u041a\u0410&#187; tab_id=&#187;1729154049432-4bb74696-092c1742892308637&#8243;][vc_column_text]\u041f\u0415\u0420\u0415\u0414 \u0417\u0414\u0410\u041d\u0418\u0415\u041c \u00dcLEMISTE TERVISEMAJA 2 \u041d\u0410\u0425\u041e\u0414\u0418\u0422\u0421\u042f \u041f\u0420\u041e\u0421\u0422\u041e\u0420\u041d\u0410\u042f \u041f\u0410\u0420\u041a\u041e\u0412\u041a\u0410.<br \/>\n\u0427\u0410\u0421\u0422\u042c \u041f\u0410\u0420\u041a\u041e\u0412\u041a\u0418 \u041f\u0420\u0415\u0414\u041d\u0410\u0417\u041d\u0410\u0427\u0415\u041d\u0410 \u0421\u041f\u0415\u0426\u0418\u0410\u041b\u042c\u041d\u041e \u0414\u041b\u042f \u041f\u041e\u0421\u0415\u0422\u0418\u0422\u0415\u041b\u0415\u0419 \u00dcLEMISTE TERVISEMAJA 2 \u0418 Med4U \u00dclemiste City.<\/p>\n<ul>\n<li>\u041f\u0430\u0440\u043a\u043e\u0432\u043a\u0430 \u0434\u043b\u044f \u043f\u043e\u0441\u0435\u0442\u0438\u0442\u0435\u043b\u0435\u0439 \u00dclemiste Tervisemaja 2 \u043d\u0430 \u0441\u043f\u0435\u0446\u0438\u0430\u043b\u044c\u043d\u043e \u043e\u0442\u0432\u0435\u0434\u0451\u043d\u043d\u043e\u0439 \u0441\u0442\u043e\u044f\u043d\u043a\u0435 (\u043e\u0431\u0440\u0430\u0442\u0438\u0442\u0435 \u0432\u043d\u0438\u043c\u0430\u043d\u0438\u0435 \u043d\u0430 \u043f\u0430\u0440\u043a\u043e\u0432\u043e\u0447\u043d\u044b\u0435 \u0437\u043d\u0430\u043a\u0438!!!) \u2014 \u0431\u0435\u0441\u043f\u043b\u0430\u0442\u043d\u043e \u043d\u0430 2 \u0447\u0430\u0441\u0430, \u0440\u0435\u0433\u0438\u0441\u0442\u0440\u0430\u0446\u0438\u044f \u043f\u0430\u0440\u043a\u043e\u0432\u043a\u0438 \u043e\u0431\u044f\u0437\u0430\u0442\u0435\u043b\u044c\u043d\u0430 \u0447\u0435\u0440\u0435\u0437 \u043f\u0430\u0440\u043a\u043e\u0432\u043e\u0447\u043d\u044b\u0439 \u0442\u0435\u0440\u043c\u0438\u043d\u0430\u043b, \u0440\u0430\u0441\u043f\u043e\u043b\u043e\u0436\u0435\u043d\u043d\u044b\u0439 \u0443 \u0432\u0445\u043e\u0434\u0430 \u0432 \u00dclemiste Tervisemaja 2.<\/li>\n<li>\u041f\u0430\u0440\u043a\u043e\u0432\u043a\u0430 \u043d\u0430 \u043e\u0441\u0442\u0430\u043b\u044c\u043d\u043e\u0439 \u0442\u0435\u0440\u0440\u0438\u0442\u043e\u0440\u0438\u0438 \u043f\u0435\u0440\u0435\u0434 \u00dclemiste Tervisemaja 2 \u2014 \u0431\u0435\u0441\u043f\u043b\u0430\u0442\u043d\u043e \u043d\u0430 2 \u0447\u0430\u0441\u0430 \u0441 \u0438\u0441\u043f\u043e\u043b\u044c\u0437\u043e\u0432\u0430\u043d\u0438\u0435\u043c \u043f\u0430\u0440\u043a\u043e\u0432\u043e\u0447\u043d\u044b\u0445 \u0447\u0430\u0441\u043e\u0432!!! (\u043e\u0431\u0440\u0430\u0442\u0438\u0442\u0435 \u0432\u043d\u0438\u043c\u0430\u043d\u0438\u0435 \u043d\u0430 \u043f\u0430\u0440\u043a\u043e\u0432\u043e\u0447\u043d\u044b\u0435 \u0437\u043d\u0430\u043a\u0438!!!)<\/li>\n<\/ul>\n<div class=\"markdown prose w-full break-words dark:prose-invert light\">\n<p style=\"text-align: center;\"><a href=\"https:\/\/www.tallinn.ee\/ru\/parkovka\" target=\"_blank\" rel=\"noopener\">\u041f\u041e\u0414\u0420\u041e\u0411\u041d\u0415\u0415 \u041e \u041f\u0410\u0420\u041a\u041e\u0412\u041a\u0415 \u041c\u041e\u0416\u041d\u041e \u0423\u0417\u041d\u0410\u0422\u042c \u0422\u0423\u0422<\/a><\/p>\n<p style=\"text-align: center;\"><a href=\"https:\/\/www.parkimine.ee\/ru\/park-informatsiya\/tallinn\/\" target=\"_blank\" rel=\"noopener\">\u0418 \u0422\u0423\u0422<\/a><\/p>\n<\/div>\n[\/vc_column_text]<div  class=\"thsn-single-image-w thsn-single-hover-yes  thsn-small-text-pos-bottom\"><img loading=\"lazy\" decoding=\"async\" width=\"1198\" height=\"676\" src=\"https:\/\/med4u.ee\/wp-content\/uploads\/2024\/10\/parking-ulemiste.jpg\" class=\"thsn_vc_single_image-img attachment-full\" alt=\"\" title=\"parking-ulemiste\" srcset=\"https:\/\/med4u.ee\/wp-content\/uploads\/2024\/10\/parking-ulemiste.jpg 1198w, https:\/\/med4u.ee\/wp-content\/uploads\/2024\/10\/parking-ulemiste-300x169.jpg 300w, https:\/\/med4u.ee\/wp-content\/uploads\/2024\/10\/parking-ulemiste-1024x578.jpg 1024w, https:\/\/med4u.ee\/wp-content\/uploads\/2024\/10\/parking-ulemiste-768x433.jpg 768w, https:\/\/med4u.ee\/wp-content\/uploads\/2024\/10\/parking-ulemiste-770x434.jpg 770w\" sizes=\"auto, (max-width: 1198px) 100vw, 1198px\" data-id=\"17293\" \/><div class=\"thsn-overlay\">[vc_icon icon_fontawesome=\"fa fa-info-circle\" icon_thsn_dentiq_icon=\"thsn-dentiq-icon thsn-dentiq-icon-light\" icon_sgicon=\"sgicon sgicon-WorldWide\" icon_linecons=\"vc_li vc_li-heart\" icon_monosocial=\"vc-mono vc-mono-fivehundredpx\" link=\"url:https%3A%2F%2Fmed4u.ee%2Fwp-content%2Fuploads%2F2024%2F10%2Fparking-ulemiste.jpg|||\" el_class=\"thsn-lightbox thsn-lightbox-video\"]<\/div><a href=\"https:\/\/med4u.ee\/wp-content\/uploads\/2024\/10\/parking-ulemiste.jpg\" class=\"thsn-lightbox\"><span class=\"themesion-hide\">Click Here<\/span><\/a><\/div>[\/vc_tta_section][vc_tta_section title=&#187;\u0413\u041e\u0420\u041e\u0414\u0421\u041a\u041e\u0419 \u0422\u0420\u0410\u041d\u0421\u041f\u041e\u0420\u0422&#187; tab_id=&#187;1701700315675-5a0cec05-35e11725526783004172785507080717280445608901728296973671172830179576217285640410561742892308637&#8243;][vc_column_text]\n<div class=\"flex max-w-full flex-col flex-grow\">\n<div class=\"min-h-8 text-message flex w-full flex-col items-end gap-2 whitespace-normal break-words [.text-message+&amp;]:mt-5\" dir=\"auto\" data-message-author-role=\"assistant\" data-message-id=\"2dd8ab3a-155a-4742-91c0-3e1b2c7945ed\">\n<div class=\"flex w-full flex-col gap-1 empty:hidden first:pt-[3px]\" style=\"text-align: center;\">\n<div class=\"markdown prose w-full break-words dark:prose-invert light\">\n<p>\u0412 MED4U \u00dcLEMISTE CITY \u041c\u041e\u0416\u041d\u041e \u0414\u041e\u0411\u0420\u0410\u0422\u042c\u0421\u042f \u041d\u0410 \u041e\u0411\u0429\u0415\u0421\u0422\u0412\u0415\u041d\u041d\u041e\u041c \u0422\u0420\u0410\u041d\u0421\u041f\u041e\u0420\u0422\u0415:<\/p>\n<ul>\n<li style=\"text-align: left;\"><strong>\u0410\u0432\u0442\u043e\u0431\u0443\u0441 \u2116 7<\/strong> \u2013 Seli-S\u00f5jam\u00e4e (\u043e\u0441\u0442\u0430\u043d\u043e\u0432\u043a\u0430 L\u00f5\u00f5tsa \u0438\u043b\u0438 Valukoja)<\/li>\n<li style=\"text-align: left;\"><strong>\u0410\u0432\u0442\u043e\u0431\u0443\u0441 \u2116 15<\/strong> \u2013 Viru keskus \u2013 S\u00f5jam\u00e4e (\u043e\u0441\u0442\u0430\u043d\u043e\u0432\u043a\u0430 L\u00f5\u00f5tsa \u0438\u043b\u0438 Valukoja)<\/li>\n<li style=\"text-align: left;\"><strong>\u0410\u0432\u0442\u043e\u0431\u0443\u0441 \u2116 45<\/strong> \u2013 V\u00e4ike-\u00d5ism\u00e4e \u2013 \u00dclemiste (\u043e\u0441\u0442\u0430\u043d\u043e\u0432\u043a\u0430 Dvigatel \u0438\u043b\u0438 Kaubajaama)<\/li>\n<li style=\"text-align: left;\"><strong>\u0410\u0432\u0442\u043e\u0431\u0443\u0441 \u2116 49<\/strong> \u2013 Viimsi keskus \u2013 Lennujaam (\u043e\u0441\u0442\u0430\u043d\u043e\u0432\u043a\u0430 L\u00f5\u00f5tsa \u0438\u043b\u0438 Valukoja)<\/li>\n<li style=\"text-align: left;\"><strong>\u0410\u0432\u0442\u043e\u0431\u0443\u0441 \u2116 65<\/strong>\u2013 Lasnam\u00e4e \u2013 Lennujaam (\u043e\u0441\u0442\u0430\u043d\u043e\u0432\u043a\u0430 Valukoja)<\/li>\n<li style=\"text-align: left;\"><strong>\u0410\u0432\u0442\u043e\u0431\u0443\u0441 \u2116 64<\/strong> \u2013 V\u00e4ike-\u00d5ism\u00e4e \u2013 \u00dclemiste (\u043e\u0441\u0442\u0430\u043d\u043e\u0432\u043a\u0430 Kaubajaama)<\/li>\n<li style=\"text-align: left;\"><strong>\u0422\u0440\u0430\u043c\u0432\u0430\u0439 \u2116 4<\/strong> \u2013 Lasnam\u00e4e \u2013 Lennujaam (\u043e\u0441\u0442\u0430\u043d\u043e\u0432\u043a\u0430 \u00dclemiste linnak)<\/li>\n<\/ul>\n<p>&nbsp;<\/p>\n<\/div>\n<p><a class=\"__mPS2id\" href=\"https:\/\/transport.tallinn.ee\/#tallinna-linn\/ru\" target=\"_blank\" rel=\"noopener\">\u0421\u0422\u0420\u0410\u041d\u0418\u0426\u0410 \u0413\u041e\u0420\u041e\u0414\u0421\u041a\u041e\u0413\u041e \u0422\u0420\u0410\u041d\u0421\u041f\u041e\u0420\u0422\u0410<\/a><\/p>\n<\/div>\n<\/div>\n<\/div>\n[\/vc_column_text][\/vc_tta_section][\/vc_tta_accordion][\/vc_column][\/vc_row][vc_row][vc_column][vc_empty_space][\/vc_column][\/vc_row][vc_row gap=&#187;20&#8243;][vc_column width=&#187;1\/2&#8243;][vc_gmaps link=&#187;#E-8_JTNDaWZyYW1lJTIwc3JjJTNEJTIyaHR0cHMlM0ElMkYlMkZ3d3cuZ29vZ2xlLmNvbSUyRm1hcHMlMkZlbWJlZCUzRnBiJTNEJTIxMW0xOCUyMTFtMTIlMjExbTMlMjExZDIwMjkuNzAzNjk0NTk0NTE3NCUyMTJkMjQuODAzOTExMTc3Mjc2NzUlMjEzZDU5LjQyMTMzNzUwMzY1MjQ0JTIxMm0zJTIxMWYwJTIxMmYwJTIxM2YwJTIxM20yJTIxMWkxMDI0JTIxMmk3NjglMjE0ZjEzLjElMjEzbTMlMjExbTIlMjExczB4NDY5MmViNTdiMDQ5MjVjMSUyNTNBMHhmMTNjNTU5MzM2N2JlNzMxJTIxMnNTZXBhcGFqYSUyNTIwMTIlMjUyRjElMjUyQyUyNTIwMTE0MTUlMjUyMFRhbGxpbm4lMjE1ZTAlMjEzbTIlMjExc2V0JTIxMnNlZSUyMTR2MTcyNTAwMjkyMzM0MiUyMTVtMiUyMTFzZXQlMjEyc2VlJTIyJTIwd2lkdGglM0QlMjI2MDAlMjIlMjBoZWlnaHQlM0QlMjI0NTAlMjIlMjBzdHlsZSUzRCUyMmJvcmRlciUzQTAlM0IlMjIlMjBhbGxvd2Z1bGxzY3JlZW4lM0QlMjIlMjIlMjBsb2FkaW5nJTNEJTIybGF6eSUyMiUyMHJlZmVycmVycG9saWN5JTNEJTIybm8tcmVmZXJyZXItd2hlbi1kb3duZ3JhZGUlMjIlM0UlM0MlMkZpZnJhbWUlM0U=&#187; size=&#187;380&#8243;][vc_empty_space][\/vc_column][vc_column width=&#187;1\/2&#8243;][vc_single_image image=&#187;17727&#8243; img_size=&#187;full&#187; style=&#187;vc_box_rounded&#187; css_animation=&#187;fadeInRight&#187; css=&#187;.vc_custom_1734265703396{margin-bottom: 0px !important;}&#187;][vc_empty_space][\/vc_column][\/vc_row][vc_row][vc_column css_animation=&#187;fadeInLeftBig&#187; width=&#187;1\/2&#8243;][vc_separator color=&#187;custom&#187; css=&#187;.vc_custom_1646907816513{margin-bottom: 20px !important;}&#187; accent_color=&#187;#f1f6fb&#187;][vc_row_inner equal_height=&#187;yes&#187; content_placement=&#187;middle&#187;][vc_column_inner width=&#187;1\/6&#8243;][vc_icon icon_fontawesome=&#187;fas fa-user-tie&#187;][\/vc_column_inner][vc_column_inner width=&#187;5\/6&#8243;][vc_column_text css=&#187;.vc_custom_1729677668655{padding-top: 5px !important;}&#187;]<strong>Med4u O\u00dc<\/strong><br \/>\n\u0420\u0435\u0433. \u043d\u043e\u043c\u0435\u0440: 14157538[\/vc_column_text][\/vc_column_inner][\/vc_row_inner][vc_row_inner equal_height=&#187;yes&#187; content_placement=&#187;middle&#187;][vc_column_inner width=&#187;1\/6&#8243;][vc_icon icon_fontawesome=&#187;fas fa-map-pin&#187;][\/vc_column_inner][vc_column_inner width=&#187;5\/6&#8243;][vc_column_text css=&#187;.vc_custom_1729677678427{padding-top: 5px !important;}&#187;]<strong>Med4U \u00dclemiste City<\/strong><br \/>\nTallinn, Sepapaja 12\/1,<br \/>\nTervisemaja 2,<br \/>\n4 \u044d\u0442\u0430\u0436[\/vc_column_text][\/vc_column_inner][\/vc_row_inner][vc_row_inner equal_height=&#187;yes&#187; content_placement=&#187;middle&#187;][vc_column_inner width=&#187;1\/6&#8243;][vc_icon icon_fontawesome=&#187;fas fa-info&#187;][\/vc_column_inner][vc_column_inner width=&#187;5\/6&#8243;][vc_column_text css=&#187;.vc_custom_1730111770407{padding-top: 5px !important;}&#187;]<strong>\u0418\u041d\u0424\u041e<\/strong><br \/>\n+(372) 58830007<br \/>\n<a href=\"mailto:ulemiste@med4u.ee\" target=\"_blank\" rel=\"noopener\">ulemiste@med4u.ee<\/a><br \/>\n\u041b\u0438\u0446\u0435\u043d\u0437\u0438\u044f: L07039, L07053[\/vc_column_text][\/vc_column_inner][\/vc_row_inner][\/vc_column][vc_column thsn-bg-color=&#187;light&#187; width=&#187;1\/2&#8243; css=&#187;.vc_custom_1646906145975{padding-top: 40px !important;border-radius: 10px !important;}&#187;]\n<div class=\"wpcf7 no-js\" id=\"wpcf7-f9345-o1\" lang=\"en-US\" dir=\"ltr\" data-wpcf7-id=\"9345\">\n<div class=\"screen-reader-response\"><p role=\"status\" aria-live=\"polite\" aria-atomic=\"true\"><\/p> <ul><\/ul><\/div>\n<form action=\"\/ru\/wp-json\/wp\/v2\/pages\/18097#wpcf7-f9345-o1\" method=\"post\" class=\"wpcf7-form init\" aria-label=\"Contact form\" novalidate=\"novalidate\" data-status=\"init\">\n<fieldset class=\"hidden-fields-container\"><input type=\"hidden\" name=\"_wpcf7\" value=\"9345\" \/><input type=\"hidden\" name=\"_wpcf7_version\" value=\"6.1.4\" \/><input type=\"hidden\" name=\"_wpcf7_locale\" value=\"en_US\" \/><input type=\"hidden\" name=\"_wpcf7_unit_tag\" value=\"wpcf7-f9345-o1\" \/><input type=\"hidden\" name=\"_wpcf7_container_post\" value=\"0\" \/><input type=\"hidden\" name=\"_wpcf7_posted_data_hash\" value=\"\" \/><input type=\"hidden\" name=\"_wpcf7_recaptcha_response\" value=\"\" \/>\n<\/fieldset>\n<div class=\"thsn-main-form thsn-style-2\">\n\t<div class=\"row\">\n\t\t<div class=\"col-sm-6\">\n\t\t\t<div class=\"input-group\">\n\t\t\t\t<p><span class=\"wpcf7-form-control-wrap\" data-name=\"your-name\"><input size=\"40\" maxlength=\"400\" class=\"wpcf7-form-control wpcf7-text wpcf7-validates-as-required\" aria-required=\"true\" aria-invalid=\"false\" placeholder=\"\u0418\u043c\u044f \u0438 \u0444\u0430\u043c\u0438\u043b\u0438\u044f *\" value=\"\" type=\"text\" name=\"your-name\" \/><\/span>\n\t\t\t\t<\/p>\n\t\t\t<\/div>\n\t\t<\/div>\n\t\t<div class=\"col-sm-6\">\n\t\t\t<div class=\"input-group\">\n\t\t\t\t<p><span class=\"wpcf7-form-control-wrap\" data-name=\"PhoneNumber\"><input size=\"40\" maxlength=\"400\" class=\"wpcf7-form-control wpcf7-text wpcf7-validates-as-required\" aria-required=\"true\" aria-invalid=\"false\" placeholder=\"\u0422\u0435\u043b\u0435\u0444\u043e\u043d *\" value=\"\" type=\"text\" name=\"PhoneNumber\" \/><\/span>\n\t\t\t\t<\/p>\n\t\t\t<\/div>\n\t\t<\/div>\n\t\t<div class=\"col-sm-6\">\n\t\t\t<div class=\"input-group\">\n\t\t\t\t<p><span class=\"wpcf7-form-control-wrap\" data-name=\"your-email\"><input size=\"40\" maxlength=\"400\" class=\"wpcf7-form-control wpcf7-email wpcf7-validates-as-required wpcf7-text wpcf7-validates-as-email\" aria-required=\"true\" aria-invalid=\"false\" placeholder=\"\u042d-\u043f\u043e\u0447\u0442\u0430 *\" value=\"\" type=\"email\" name=\"your-email\" \/><\/span>\n\t\t\t\t<\/p>\n\t\t\t<\/div>\n\t\t<\/div>\n\t\t<div class=\"col-sm-6\">\n\t\t\t<div class=\"input-group\">\n\t\t\t\t<p><span class=\"wpcf7-form-control-wrap\" data-name=\"Subject\"><input size=\"40\" maxlength=\"400\" class=\"wpcf7-form-control wpcf7-text\" aria-invalid=\"false\" placeholder=\"\u0422\u0435\u043c\u0430\" value=\"\" type=\"text\" name=\"Subject\" \/><\/span>\n\t\t\t\t<\/p>\n\t\t\t<\/div>\n\t\t<\/div>\n\t\t<div class=\"col-sm-12\">\n\t\t\t<div class=\"input-group input-button\">\n\t\t\t\t<p><span class=\"wpcf7-form-control-wrap\" data-name=\"message\"><textarea cols=\"40\" rows=\"3\" maxlength=\"2000\" class=\"wpcf7-form-control wpcf7-textarea\" aria-invalid=\"false\" placeholder=\"\u0421\u043e\u043e\u0431\u0449\u0435\u043d\u0438\u0435\" name=\"message\"><\/textarea><\/span>\n\t\t\t\t<\/p>\n\t\t\t<\/div>\n\t\t<\/div>\n\t\t<div class=\"col-sm-12\">\n\t\t\t<div class=\"input-group input-button\">\n\t\t\t\t<p><input class=\"wpcf7-form-control wpcf7-submit has-spinner\" type=\"submit\" value=\"\u041e\u0442\u043f\u0440\u0430\u0432\u0438\u0442\u044c\" \/>\n\t\t\t\t<\/p>\n\t\t\t<\/div>\n\t\t<\/div>\n\t<\/div>\n<\/div><input type='hidden' class='wpcf7-pum' value='{\"closepopup\":false,\"closedelay\":0,\"openpopup\":false,\"openpopup_id\":0}' \/><div class=\"wpcf7-response-output\" aria-hidden=\"true\"><\/div>\n<\/form>\n<\/div>\n[\/vc_column][\/vc_row]\n<\/section>","protected":false},"excerpt":{"rendered":"<p>[vc_row][vc_column][vc_column_text css=&#187;.vc_custom_1768919177324{margin-top: -50px !important;}&#187;]\u0427\u0442\u043e\u0431\u044b \u043f\u043e\u043f\u0430\u0441\u0442\u044c \u0432 \u0441\u043f\u0438\u0441\u043e\u043a \u043f\u0430\u0446\u0438\u0435\u043d\u0442\u043e\u0432, \u043a\u043b\u0438\u043d\u0438\u043a\u0430 Med4U Perearstikeskus \u043f\u0440\u0435\u0434\u043b\u0430\u0433\u0430\u0435\u0442 \u0434\u0432\u0430 \u0432\u0430\u0440\u0438\u0430\u043d\u0442\u0430: 1. \u0417\u0430\u043f\u043e\u043b\u043d\u0438\u0442\u044c \u0437\u0430\u044f\u0432\u043b\u0435\u043d\u0438\u0435 \u043d\u0430 \u043c\u0435\u0441\u0442\u0435 \u0432 \u043a\u043b\u0438\u043d\u0438\u043a\u0435 Med4U \u00dclemiste City \u041c\u044b \u043f\u0440\u0435\u0434\u043e\u0441\u0442\u0430\u0432\u0438\u043c \u0432\u0430\u043c \u0431\u043b\u0430\u043d\u043a \u0434\u043b\u044f \u0437\u0430\u043f\u043e\u043b\u043d\u0435\u043d\u0438\u044f \u0438 \u043f\u043e\u043c\u043e\u0436\u0435\u043c \u0432 \u043f\u0440\u043e\u0446\u0435\u0441\u0441\u0435 \u0435\u0433\u043e \u043e\u0444\u043e\u0440\u043c\u043b\u0435\u043d\u0438\u044f. 2. \u041f\u043e\u0434\u0430\u0442\u044c \u0437\u0430\u044f\u0432\u043b\u0435\u043d\u0438\u0435 \u0434\u0438\u0433\u0438\u0442\u0430\u043b\u044c\u043d\u043e \u0421\u043a\u0430\u0447\u0430\u0439\u0442\u0435 \u0437\u0430\u044f\u0432\u043b\u0435\u043d\u0438\u0435 \u0441 \u043d\u0430\u0448\u0435\u0433\u043e \u0441\u0430\u0439\u0442\u0430 \u043d\u0430 \u0441\u0432\u043e\u0451 \u0443\u0441\u0442\u0440\u043e\u0439\u0441\u0442\u0432\u043e, \u0437\u0430\u043f\u043e\u043b\u043d\u0438\u0442\u0435 \u0435\u0433\u043e, \u043f\u043e\u0434\u043f\u0438\u0448\u0438\u0442\u0435 \u0434\u0438\u0433\u0438\u0442\u0430\u043b\u044c\u043d\u043e \u0438 \u043e\u0442\u043f\u0440\u0430\u0432\u044c\u0442\u0435 \u043d\u0430\u043c [&hellip;]<\/p>\n","protected":false},"author":1,"featured_media":0,"parent":0,"menu_order":0,"comment_status":"closed","ping_status":"closed","template":"","meta":{"_acf_changed":false,"_monsterinsights_skip_tracking":false,"_monsterinsights_sitenote_active":false,"_monsterinsights_sitenote_note":"","_monsterinsights_sitenote_category":0,"footnotes":""},"class_list":["post-18097","page","type-page","status-publish","hentry"],"acf":[],"aioseo_notices":[],"_links":{"self":[{"href":"https:\/\/med4u.ee\/ru\/wp-json\/wp\/v2\/pages\/18097","targetHints":{"allow":["GET"]}}],"collection":[{"href":"https:\/\/med4u.ee\/ru\/wp-json\/wp\/v2\/pages"}],"about":[{"href":"https:\/\/med4u.ee\/ru\/wp-json\/wp\/v2\/types\/page"}],"author":[{"embeddable":true,"href":"https:\/\/med4u.ee\/ru\/wp-json\/wp\/v2\/users\/1"}],"replies":[{"embeddable":true,"href":"https:\/\/med4u.ee\/ru\/wp-json\/wp\/v2\/comments?post=18097"}],"version-history":[{"count":18,"href":"https:\/\/med4u.ee\/ru\/wp-json\/wp\/v2\/pages\/18097\/revisions"}],"predecessor-version":[{"id":18619,"href":"https:\/\/med4u.ee\/ru\/wp-json\/wp\/v2\/pages\/18097\/revisions\/18619"}],"wp:attachment":[{"href":"https:\/\/med4u.ee\/ru\/wp-json\/wp\/v2\/media?parent=18097"}],"curies":[{"name":"wp","href":"https:\/\/api.w.org\/{rel}","templated":true}]}}