{"id":15561,"date":"2024-06-17T09:36:00","date_gmt":"2024-06-17T06:36:00","guid":{"rendered":"https:\/\/med4u.ee\/kupsiste-poliitika\/"},"modified":"2024-06-17T09:36:19","modified_gmt":"2024-06-17T06:36:19","slug":"kupsiste-poliitika","status":"publish","type":"page","link":"https:\/\/med4u.ee\/ru\/kupsiste-poliitika\/","title":{"rendered":"K\u00fcpsiste poliitika"},"content":{"rendered":"<section class=\"wpb-content-wrapper\">[vc_row][vc_column][vc_column_text]\n<h2 style=\"text-align: center;\"><span style=\"color: #4f87fb;\">PRIVAATSUSTEADE<br \/>\nMED4U O\u00dc<\/span><\/h2>\n<p>&nbsp;<\/p>\n<p style=\"text-align: right;\">Viimati uuendatud: 17. juuni 2024<\/p>\n<p>K\u00e4esolev privaatsusteade s\u00e4testab isikuandmete t\u00f6\u00f6tlemise tingimused, millest Med4U O\u00dc (edaspidi ka \u201c<strong>Med4U\u201d<\/strong> v\u00f5i \u201c<strong>meie<\/strong>\u201d) l\u00e4htub teile (\u201c<strong>klient<\/strong>\u201d v\u00f5i \u201c<strong>teie<\/strong>\u201d) teenuste osutamisel.<\/p>\n<p>Olenevalt kliendi poolt valitud teenusest, v\u00f5ib Med4U kehtestada teenustele spetsiifilised isikuandmete t\u00f6\u00f6tlemise tingimused.<\/p>\n<h3><span style=\"color: #4f87fb;\">1. VASTUTAV T\u00d6\u00d6TLEJA<\/span><\/h3>\n<p>Teie isikuandmete vastutav t\u00f6\u00f6tleja Euroopa Liidu isikuandmete kaitse \u00fcldm\u00e4\u00e4ruse (\u201e<strong>GDPR<\/strong>\u201c) t\u00e4henduses on Med4U. Med4U on kohustatud tagama, et teie isikuandmeid t\u00f6\u00f6deldakse koosk\u00f5las privaatsusteate ja asjakohaste \u00f5igusaktidega, eelk\u00f5ige GDPR-iga ja isikuandmete kaitse seadusega.<\/p>\n<p>Vastutava t\u00f6\u00f6tleja kontaktandmed on j\u00e4rgmised:<\/p>\n<p><strong>Med4U O\u00dc<\/strong><\/p>\n<p>Registrikood: 14157538<\/p>\n<p>Aadress: Suurekivi p\u00f5ik 20b, 75312 Peetri alevik, Eesti<\/p>\n<p>E-posti aadress: med4u.clinic@gmail.com<\/p>\n<p>Telefoninumber: +372 58 974 843<\/p>\n<h3><span style=\"color: #4f87fb;\">2. MILLISEID ISIKUANDMEID ME T\u00d6\u00d6TLEME?<\/span><\/h3>\n<p>Eelk\u00f5ige t\u00f6\u00f6tleme me isikuandmeid, mille te olete ise meile edastanud teenuse broneerime v\u00f5i muul viisil meiega suhtlemise (n\u00e4iteks meie veebisaidi kaudu) k\u00e4igus.<\/p>\n<p>Kohaldatava \u00f5igusega lubatud ulatuses v\u00f5ime me koguda teie isikuandmeid p\u00f5hjendatud ulatuses ka kolmandatelt isikutelt, nt avalikest andmebaasidest ja ametiasutustelt.<\/p>\n<p>Teenuse osutamise k\u00e4igus t\u00f6\u00f6tleme eelk\u00f5ige j\u00e4rgmisi isikuandmeid:<\/p>\n<ul>\n<li><strong>\u00fcldised isikuandmed<\/strong> nagu teie ees- ja perekonnanimi, kodune aadress, e-posti aadress, telefoninumber, isikukood ja\/v\u00f5i s\u00fcnniaeg, sugu, kodakondsus, isikut t\u00f5endava dokumendi t\u00fc\u00fcp ja number (ID-kaart, pass, juhiluba, elamisluba), suhtluskeel;<\/li>\n<li><strong>broneeringu andmed <\/strong>nagu andmed teenuse osutaja, teenuse osutamise aja, teenuse osutamise koha ja teenuse osutamise sisu kohta;<\/li>\n<li><strong>ravikindlustuse andmed <\/strong>nagu andmed ravikindlustuse olemasolu kohta, suunamisega seotud andmed, \u00fcldanamneesi andmed;<\/li>\n<li><strong>terviseandmed <\/strong>nagu andmed kliendi tervisliku seisundi kohta, sh andmed, millist arsti klient on k\u00fclastanud v\u00f5i soovib k\u00fclastada; andmed kliendile osutatud teenustest ja nende teenuste raames kliendilt kogutud andmed; andmed kliendi tarvitatavate ravimite kohta; samuti teenuse osutamiseks tehtud r\u00f6ntgenpildid ja\/v\u00f5i muud kliinilised pildid. Kui tervishoiuteenuse osutamine eeldab saatekirja olemasolu, siis andmed saatekirja kohta. Terviseandmete koosseis ja ulatus, mida Med4U konkreetsel juhul t\u00f6\u00f6tleb, s\u00f5ltub peamiselt kliendi valitud teenusest, tervise infos\u00fcsteemi andmed;<\/li>\n<li><strong>makseandmed<\/strong> nagu andmed teenuse eest tasumise kohta, sh teenuse eest tasuva isiku andmed;<\/li>\n<li><strong>meie lepingulise suhtega<\/strong> <strong>seotud andmed<\/strong> nagu n\u00e4iteks p\u00e4ringute ja vastuste andmed, tagasiside meie teenuse osutamise kohta;<\/li>\n<li><strong>lepingu rikkumisega<\/strong> <strong>seotud andmed<\/strong> nagu rikkumise olemus ja aeg;<\/li>\n<li><strong>meie \u00e4risuhte k\u00e4igus ja igap\u00e4evases suhtluses ning ka meie veebisaidiga suhtlemise ja sellega kaasneva kasutamise k\u00e4igus jooksvalt kogutud andmed<\/strong> nagu teie IP-aadress, kasutatud seadmed, e-kirjad ja muud suhtlusvahendid, mis tahes kasutamisega, navigeerimisega, anal\u00fc\u00fctikaga ja logiandmetega seotud andmed meie veebisaidiga suhtlemisel ja sellega kaasamisel. Juhime t\u00e4helepanu, et selliste andmete kogumiseks v\u00f5ime kasutada ka k\u00fcpsiseid v\u00f5i sarnaseid tehnoloogiaid (\u201e<strong>k\u00fcpsised<\/strong>\u201c), mille kasutamist (sh eesm\u00e4rgid, \u00f5iguslikud alused selliseks kasutamiseks) on t\u00e4psemalt kirjeldatud k\u00e4esoleva privaatsusteate 4 punktis;<\/li>\n<li><strong>turundustegevusega seotud andmed<\/strong> nagu teave tehtud turundustegevuste, soodustuste jne kohta.<\/li>\n<\/ul>\n<p>Me v\u00f5ime t\u00e4iendavalt koguda ka muid isikuandmeid, mida te vabatahtlikult meile teenuse osutamise k\u00e4igus ja selle j\u00e4rgselt edastate.<\/p>\n<h3><span style=\"color: #4f87fb;\">3. ISIKUANDMETE T\u00d6\u00d6TLEMISE EESM\u00c4RGID JA \u00d5IGUSLIKUD ALUSED<\/span><\/h3>\n<p>S\u00f5ltuvalt konkreetsest t\u00f6\u00f6tlemistoimingust teenuse osutamise k\u00e4igus v\u00f5ime teie isikuandmeid t\u00f6\u00f6delda j\u00e4rgmistel eesm\u00e4rkidel ja \u00f5iguslikel alustel.<\/p>\n<ul>\n<li>Tervishoiuteenuse v\u00f5i terviseteenuse osutamiseks s\u00f5lmitud lepingust tulenevate kohustuste t\u00e4itmine ja\/v\u00f5i vajalike meetmete v\u00f5tmine lepingu s\u00f5lmimiseks. Sellisel juhul on isikuandmete t\u00f6\u00f6tlemise \u00f5iguslik alus andmesubjektiga s\u00f5lmitud lepingu t\u00e4itmine v\u00f5i vajalike meetmete v\u00f5tmine lepingu s\u00f5lmimiseks vastavalt andmesubjekti taotlusele (GDPR artikli 6 l\u00f5ike 1 punkt c).<\/li>\n<li>Tuginedes meie \u00f5igustatud huvile kui isikuandmete t\u00f6\u00f6tlemise \u00f5iguslikule alusele (GDPR artikli 6 l\u00f5ike 1 punkt f) j\u00e4rgmistel eesm\u00e4rkidel:\n<ul>\n<li>lepinguliste suhete haldamine;<\/li>\n<li>vajadusel \u00f5iguslike n\u00f5uete esitamiseks, menetlemiseks ja kaitsmiseks;<\/li>\n<li>klientide p\u00e4ringute, avalduste ja muu suhtluse haldamine ja nendele vastamine;<\/li>\n<li>veebisaidi parendamine ja arendamine, sealhulgas turvalisuse eesm\u00e4rkidel.<\/li>\n<\/ul>\n<\/li>\n<li>\u00d5igusaktidest tulenevate n\u00f5uete t\u00e4itmine. Nende n\u00f5uete t\u00e4itmisel on teie isikuandmete t\u00f6\u00f6tlemise \u00f5iguslikuks aluseks vastav \u00f5iguslik s\u00e4tte, mis kohustab meid vastavaid andmeid t\u00f6\u00f6tlema (vastavalt GDPR-i artikli 6 l\u00f5ike 1 punktile c). Sellised \u00f5iguslikud kohustused v\u00f5ivad tuleneda n\u00e4iteks raamatupidamise ja maksuseadustest ning tervishoiuteenuste korraldamise seadusest (nt tervishoiuteenuste kavliteedi tagamine).<\/li>\n<li>Kui olete andnud selleks n\u00f5usoleku (GDPR artikli 6 l\u00f5ike 1 punkt a), siis s\u00e4ilitame teie andmeid selleks, et tulevikus saata uudiskirju. Te v\u00f5ite n\u00f5usoleku igal ajal tagasi v\u00f5tta, v\u00f5ttes meiega \u00fchendust vastavalt privaatsusteates s\u00e4testatule.<\/li>\n<\/ul>\n<h3><span style=\"color: #4f87fb;\">4. K\u00dcPSISED<\/span><\/h3>\n<p>V\u00f5ime kasutada oma veebisaitidel ja kliendi rakenduses veebik\u00fcpsiseid ja muid sarnaseid tehnoloogiaid. K\u00fcpsised on v\u00e4ikesed infokillud, mis salvestatakse teie seadmesse. N\u00e4iteks v\u00f5imaldavad k\u00fcpsised meil meeles pidada teie tegevuste ja eelistuste kohta teavet meie veebisaidil, et kasutamine ja navigeerimine oleks efektiivsem ja kasutajas\u00f5bralikum, pakkudes teile kohandatud kogemust meie veebisaidi v\u00f5i rakenduse kasutamisel. Need k\u00fcpsised jagunevad olulisteks ja valikulisteks k\u00fcpsisteks.<\/p>\n<p>Olulised k\u00fcpsised on vajalikud meie veebisaidi korralikuks toimimiseks ja funktsioneerimiseks. Kuna need k\u00fcpsised on meie veebisaidi toimimiseks h\u00e4davajalikud ja teie n\u00f5usolek nende kasutamiseks ei ole vastavalt kehtivale \u00f5igusele vajalik, ei saa seet\u00f5ttu v\u00e4lja l\u00fclitada. Kasutame neid k\u00fcpsiseid meie \u00f5igustatud huvi alusel oma veebisaidi funktsionaalsuse s\u00e4ilitamiseks.<\/p>\n<p>Valikulised k\u00fcpsised salvestatakse teie seadmesse ainult juhul, kui annate selleks oma n\u00f5usoleku. Valikulised k\u00fcpsised ei ole veebisaidi korralikuks toimimiseks h\u00e4davajalikud, kuid n\u00e4iteks v\u00f5imaldavad need meil anal\u00fc\u00fcsida meie veebisaidi j\u00f5udlust ja disaini (nt v\u00f5imaldavad need meil n\u00e4ha, millised osad meie veebisaidist on k\u00f5ige populaarsemad, kui palju aega kasutajad iga osa peal veedavad jne). Selliste anal\u00fc\u00fctikate jaoks v\u00f5ime kasutada kolmandate osapoolte k\u00fcpsiseid, nagu (ilma piiranguteta) Google Analyticsi t\u00f6\u00f6riistu. Valikulised k\u00fcpsised v\u00f5imaldavad ka meil salvestada andmeid teie tegevuste kohta veebibrauseris (j\u00e4lgimise k\u00fcpsised). Selliseid k\u00fcpsiseid v\u00f5ib kasutada ka sihitud turunduseks. Kasutame selliseid valikulisi k\u00fcpsiseid ainult juhul, kui annate meile n\u00f5usoleku nende paigutamiseks ja kasutamiseks.<\/p>\n<p>Juhime t\u00e4helepanu, et k\u00fcpsised jagunevad kaheks kategooriaks erinevate salvestamise aegadega teie seadmes. Ajutised seansik\u00fcpsised seatakse iga kasutuskorra jaoks ja salvestatakse teie seadmesse kuni teie seadme v\u00f5i brauseri sulgemiseni. P\u00fcsivad k\u00fcpsised salvestatakse teie seadmesse p\u00e4rast veebilehitsemise l\u00f5petamist kuni nende aegumiseni v\u00f5i kustutamiseni.<\/p>\n<p>Kui soovite eemaldada v\u00f5i blokeerida siin kirjeldatud valikulisi k\u00fcpsiseid, saate oma brauseri seadeid v\u00e4rskendada. K\u00fcpsiste tagasil\u00fckkamine v\u00f5ib m\u00f5jutada teie kasutajakogemust meie veebisaidil, kuna teatud k\u00fcpsised on meie poolt hallatavate veebilehtede tomimiseks olulised.<\/p>\n<h3><span style=\"color: #4f87fb;\">5. ISIKUANDMETE EDASTAMINE JA AVALDAMINE<\/span><\/h3>\n<p>Teeme k\u00f5ik endast s\u00f5ltuva, et hoida teie isikuandmed kaitstuna ja n\u00f5uame oma t\u00f6\u00f6tajatelt ning koost\u00f6\u00f6partneritelt ranget turvalisust ja konfidentsiaalsust. Teie isikuandmetele on ligip\u00e4\u00e4s \u00fcksnes meie t\u00f6\u00f6tajatel ja koost\u00f6\u00f6partneritel, kui see on vajalik nende kindlaksm\u00e4\u00e4ratud \u00fclesannete t\u00e4itmiseks.<\/p>\n<p>Me v\u00f5ime edastada teie isikuandmeid kolmandatele isikutele j\u00e4rgmistel juhtudel ja viisidel:<\/p>\n<ul>\n<li>meie koost\u00f6\u00f6partneritele, keda kasutame oma tegevuse paremaks korraldamiseks (nt raamatupidamisteenuse v\u00f5i IT-teenuste osutajad). Sellistel juhtudel tagame, et k\u00f5ik isikud, kellele me edastame teie isikuandmeid, t\u00f6\u00f6tlevad isikuandmeid rangelt vastavalt meie juhistele, isikuandmete t\u00f6\u00f6tlemise \u00f5igusliku alusega koosk\u00f5las kohaldatavate \u00f5igusaktidega;<\/li>\n<li>avalik-\u00f5iguslikele asutustele, kui isikuandmete edastamine on vajalik, et t\u00e4ita oma seadusest tulenevaid kohustusi v\u00f5i ennetada v\u00f5i uurida v\u00f5imalikke s\u00fc\u00fctegusid; ja<\/li>\n<li>teistele kolmandatele isikutele, kui see on vajalik, et kaitsta oma vara ja \u00f5igusi v\u00f5i kaitsta end \u00f5iguslike n\u00f5uete vastu.<\/li>\n<\/ul>\n<p>Med4U v\u00f5ib edastada teie isikuandmeid Euroopa Majanduspiirkonnast v\u00e4ljapoole. Kui me seda teeme, rakendame asjakohaseid kaitsemeetmeid tagamaks, et selline edastamine oleks koosk\u00f5las kohaldatava \u00f5igusega ja turvaline. Seoses isikuandmete edastamisega riikidesse, mis ei paku andmekaitse piisavat taset, kasutame me isikuandmete edastamisel asjakohaseid kaitsemeetmeid, n\u00e4iteks kasutades isikuandmete edastamise lepingutes Euroopa Komisjoni standardseid andmekaitseklausleid. Teil on v\u00f5imalik kohaldatavate kaitsemeetmetega tutvuda, v\u00f5ttes meiega \u00fchendust punktis 1 toodud kontaktandmetel.<\/p>\n<h3><span style=\"color: #4f87fb;\">6. ISIKUANDMETE S\u00c4ILITAMINE<\/span><\/h3>\n<p>Me t\u00f6\u00f6tleme teie isikuandmeid teenuse osutamise ajal ja s\u00e4ilitame isikuandmeid nii kaua, kui see on vajalik privaatsusteates kirjeldatud konkreetsete eesm\u00e4rkide saavutamiseks v\u00f5i kohalduvate \u00f5igusaktide kohaselt n\u00f5utud. N\u00e4iteks tervishoiuteenuste korraldamise seaduse alusel s\u00e4ilitab Med4U ambulatoorse ning statsionaarse tervishoiuteenuse osutamist t\u00f5endavaid andmeid reeglina 30 aastat kliendile osutatud tervishoiuteenuse andmete kinnitamisest. Raamatupidamisseaduse alusel s\u00e4ilitame raamatupidamislikke dokumente 7 aastat alates vastava majandusaasta l\u00f5pust.<br \/>\nMed4U s\u00e4ilitab kliendiga lepingu s\u00f5lmimiseks kogutud andmeid, mille pikem s\u00e4ilitamist\u00e4htaeg ei tulene kehtivast \u00f5igusest, \u00fcldreeglina seni, kuni neid on vaja lepingu t\u00e4itmisega seoses lepingu kehtivuse jooksul v\u00f5i kuni 10 aastat alates lepingu l\u00f5ppemisest tulenevalt maksimaalsest aegumist\u00e4htajast tahtliku rikkumise korral.<br \/>\nKui teie isikuandmete s\u00e4ilitamine ei ole enam \u00f5igusaktide alusel n\u00f5utud ega nende s\u00e4ilitamise eesm\u00e4rgi saavutamiseks vajalik, kustutame me teie isikuandmed j\u00e4\u00e4davalt v\u00f5i muudame need anon\u00fc\u00fcmseks, kui te ei ole meile andnud vastupidiseid juhiseid ja me ei ole s\u00f5lminud kokkulepet andmete pikemaajaliseks s\u00e4ilitamiseks.<\/p>\n<h3><span style=\"color: #4f87fb;\">7. TEIE KUI ANDMESUBJEKTI \u00d5IGUSED<\/span><\/h3>\n<p>Teil kui andmesubjektil on j\u00e4rgmised \u00f5igused, vastavalt kohalduvatele isikuandmete kaitset puudutavatele \u00f5igusaktidele ja arvestades nendest \u00f5igusaktidest tulenevaid piiranguid nende \u00f5iguste teostamisel:<br \/>\n&#8212; \u00f5igus saada teavet ja juurdep\u00e4\u00e4su isikuandmetele, mida teie kohta t\u00f6\u00f6deldakse;<br \/>\n&#8212; \u00f5igus isikuandmete parandamisele juhul, kui t\u00f6\u00f6deldavad isikuandmed on eba\u00f5iged;<br \/>\n&#8212; \u00f5igus n\u00f5uda isikuandmete kustutamist, v.a. juhul, kui me v\u00f5ime sellest \u00f5igusp\u00e4raselt keelduda (st juhul, kui meil on andmete j\u00e4tkuvaks t\u00f6\u00f6tlemiseks \u00f5iguslik alus);<br \/>\n&#8212; \u00f5igus n\u00f5uda isikuandmete t\u00f6\u00f6tlemise piiramist ja esitada vastuv\u00e4iteid oma isikuandmete t\u00f6\u00f6tlemisele;<br \/>\n&#8212; \u00f5igus isikuandmete \u00fclekandmisele, kui t\u00f6\u00f6tlemise \u00f5iguslik alus on teie n\u00f5usolek v\u00f5i meie vahel s\u00f5lmitud leping;<br \/>\n&#8212; \u00f5igus taotleda \u00f5igusaktidega etten\u00e4htud ulatuses teavet meie \u00f5igustatud huvi kohta ja selle kohta, miks me leiame, et meie \u00f5igustatud huvi kaalub \u00fcles teie kui andmesubjekti \u00f5igused ning huvid. See kohaldub juhul, kui isikuandmete t\u00f6\u00f6tlemise \u00f5iguslik alus on meie \u00f5igustatud huvi; ja<br \/>\n&#8212; \u00f5igus isikuandmete t\u00f6\u00f6tlemiseks antud n\u00f5usolek igal ajal tagasi v\u00f5tta, kui isikuandmete t\u00f6\u00f6tlemine p\u00f5hineb n\u00f5usolekul. Palume arvestada, et n\u00f5usoleku tagasiv\u00f5tmine ei m\u00f5juta enne tagasiv\u00f5tmist n\u00f5usoleku alusel toimunud isikuandmete t\u00f6\u00f6tlemise seaduslikkust.<br \/>\nOma \u00f5iguste kasutamiseks v\u00f5i k\u00fcsimuste korral v\u00f5tke palun meiega \u00fchendust k\u00e4esoleva privaatsusteate punktis 1 toodud kontaktandmetel. Julgustame teid meiega \u00fchendust v\u00f5tma ka juhul, kui leiate, et oleme teie isikuandmeid t\u00f6\u00f6delnud vastuolus kohaldatava \u00f5igusega. Samuti on teil \u00f5igus p\u00f6\u00f6rduda kohtu poole v\u00f5i esitada kaebus Andmekaitse Inspektsioonile (e-post: info@aki.ee; veeb: www.aki.ee).<\/p>\n<h3><span style=\"color: #4f87fb;\">8. TURVALISUS<\/span><\/h3>\n<p>Me kasutame asjakohaseid turvameetmeid (sealhulgas f\u00fc\u00fcsilisi, elektroonilisi ja organisatsioonilisi) teie isikuandmete kaitsmiseks kaotsimineku, h\u00e4vimise, v\u00e4\u00e4rkasutamise ning loata juurdep\u00e4\u00e4su v\u00f5i avaldamise eest. Palume siiski arvestada, et kuigi me p\u00fc\u00fcame isikuandmete turvalisust asjakohaste meetmetega kaitsta, ei v\u00e4lista \u00fckski turvameetmete s\u00fcsteem t\u00e4ielikult k\u00f5iki v\u00f5imalikke turvariske.<\/p>\n<h3><span style=\"color: #4f87fb;\">9. PRIVAATSUSTEATE MUUTMINE<\/span><\/h3>\n<p>K\u00e4esolev privaatsusteade v\u00f5ib aeg-ajalt muutuda. Kui me teeme privaatsusteates sisulisi muudatusi, teavitame me teid sellest teie poolt v\u00e4rbamisprotsessis edastatud e-posti aadressi kaudu, samuti teeme uuendatud teate k\u00e4ttesaadavaks oma veebilehel. Viimati uuendati privaatsusteadet eespool m\u00e4rgitud \u201eViimati uuendatud\u201c kuup\u00e4eval.[\/vc_column_text][vc_empty_space][\/vc_column][\/vc_row]\n<\/section>","protected":false},"excerpt":{"rendered":"<p>[vc_row][vc_column][vc_column_text] PRIVAATSUSTEADE MED4U O\u00dc &nbsp; Viimati uuendatud: 17. juuni 2024 K\u00e4esolev privaatsusteade s\u00e4testab isikuandmete t\u00f6\u00f6tlemise tingimused, millest Med4U O\u00dc (edaspidi ka \u201cMed4U\u201d v\u00f5i \u201cmeie\u201d) l\u00e4htub teile (\u201cklient\u201d v\u00f5i \u201cteie\u201d) teenuste osutamisel. Olenevalt kliendi poolt valitud teenusest, v\u00f5ib Med4U kehtestada teenustele spetsiifilised isikuandmete t\u00f6\u00f6tlemise tingimused. 1. VASTUTAV T\u00d6\u00d6TLEJA Teie isikuandmete vastutav t\u00f6\u00f6tleja Euroopa Liidu isikuandmete kaitse [&hellip;]<\/p>\n","protected":false},"author":1,"featured_media":0,"parent":0,"menu_order":0,"comment_status":"closed","ping_status":"closed","template":"","meta":{"_acf_changed":false,"_monsterinsights_skip_tracking":false,"_monsterinsights_sitenote_active":false,"_monsterinsights_sitenote_note":"","_monsterinsights_sitenote_category":0,"footnotes":""},"class_list":["post-15561","page","type-page","status-publish","hentry"],"acf":[],"aioseo_notices":[],"_links":{"self":[{"href":"https:\/\/med4u.ee\/ru\/wp-json\/wp\/v2\/pages\/15561","targetHints":{"allow":["GET"]}}],"collection":[{"href":"https:\/\/med4u.ee\/ru\/wp-json\/wp\/v2\/pages"}],"about":[{"href":"https:\/\/med4u.ee\/ru\/wp-json\/wp\/v2\/types\/page"}],"author":[{"embeddable":true,"href":"https:\/\/med4u.ee\/ru\/wp-json\/wp\/v2\/users\/1"}],"replies":[{"embeddable":true,"href":"https:\/\/med4u.ee\/ru\/wp-json\/wp\/v2\/comments?post=15561"}],"version-history":[{"count":1,"href":"https:\/\/med4u.ee\/ru\/wp-json\/wp\/v2\/pages\/15561\/revisions"}],"predecessor-version":[{"id":15564,"href":"https:\/\/med4u.ee\/ru\/wp-json\/wp\/v2\/pages\/15561\/revisions\/15564"}],"wp:attachment":[{"href":"https:\/\/med4u.ee\/ru\/wp-json\/wp\/v2\/media?parent=15561"}],"curies":[{"name":"wp","href":"https:\/\/api.w.org\/{rel}","templated":true}]}}