{"id":17674,"date":"2024-11-13T13:41:26","date_gmt":"2024-11-13T11:41:26","guid":{"rendered":"https:\/\/med4u.ee\/kinkekaart\/"},"modified":"2025-06-04T14:45:00","modified_gmt":"2025-06-04T11:45:00","slug":"kinkekaart","status":"publish","type":"page","link":"https:\/\/med4u.ee\/fi\/kinkekaart\/","title":{"rendered":"Lahjakortti"},"content":{"rendered":"<section class=\"wpb-content-wrapper\">[vc_row][vc_column][vc_column_text]\n<h2 style=\"text-align: center;\"><span style=\"color: #4f87fb;\"><strong>Meid\u00e4n lahjakorttiamme voi k\u00e4ytt\u00e4\u00e4<br \/>\nkaikissa meid\u00e4n keskuksissamme:<\/strong><\/span><\/h2>\n[\/vc_column_text][vc_empty_space height=&#8221;50px&#8221;][\/vc_column][\/vc_row][vc_row thsn-bg-image-position=&#8221;center-center&#8221;][vc_column thsn-bg-image-position=&#8221;center-center&#8221; width=&#8221;1\/4&#8243;][\/vc_column][vc_column width=&#8221;1\/2&#8243;]<div  class=\"thsn-single-image-w thsn-single-hover-yes  thsn-small-text-pos-bottom\"><img loading=\"lazy\" decoding=\"async\" width=\"2560\" height=\"1839\" src=\"https:\/\/med4u.ee\/wp-content\/uploads\/2024\/11\/Gift-card-1-scaled.webp\" class=\"thsn_vc_single_image-img attachment-full\" alt=\"\" title=\"Gift-card-1\" srcset=\"https:\/\/med4u.ee\/wp-content\/uploads\/2024\/11\/Gift-card-1-scaled.webp 2560w, https:\/\/med4u.ee\/wp-content\/uploads\/2024\/11\/Gift-card-1-300x215.webp 300w, https:\/\/med4u.ee\/wp-content\/uploads\/2024\/11\/Gift-card-1-1024x735.webp 1024w, https:\/\/med4u.ee\/wp-content\/uploads\/2024\/11\/Gift-card-1-768x552.webp 768w, https:\/\/med4u.ee\/wp-content\/uploads\/2024\/11\/Gift-card-1-1536x1103.webp 1536w, https:\/\/med4u.ee\/wp-content\/uploads\/2024\/11\/Gift-card-1-2048x1471.webp 2048w, https:\/\/med4u.ee\/wp-content\/uploads\/2024\/11\/Gift-card-1-770x553.webp 770w\" sizes=\"auto, (max-width: 2560px) 100vw, 2560px\" data-id=\"17650\" \/><\/div>[vc_empty_space height=&#8221;50px&#8221;][\/vc_column][vc_column width=&#8221;1\/4&#8243;][\/vc_column][\/vc_row][vc_row][vc_column][vc_row_inner gap=&#8221;30&#8243;][vc_column_inner width=&#8221;1\/2&#8243; css=&#8221;.vc_custom_1724322961928{border-top-width: 2px !important;border-right-width: 2px !important;border-bottom-width: 2px !important;border-left-width: 2px !important;padding-top: 30px !important;padding-right: 15px !important;padding-left: 15px !important;border-left-color: #4f87fb !important;border-left-style: solid !important;border-right-color: #4f87fb !important;border-right-style: solid !important;border-top-color: #4f87fb !important;border-top-style: solid !important;border-bottom-color: #4f87fb !important;border-bottom-style: solid !important;border-radius: 5px !important;}&#8221;][vc_column_text]\n<h5 style=\"text-align: center;\"><a title=\"Med4U \u00dclemiste City\" href=\"https:\/\/med4u.ee\/fi\/med4u-ulemiste-city\/\" target=\"_blank\" rel=\"noopener\"><span style=\"color: #4f87fb;\"><strong>MED4U \u00dcLEMISTE CITY<\/strong><\/span><\/a><\/h5>\n[\/vc_column_text][\/vc_column_inner][vc_column_inner width=&#8221;1\/2&#8243; css=&#8221;.vc_custom_1724321564715{border-top-width: 2px !important;border-right-width: 2px !important;border-bottom-width: 2px !important;border-left-width: 2px !important;padding-top: 30px !important;padding-right: 15px !important;padding-left: 15px !important;border-left-color: #4f87fb !important;border-left-style: solid !important;border-right-color: #4f87fb !important;border-right-style: solid !important;border-top-color: #4f87fb !important;border-top-style: solid !important;border-bottom-color: #4f87fb !important;border-bottom-style: solid !important;border-radius: 5px !important;}&#8221;][vc_column_text]\n<h5 style=\"text-align: center;\"><a title=\"Med4U Narva\" href=\"https:\/\/med4u.ee\/fi\/med4u-narva\/\" target=\"_blank\" rel=\"noopener\"><span style=\"color: #4f87fb;\"><strong>MED4U NARVA<\/strong><\/span><\/a><\/h5>\n[\/vc_column_text][\/vc_column_inner][\/vc_row_inner][vc_empty_space][vc_separator color=&#8221;custom&#8221; css=&#8221;.vc_custom_1646907816513{margin-bottom: 20px !important;}&#8221; accent_color=&#8221;#f1f6fb&#8221;][vc_column_text]\n<div dir=\"auto\">\n<ul>\n<li>Med4U klinikoiden lahjakortti on suurenmoinen tapa ilahduttaa itse\u00e4si tai l\u00e4heist\u00e4si mihin tahansa juhlap\u00e4iv\u00e4\u00e4n.<\/li>\n<li>Lahjakortin ostamiseksi k\u00e4yt\u00e4 k\u00e4tev\u00e4\u00e4 tilauslomaketta tai vieraile yhdess\u00e4 klinikoistamme \u2013 voit hankkia sen henkil\u00f6kohtaisesti.<\/li>\n<li>Lomakkeen l\u00e4hett\u00e4misen j\u00e4lkeen s\u00e4hk\u00f6postiisi l\u00e4hetet\u00e4\u00e4n lahjakorttilasku, joka on maksettava.<\/li>\n<li>Maksun kuitauduttua l\u00e4het\u00e4mme sinulle lahjakortin. Se muotoillaan sinun nimeesi tai tilauslomakkeessa ilmoittamasi henkil\u00f6n nimeen.<\/li>\n<li>Korttia k\u00e4ytett\u00e4ess\u00e4 klinikoissamme on ilmoitettava etu- ja sukunimi, ja valitun palvelun perusteella kortilta v\u00e4hennet\u00e4\u00e4n koko tai osa summaa.\n<p style=\"text-align: center;\"><strong>Med4U lahjakortti \u2013 se on huolta kauneudesta ja terveydest\u00e4. Anna itsellesi ja l\u00e4heisillesi hyv\u00e4 mieli!<\/strong><\/p>\n<\/li>\n<\/ul>\n<\/div>\n[\/vc_column_text][vc_empty_space][\/vc_column][\/vc_row][vc_row gap=&#8221;20&#8243; css=&#8221;.vc_custom_1731497077873{margin-bottom: 50px !important;}&#8221;][vc_column thsn-bg-color=&#8221;light&#8221; width=&#8221;1\/2&#8243; css=&#8221;.vc_custom_1646906145975{padding-top: 40px !important;border-radius: 10px !important;}&#8221;]\n<div class=\"wpcf7 no-js\" id=\"wpcf7-f17658-o1\" lang=\"en-US\" dir=\"ltr\" data-wpcf7-id=\"17658\">\n<div class=\"screen-reader-response\"><p role=\"status\" aria-live=\"polite\" aria-atomic=\"true\"><\/p> <ul><\/ul><\/div>\n<form action=\"\/fi\/wp-json\/wp\/v2\/pages\/17674#wpcf7-f17658-o1\" method=\"post\" class=\"wpcf7-form init\" aria-label=\"Contact form\" novalidate=\"novalidate\" data-status=\"init\">\n<fieldset class=\"hidden-fields-container\"><input type=\"hidden\" name=\"_wpcf7\" value=\"17658\" \/><input type=\"hidden\" name=\"_wpcf7_version\" value=\"6.1.4\" \/><input type=\"hidden\" name=\"_wpcf7_locale\" value=\"en_US\" \/><input type=\"hidden\" name=\"_wpcf7_unit_tag\" value=\"wpcf7-f17658-o1\" \/><input type=\"hidden\" name=\"_wpcf7_container_post\" value=\"0\" \/><input type=\"hidden\" name=\"_wpcf7_posted_data_hash\" value=\"\" \/><input type=\"hidden\" name=\"_wpcf7_recaptcha_response\" value=\"\" \/>\n<\/fieldset>\n<div class=\"thsn-main-form thsn-style-2\">\n\t<div class=\"row\">\n\t\t<div class=\"col-sm-6\">\n\t\t\t<div class=\"input-group\">\n\t\t\t\t<p><span class=\"wpcf7-form-control-wrap\" data-name=\"your-name\"><input size=\"40\" maxlength=\"400\" class=\"wpcf7-form-control wpcf7-text wpcf7-validates-as-required\" aria-required=\"true\" aria-invalid=\"false\" placeholder=\"Nimi (Kaardi ostja) *\" value=\"\" type=\"text\" name=\"your-name\" \/><\/span>\n\t\t\t\t<\/p>\n\t\t\t<\/div>\n\t\t<\/div>\n\t\t<div class=\"col-sm-6\">\n\t\t\t<div class=\"input-group\">\n\t\t\t\t<p><span class=\"wpcf7-form-control-wrap\" data-name=\"PhoneNumber\"><input size=\"40\" maxlength=\"400\" class=\"wpcf7-form-control wpcf7-text wpcf7-validates-as-required\" aria-required=\"true\" aria-invalid=\"false\" placeholder=\"Mobiil (Kaardi ostja) *\" value=\"\" type=\"text\" name=\"PhoneNumber\" \/><\/span>\n\t\t\t\t<\/p>\n\t\t\t<\/div>\n\t\t<\/div>\n\t\t<div class=\"col-sm-6\">\n\t\t\t<div class=\"input-group\">\n\t\t\t\t<p><span class=\"wpcf7-form-control-wrap\" data-name=\"your-email\"><input size=\"40\" maxlength=\"400\" class=\"wpcf7-form-control wpcf7-email wpcf7-validates-as-required wpcf7-text wpcf7-validates-as-email\" aria-required=\"true\" aria-invalid=\"false\" placeholder=\"E-post (Kaardi ostja) *\" value=\"\" type=\"email\" name=\"your-email\" \/><\/span>\n\t\t\t\t<\/p>\n\t\t\t<\/div>\n\t\t<\/div>\n\t\t<div class=\"col-sm-6\">\n\t\t\t<div class=\"input-group\">\n\t\t\t\t<p><span class=\"wpcf7-form-control-wrap\" data-name=\"Subject\"><input size=\"40\" maxlength=\"400\" class=\"wpcf7-form-control wpcf7-text\" aria-invalid=\"false\" placeholder=\"Perekonnanimi (Kaardile m\u00e4rgitav)\" value=\"\" type=\"text\" name=\"Subject\" \/><\/span>\n\t\t\t\t<\/p>\n\t\t\t<\/div>\n\t\t<\/div>\n\t\t<div class=\"col-sm-12\">\n\t\t\t<div class=\"input-group input-button\">\n\t\t\t\t<p><span class=\"wpcf7-form-control-wrap\" data-name=\"services\"><select class=\"wpcf7-form-control wpcf7-select wpcf7-validates-as-required\" aria-required=\"true\" aria-invalid=\"false\" name=\"services\"><option value=\"- Vali Summa -\">- Vali Summa -<\/option><option value=\"50\">50<\/option><option value=\"100\">100<\/option><option value=\"200\">200<\/option><\/select><\/span>\n\t\t\t\t<\/p>\n\t\t\t<\/div>\n\t\t<\/div>\n\t\t<div class=\"col-sm-12\">\n\t\t\t<div class=\"input-group input-button\">\n\t\t\t\t<p><span class=\"wpcf7-form-control-wrap\" data-name=\"message\"><textarea cols=\"40\" rows=\"3\" maxlength=\"2000\" class=\"wpcf7-form-control wpcf7-textarea\" aria-invalid=\"false\" placeholder=\"S\u00f5num (suvaline)\" name=\"message\"><\/textarea><\/span>\n\t\t\t\t<\/p>\n\t\t\t<\/div>\n\t\t<\/div>\n\t\t<div class=\"col-sm-12\">\n\t\t\t<div class=\"input-group input-button\">\n\t\t\t\t<p><input class=\"wpcf7-form-control wpcf7-submit has-spinner\" type=\"submit\" value=\"Saada\" \/>\n\t\t\t\t<\/p>\n\t\t\t<\/div>\n\t\t<\/div>\n\t<\/div>\n<\/div><input type='hidden' class='wpcf7-pum' value='{\"closepopup\":false,\"closedelay\":0,\"openpopup\":false,\"openpopup_id\":0}' \/><div class=\"wpcf7-response-output\" aria-hidden=\"true\"><\/div>\n<\/form>\n<\/div>\n[\/vc_column][vc_column width=&#8221;1\/2&#8243;][vc_empty_space height=&#8221;50px&#8221;][vc_separator color=&#8221;custom&#8221; css=&#8221;.vc_custom_1646907816513{margin-bottom: 20px !important;}&#8221; accent_color=&#8221;#f1f6fb&#8221;][vc_column_text]\n<div dir=\"auto\">\n<ul>\n<li>Se on t\u00e4ydellinen lahja \u2013 saat itse p\u00e4\u00e4tt\u00e4\u00e4 lahjakortin arvon.<\/li>\n<li>Kortin voi ostaa itselleen tai antaa rakkaalle ihmiselle.<\/li>\n<li>Med4U-lahjakortti on voimassa kaikissa klinikoissamme Tallinnassa ja Narvas.<\/li>\n<li>Sill\u00e4 voi maksaa kauneushoidoista, l\u00e4\u00e4ketieteellisist\u00e4 tutkimuksista ja koneellisista kosmetologian hoidoista.<\/li>\n<li>Voit tilata kortin verkossa (s\u00e4hk\u00f6isen\u00e4 versiona) tai ostaa sen klinikalta (paperikorttina).<\/li>\n<\/ul>\n<\/div>\n[\/vc_column_text][vc_empty_space][\/vc_column][\/vc_row][vc_row thsn-bg-color=&#8221;light&#8221; thsn-bg-image-position=&#8221;center-center&#8221; thsn-bg-image-color-order=&#8221;image-over-color&#8221; full_width=&#8221;stretch_row&#8221; css=&#8221;.vc_custom_1731072133857{background-image: url(https:\/\/med4u.ee\/wp-content\/uploads\/2022\/03\/pattern-11.png?id=) !important;background-position: 0 0 !important;background-repeat: repeat !important;}&#8221;][vc_column][vc_empty_space height=&#8221;100px&#8221;][vc_separator color=&#8221;custom&#8221; css=&#8221;.vc_custom_1646907816513{margin-bottom: 20px !important;}&#8221; accent_color=&#8221;#f1f6fb&#8221;][vc_column_text]\n<div dir=\"auto\">\n<div class=\"elementor-element elementor-element-d90223d elementor-widget elementor-widget-text-editor\" data-id=\"d90223d\" data-element_type=\"widget\" data-widget_type=\"text-editor.default\">\n<div class=\"elementor-widget-container\">\n<p>\ud83c\udf3f Med4U lahjakortin voi ostaa verkosta sivustolta <a class=\"\" href=\"https:\/\/med4u.ee\/fi\/\" target=\"_new\" rel=\"noopener\" data-start=\"61\" data-end=\"89\">med4u.ee<\/a> tai <a class=\"\" href=\"https:\/\/ilu.med4u.ee\" target=\"_new\" rel=\"noopener\" data-start=\"94\" data-end=\"130\">ilu.med4u.ee<\/a>\u00a0, sek\u00e4 kaikista klinikoistamme.<\/p>\n<p>\ud83c\udf3f Verkosta tilatut lahjakortit toimitetaan joko s\u00e4hk\u00f6postitse tiedostona tai perinteisell\u00e4 postitse.<\/p>\n<p>\ud83c\udf3f Lahjakortti on voimassa 12 kuukautta ostop\u00e4iv\u00e4st\u00e4 lukien.<\/p>\n<p>\ud83c\udf3f Med4U-lahjakorttia voi k\u00e4ytt\u00e4\u00e4 kaikissa yksik\u00f6iss\u00e4mme sek\u00e4 kosmeettisiin ett\u00e4 l\u00e4\u00e4ketieteellisiin palveluihin.<\/p>\n<p>\ud83c\udf3f Lahjakorttia voi k\u00e4ytt\u00e4\u00e4 osittain ja eri palveluiden maksamiseen.<\/p>\n<p>\ud83c\udf3f Lahjakortin voi tilata my\u00f6s toisen henkil\u00f6n nimelle.<\/p>\n<p>\ud83c\udf3f Lahjakorttia ei voi vaihtaa rahaksi.<\/p>\n<\/div>\n<\/div>\n<\/div>\n[\/vc_column_text][vc_empty_space][\/vc_column][\/vc_row][vc_row][vc_column][vc_empty_space height=&#8221;50px&#8221;][\/vc_column][\/vc_row][vc_row full_width=&#8221;stretch_row&#8221; gap=&#8221;20&#8243;][vc_column width=&#8221;1\/2&#8243;][vc_row_inner][vc_column_inner css=&#8221;.vc_custom_1731071830547{margin-bottom: 20px !important;border-top-width: 2px !important;border-right-width: 2px !important;border-bottom-width: 2px !important;border-left-width: 2px !important;padding-top: 30px !important;border-left-color: #4f87fb !important;border-left-style: solid !important;border-right-color: #4f87fb !important;border-right-style: solid !important;border-top-color: #4f87fb !important;border-top-style: solid !important;border-bottom-color: #4f87fb !important;border-bottom-style: solid !important;border-radius: 5px !important;}&#8221;][vc_column_text]\n<p style=\"text-align: center;\"><a href=\"mailto:ulemiste@med4u.ee\">ulemiste@med4u.ee<\/a><br \/>\n<a href=\"tel:+37258830007\">+(372) 58830007<\/a><br \/>\nTallinn, Sepapaja 12\/1,<br \/>\nTervisemaja 2, 4 korrus<\/p>\n[\/vc_column_text][\/vc_column_inner][\/vc_row_inner][vc_tta_accordion section_title_tag=&#8221;h3&#8243; spacing=&#8221;20&#8243; c_position=&#8221;right&#8221; active_section=&#8221;5&#8243; no_fill=&#8221;true&#8221; collapsible_all=&#8221;true&#8221;][vc_tta_section title=&#8221;ASUKOHT&#8221; tab_id=&#8221;1701700190821-ed85ddf9-f4e31725526783004172785507080717280445608901728296973671172830179576217285640410561729579072747&#8243;][vc_column_text]\n<p style=\"text-align: center;\"><span style=\"letter-spacing: 0px;\">MED4U \u00dcLEMISTE CITY ASUB TALLINNAS, AADRESSIL SEPAPAJA 12\/1, 4. KORRUSEL.<\/span><\/p>\n<p>Hoone on lihtsasti leitav \u2014 see asub \u00dclemiste piirkonnas, \u00dclemiste Keskuse l\u00e4hedal. Hoonesse sisenemine toimub pea tee poolsest k\u00fcljest, ning mugav parkla v\u00f5imaldab teil auto h\u00f5lpsasti j\u00e4tta. T\u00f5uske liftiga v\u00f5i m\u00f6\u00f6da treppi 4. korrusele \u2014 meil on hea meel teid n\u00e4ha![\/vc_column_text][\/vc_tta_section][vc_tta_section title=&#8221;PARKIMINE&#8221; tab_id=&#8221;1729154049432-4bb74696-092c1729579072747&#8243;][vc_column_text]\n<p style=\"text-align: center;\">\u00dcLEMISTE TERVISEMAJA 2 EES ASUB AVAR PARKLA.<br \/>\nOSA PARKLAST ON M\u00d5ELDUD SPETSIAALSELT \u00dcLEMISTE TERVISEMAJA 2 JA Med4U \u00dclemiste City K\u00dcLASTAJATELE.<\/p>\n<ul>\n<li>Parkimine \u00dclemiste Tervisemaja 2 k\u00fclastajatele <strong>spetsiaalselt m\u00e4\u00e4ratud parklas<\/strong> (p\u00f6\u00f6rake t\u00e4helepanu parkimisstendidele!!!) \u2014 <strong>2 tundi tasuta, parkimise registreerimine on kohustuslik<\/strong> <strong>\u00dclemiste Tervisemaja 2 sissep\u00e4\u00e4su juures asuva parkimisterminali kaudu.<\/strong><\/li>\n<li>Parkimine \u00dclemiste Tervisemaja 2 <strong>ees \u00fclej\u00e4\u00e4nud alal<\/strong> \u2014<strong> tasuta 2 tundi parkimiskellaga!!!<\/strong> (p\u00f6\u00f6rake t\u00e4helepanu parkimisstendidele!!!)<\/li>\n<\/ul>\n<div class=\"markdown prose w-full break-words dark:prose-invert light\">\n<p style=\"text-align: center;\"><a href=\"https:\/\/www.tallinn.ee\/et\/parkimine\" target=\"_blank\" rel=\"noopener\">PARKIMISE KOHTA SAAB L\u00c4HEMALT TEADA SIIT<\/a><\/p>\n<\/div>\n<p style=\"text-align: center;\"><a href=\"https:\/\/www.parkimine.ee\/parkimisinfo\/tallinn\/\" target=\"_blank\" rel=\"noopener\">JA SIIT<\/a><\/p>\n[\/vc_column_text]<div  class=\"thsn-single-image-w thsn-single-hover-yes  thsn-small-text-pos-bottom\"><img loading=\"lazy\" decoding=\"async\" width=\"1198\" height=\"676\" src=\"https:\/\/med4u.ee\/wp-content\/uploads\/2024\/10\/parking-ulemiste.jpg\" class=\"thsn_vc_single_image-img attachment-full\" alt=\"\" title=\"parking-ulemiste\" srcset=\"https:\/\/med4u.ee\/wp-content\/uploads\/2024\/10\/parking-ulemiste.jpg 1198w, https:\/\/med4u.ee\/wp-content\/uploads\/2024\/10\/parking-ulemiste-300x169.jpg 300w, https:\/\/med4u.ee\/wp-content\/uploads\/2024\/10\/parking-ulemiste-1024x578.jpg 1024w, https:\/\/med4u.ee\/wp-content\/uploads\/2024\/10\/parking-ulemiste-768x433.jpg 768w, https:\/\/med4u.ee\/wp-content\/uploads\/2024\/10\/parking-ulemiste-770x434.jpg 770w\" sizes=\"auto, (max-width: 1198px) 100vw, 1198px\" data-id=\"17292\" \/><div class=\"thsn-overlay\">[vc_icon icon_fontawesome=\"fa fa-info-circle\" icon_thsn_dentiq_icon=\"thsn-dentiq-icon thsn-dentiq-icon-light\" icon_sgicon=\"sgicon sgicon-WorldWide\" icon_linecons=\"vc_li vc_li-heart\" icon_monosocial=\"vc-mono vc-mono-fivehundredpx\" link=\"url:https%3A%2F%2Fmed4u.ee%2Fwp-content%2Fuploads%2F2024%2F10%2Fparking-ulemiste.jpg|||\" el_class=\"thsn-lightbox thsn-lightbox-video\"]<\/div><a href=\"https:\/\/med4u.ee\/wp-content\/uploads\/2024\/10\/parking-ulemiste.jpg\" class=\"thsn-lightbox\"><span class=\"themesion-hide\">Click Here<\/span><\/a><\/div>[\/vc_tta_section][vc_tta_section title=&#8221;LINNATRANSPORT&#8221; tab_id=&#8221;1701700315675-5a0cec05-35e11725526783004172785507080717280445608901728296973671172830179576217285640410561729579072747&#8243;][vc_column_text]\n<div class=\"flex max-w-full flex-col flex-grow\">\n<div class=\"min-h-8 text-message flex w-full flex-col items-end gap-2 whitespace-normal break-words [.text-message+&amp;]:mt-5\" dir=\"auto\" data-message-author-role=\"assistant\" data-message-id=\"2dd8ab3a-155a-4742-91c0-3e1b2c7945ed\">\n<div class=\"flex w-full flex-col gap-1 empty:hidden first:pt-[3px]\">\n<div class=\"markdown prose w-full break-words dark:prose-invert light\">\n<p style=\"text-align: center;\">MED4U \u00dcLEMISTE CITY SAAB J\u00d5UDA \u00dcHISTRANSPORDIGA:<\/p>\n<ul>\n<li><strong>Buss \u2116 7<\/strong>\u00a0\u2013 Seli-S\u00f5jam\u00e4e (peatus L\u00f5\u00f5tsa v\u00f5i Valukoja)<\/li>\n<li><strong>Buss \u2116 15<\/strong>\u00a0\u2013 Viru keskus \u2013 S\u00f5jam\u00e4e (peatus L\u00f5\u00f5tsa v\u00f5i Valukoja)<\/li>\n<li><strong>Buss \u2116 45<\/strong>\u00a0\u2013 V\u00e4ike-\u00d5ism\u00e4e \u2013 \u00dclemiste (peatus Dvigatel v\u00f5i Kaubajaama)<\/li>\n<li><strong>Buss \u2116 49<\/strong>\u00a0\u2013 Viimsi keskus \u2013 Lennujaam (peatus L\u00f5\u00f5tsa v\u00f5i Valukoja)<\/li>\n<li><strong>Buss \u2116 65<\/strong>\u00a0\u2013 Lasnam\u00e4e \u2013 Lennujaam (peatus Valukoja)<\/li>\n<li><strong>Buss \u2116 64<\/strong>\u00a0\u2013 V\u00e4ike-\u00d5ism\u00e4e \u2013 \u00dclemiste (peatus Kaubajaama)<\/li>\n<li><strong>Tramm \u2116 4<\/strong>\u00a0\u2013 Lasnam\u00e4e \u2013 Lennujaam (peatus \u00dclemiste linnak)<\/li>\n<\/ul>\n<p>&nbsp;<\/p>\n<\/div>\n<p style=\"text-align: center;\"><a href=\"https:\/\/transport.tallinn.ee\/#tallinna-linn\" target=\"_blank\" rel=\"noopener\">LINNATRANSPORDI KODULEHT<\/a><\/p>\n<\/div>\n<\/div>\n<\/div>\n[\/vc_column_text][\/vc_tta_section][\/vc_tta_accordion][vc_gmaps link=&#8221;#E-8_JTNDaWZyYW1lJTIwc3JjJTNEJTIyaHR0cHMlM0ElMkYlMkZ3d3cuZ29vZ2xlLmNvbSUyRm1hcHMlMkZlbWJlZCUzRnBiJTNEJTIxMW0xOCUyMTFtMTIlMjExbTMlMjExZDIwMjkuNzAzNjk0NTk0NTE3NCUyMTJkMjQuODAzOTExMTc3Mjc2NzUlMjEzZDU5LjQyMTMzNzUwMzY1MjQ0JTIxMm0zJTIxMWYwJTIxMmYwJTIxM2YwJTIxM20yJTIxMWkxMDI0JTIxMmk3NjglMjE0ZjEzLjElMjEzbTMlMjExbTIlMjExczB4NDY5MmViNTdiMDQ5MjVjMSUyNTNBMHhmMTNjNTU5MzM2N2JlNzMxJTIxMnNTZXBhcGFqYSUyNTIwMTIlMjUyRjElMjUyQyUyNTIwMTE0MTUlMjUyMFRhbGxpbm4lMjE1ZTAlMjEzbTIlMjExc2V0JTIxMnNlZSUyMTR2MTcyNTAwMjkyMzM0MiUyMTVtMiUyMTFzZXQlMjEyc2VlJTIyJTIwd2lkdGglM0QlMjI2MDAlMjIlMjBoZWlnaHQlM0QlMjI0NTAlMjIlMjBzdHlsZSUzRCUyMmJvcmRlciUzQTAlM0IlMjIlMjBhbGxvd2Z1bGxzY3JlZW4lM0QlMjIlMjIlMjBsb2FkaW5nJTNEJTIybGF6eSUyMiUyMHJlZmVycmVycG9saWN5JTNEJTIybm8tcmVmZXJyZXItd2hlbi1kb3duZ3JhZGUlMjIlM0UlM0MlMkZpZnJhbWUlM0UlMEE=&#8221;][vc_empty_space][\/vc_column][vc_column width=&#8221;1\/2&#8243;][vc_row_inner][vc_column_inner css=&#8221;.vc_custom_1731071863398{margin-bottom: 20px !important;border-top-width: 2px !important;border-right-width: 2px !important;border-bottom-width: 2px !important;border-left-width: 2px !important;padding-top: 30px !important;border-left-color: #4f87fb !important;border-left-style: solid !important;border-right-color: #4f87fb !important;border-right-style: solid !important;border-top-color: #4f87fb !important;border-top-style: solid !important;border-bottom-color: #4f87fb !important;border-bottom-style: solid !important;border-radius: 5px !important;}&#8221;][vc_column_text]\n<p style=\"text-align: center;\"><a href=\"mailto:narva@med4u.ee\">narva@med4u.ee<\/a><br \/>\n<a href=\"tel:+3725699305\">+(372) 5699305<\/a><br \/>\nNarva, Linda 4,<br \/>\n4 korrus<\/p>\n[\/vc_column_text][\/vc_column_inner][\/vc_row_inner][vc_tta_accordion section_title_tag=&#8221;h3&#8243; spacing=&#8221;20&#8243; c_position=&#8221;right&#8221; active_section=&#8221;5&#8243; no_fill=&#8221;true&#8221; collapsible_all=&#8221;true&#8221;][vc_tta_section title=&#8221;ASUKOHT&#8221; tab_id=&#8221;1731068946207-c2cb6e4e-f0c8&#8243;][vc_column_text]\n<p style=\"text-align: center;\">MED4U NARVA ASUB AADRESSIL: NARVA, LINDA 4, 6. KORRUS.<\/p>\n<p style=\"text-align: center;\">Mugav asukoht kesklinnas v\u00f5imaldab meieni j\u00f5uda nii \u00fchistranspordi kui ka autoga.<\/p>\n[\/vc_column_text][\/vc_tta_section][vc_tta_section title=&#8221;PARKIMINE&#8221; tab_id=&#8221;1731068946284-9649923a-b3e3&#8243;][vc_column_text]\n<p style=\"text-align: center;\"><a href=\"https:\/\/www.parkimine.ee\/parkimisinfo\/narva\/\" target=\"_blank\" rel=\"noopener\">PARKIMISE KOHTA SAAB L\u00c4HEMALT TEADA SIIT \u1405<\/a><\/p>\n[\/vc_column_text][\/vc_tta_section][vc_tta_section title=&#8221;LINNATRANSPORT&#8221; tab_id=&#8221;1731068946364-87a37467-6b39&#8243;][vc_column_text]\n<p style=\"text-align: center;\">MED4U NARVA SAAB J\u00d5UDA \u00dcHISTRANSPORDIGA:<\/p>\n<p style=\"text-align: center;\"><strong>Buss \u2116 31<\/strong>\u00a0\u2013 Narva-Tammiku \u2013 Narva, Rahu (peatus Linda 4)<br \/>\n<strong>Buss \u2116 32<\/strong>\u00a0\u2013 Narva-J\u00f5esuu \u2013 Narva, Rahu (peatus Linda 4)<\/p>\n<p style=\"text-align: center;\">Need bussid l\u00e4bivad linna keskosa ja neil on peatused Linda 4 l\u00e4heduses.<\/p>\n<p style=\"text-align: center;\"><a class=\"__mPS2id\" href=\"https:\/\/narva.pilet.ee\/timetables\" target=\"_blank\" rel=\"noopener\">LINNATRANSPORDI KODULEHT \u1405<\/a><\/p>\n[\/vc_column_text][\/vc_tta_section][\/vc_tta_accordion][vc_gmaps link=&#8221;#E-8_JTNDaWZyYW1lJTIwc3JjJTNEJTIyaHR0cHMlM0ElMkYlMkZ3d3cuZ29vZ2xlLmNvbSUyRm1hcHMlMkZlbWJlZCUzRnBiJTNEJTIxMW0xOCUyMTFtMTIlMjExbTMlMjExZDIwMzIuNTI5MzU0MzExNjA5NSUyMTJkMjguMTg3NjQxOTc3Mjc0MjIlMjEzZDU5LjM3NDE5MzUwNzQyODYyJTIxMm0zJTIxMWYwJTIxMmYwJTIxM2YwJTIxM20yJTIxMWkxMDI0JTIxMmk3NjglMjE0ZjEzLjElMjEzbTMlMjExbTIlMjExczB4NDY5NDQ4MjZhNTdlMGU0NyUyNTNBMHg1OWM2ODkwOWE2ZTA1MzNlJTIxMnNMaW5kYSUyNTIwNCUyNTJDJTI1MjAyMDMwOSUyNTIwTmFydmElMjE1ZTAlMjEzbTIlMjExc2V0JTIxMnNlZSUyMTR2MTcyNTAwMjgzNTA2MyUyMTVtMiUyMTFzZXQlMjEyc2VlJTIyJTIwd2lkdGglM0QlMjI2MDAlMjIlMjBoZWlnaHQlM0QlMjI0NTAlMjIlMjBzdHlsZSUzRCUyMmJvcmRlciUzQTAlM0IlMjIlMjBhbGxvd2Z1bGxzY3JlZW4lM0QlMjIlMjIlMjBsb2FkaW5nJTNEJTIybGF6eSUyMiUyMHJlZmVycmVycG9saWN5JTNEJTIybm8tcmVmZXJyZXItd2hlbi1kb3duZ3JhZGUlMjIlM0UlM0MlMkZpZnJhbWUlM0UlMEE=&#8221;][vc_empty_space][\/vc_column][\/vc_row][vc_row][vc_column][vc_empty_space height=&#8221;50px&#8221;][\/vc_column][\/vc_row]\n<\/section>","protected":false},"excerpt":{"rendered":"<p>[vc_row][vc_column][vc_column_text] Meid\u00e4n lahjakorttiamme voi k\u00e4ytt\u00e4\u00e4 kaikissa meid\u00e4n keskuksissamme: [\/vc_column_text][vc_empty_space height=&#8221;50px&#8221;][\/vc_column][\/vc_row][vc_row thsn-bg-image-position=&#8221;center-center&#8221;][vc_column thsn-bg-image-position=&#8221;center-center&#8221; width=&#8221;1\/4&#8243;][\/vc_column][vc_column width=&#8221;1\/2&#8243;][vc_empty_space height=&#8221;50px&#8221;][\/vc_column][vc_column width=&#8221;1\/4&#8243;][\/vc_column][\/vc_row][vc_row][vc_column][vc_row_inner gap=&#8221;30&#8243;][vc_column_inner width=&#8221;1\/2&#8243; css=&#8221;.vc_custom_1724322961928{border-top-width: 2px !important;border-right-width: 2px !important;border-bottom-width: 2px !important;border-left-width: 2px !important;padding-top: 30px !important;padding-right: 15px !important;padding-left: 15px !important;border-left-color: #4f87fb !important;border-left-style: solid !important;border-right-color: #4f87fb !important;border-right-style: solid !important;border-top-color: #4f87fb !important;border-top-style: solid !important;border-bottom-color: #4f87fb !important;border-bottom-style: solid !important;border-radius: 5px !important;}&#8221;][vc_column_text] MED4U \u00dcLEMISTE CITY [\/vc_column_text][\/vc_column_inner][vc_column_inner [&hellip;]<\/p>\n","protected":false},"author":1,"featured_media":0,"parent":0,"menu_order":0,"comment_status":"closed","ping_status":"closed","template":"","meta":{"_acf_changed":false,"_monsterinsights_skip_tracking":false,"_monsterinsights_sitenote_active":false,"_monsterinsights_sitenote_note":"","_monsterinsights_sitenote_category":0,"footnotes":""},"class_list":["post-17674","page","type-page","status-publish","hentry"],"acf":[],"aioseo_notices":[],"_links":{"self":[{"href":"https:\/\/med4u.ee\/fi\/wp-json\/wp\/v2\/pages\/17674","targetHints":{"allow":["GET"]}}],"collection":[{"href":"https:\/\/med4u.ee\/fi\/wp-json\/wp\/v2\/pages"}],"about":[{"href":"https:\/\/med4u.ee\/fi\/wp-json\/wp\/v2\/types\/page"}],"author":[{"embeddable":true,"href":"https:\/\/med4u.ee\/fi\/wp-json\/wp\/v2\/users\/1"}],"replies":[{"embeddable":true,"href":"https:\/\/med4u.ee\/fi\/wp-json\/wp\/v2\/comments?post=17674"}],"version-history":[{"count":7,"href":"https:\/\/med4u.ee\/fi\/wp-json\/wp\/v2\/pages\/17674\/revisions"}],"predecessor-version":[{"id":18251,"href":"https:\/\/med4u.ee\/fi\/wp-json\/wp\/v2\/pages\/17674\/revisions\/18251"}],"wp:attachment":[{"href":"https:\/\/med4u.ee\/fi\/wp-json\/wp\/v2\/media?parent=17674"}],"curies":[{"name":"wp","href":"https:\/\/api.w.org\/{rel}","templated":true}]}}