{"id":14557,"date":"2022-03-10T11:51:54","date_gmt":"2022-03-10T09:51:54","guid":{"rendered":"https:\/\/med4u.ee\/kontaktid\/"},"modified":"2026-05-06T14:05:51","modified_gmt":"2026-05-06T11:05:51","slug":"yhteystiedot","status":"publish","type":"page","link":"https:\/\/med4u.ee\/fi\/yhteystiedot\/","title":{"rendered":"Yhteystiedot"},"content":{"rendered":"<section class=\"wpb-content-wrapper\">[vc_row full_width=&#8221;stretch_row_content_no_spaces&#8221; gap=&#8221;20&#8243;][vc_column width=&#8221;1\/2&#8243;][vc_row_inner equal_height=&#8221;yes&#8221; content_placement=&#8221;middle&#8221;][vc_column_inner width=&#8221;1\/4&#8243;][vc_column_text]\n<p style=\"text-align: center;\"><strong>OSOITE <\/strong><br \/>\nTallinn, Narva mnt. 7,<br \/>\n2 sektsioon,<br \/>\n4 kerros,<\/p>\n[\/vc_column_text][\/vc_column_inner][vc_column_inner width=&#8221;1\/4&#8243;][vc_column_text]\n<p style=\"text-align: center;\"><strong>PUHELINNUMERO<\/strong><br \/>\n+(372) 58830007[\/vc_column_text][\/vc_column_inner][vc_column_inner width=&#8221;1\/4&#8243;][vc_column_text]\n<p style=\"text-align: center;\"><strong>TY\u00d6AIKA<\/strong><br \/>\nE-P 8.00-21.00[\/vc_column_text][\/vc_column_inner][vc_column_inner width=&#8221;1\/4&#8243;][vc_column_text]\n<p style=\"text-align: center;\"><strong>LUPA<\/strong><br \/>\nL07039<br \/>\nL07053[\/vc_column_text][\/vc_column_inner][\/vc_row_inner][vc_tta_accordion section_title_tag=&#8221;h3&#8243; spacing=&#8221;20&#8243; c_position=&#8221;right&#8221; active_section=&#8221;5&#8243; no_fill=&#8221;true&#8221; collapsible_all=&#8221;true&#8221;][vc_tta_section title=&#8221;SIJAINTI&#8221; tab_id=&#8221;1701700190821-ed85ddf9-f4e317255267830041727855070807172804456089017282969736711728301795762172856404105617285657130621729579210794&#8243;][vc_column_text]Meid\u00e4n l\u00e4\u00e4k\u00e4rikeskuksemme sijaitsee osoitteessa: Tallinna, Narva mnt 7, 2. sis\u00e4\u00e4nk\u00e4ynti, 4. kerros. Rakennus sijaitsee kaupungin keskustassa, l\u00e4hell\u00e4 Viru Keskusta, mik\u00e4 tekee siit\u00e4 helpon saavutettavan. Tulkaa sis\u00e4\u00e4n 2. sis\u00e4\u00e4nk\u00e4ynnist\u00e4 ja menk\u00e4\u00e4 hissill\u00e4 tai portaita pitkin 4. kerrokseen. Olemme iloisia toivottaessamme teid\u00e4t tervetulleiksi ja tarjoamme laadukkaita terveyspalveluja helposti saavutettavassa ja keskeisess\u00e4 paikassa![\/vc_column_text][\/vc_tta_section][vc_tta_section title=&#8221;PYS\u00c4K\u00d6INTI&#8221; tab_id=&#8221;1729156694981-06be694d-c2681729579210794&#8243;][vc_column_text]\n<p style=\"text-align: center;\"><a href=\"https:\/\/www.tallinn.ee\/en\/parking\" target=\"_blank\" rel=\"noopener\">LIS\u00c4TIETOJA PYS\u00c4K\u00d6INNIST\u00c4 L\u00d6YTYY T\u00c4\u00c4LT\u00c4<\/a><\/p>\n<p style=\"text-align: center;\"><a href=\"https:\/\/www.parkimine.ee\/en\/parking\/tallinn\/\" target=\"_blank\" rel=\"noopener\">JA T\u00c4\u00c4LT\u00c4<\/a><\/p>\n[\/vc_column_text]<div  class=\"thsn-single-image-w thsn-single-hover-yes  thsn-small-text-pos-bottom\"><img loading=\"lazy\" decoding=\"async\" width=\"1198\" height=\"676\" src=\"https:\/\/med4u.ee\/wp-content\/uploads\/2024\/10\/parking-ulemiste.jpg\" class=\"thsn_vc_single_image-img attachment-full\" alt=\"\" title=\"parking-ulemiste\" srcset=\"https:\/\/med4u.ee\/wp-content\/uploads\/2024\/10\/parking-ulemiste.jpg 1198w, https:\/\/med4u.ee\/wp-content\/uploads\/2024\/10\/parking-ulemiste-300x169.jpg 300w, https:\/\/med4u.ee\/wp-content\/uploads\/2024\/10\/parking-ulemiste-1024x578.jpg 1024w, https:\/\/med4u.ee\/wp-content\/uploads\/2024\/10\/parking-ulemiste-768x433.jpg 768w, https:\/\/med4u.ee\/wp-content\/uploads\/2024\/10\/parking-ulemiste-770x434.jpg 770w\" sizes=\"auto, (max-width: 1198px) 100vw, 1198px\" data-id=\"17292\" \/><div class=\"thsn-overlay\">[vc_icon icon_fontawesome=\"fa fa-info-circle\" icon_thsn_dentiq_icon=\"thsn-dentiq-icon thsn-dentiq-icon-light\" icon_sgicon=\"sgicon sgicon-WorldWide\" icon_linecons=\"vc_li vc_li-heart\" icon_monosocial=\"vc-mono vc-mono-fivehundredpx\" link=\"url:https%3A%2F%2Fmed4u.ee%2Fwp-content%2Fuploads%2F2024%2F10%2Fparking-ulemiste.jpg|||\" el_class=\"thsn-lightbox thsn-lightbox-video\"]<\/div><a href=\"https:\/\/med4u.ee\/wp-content\/uploads\/2024\/10\/parking-ulemiste.jpg\" class=\"thsn-lightbox\"><span class=\"themesion-hide\">Click Here<\/span><\/a><\/div>[\/vc_tta_section][vc_tta_section title=&#8221;KAUPUNKILIIKENNE&#8221; tab_id=&#8221;1701700315675-5a0cec05-35e117255267830041727855070807172804456089017282969736711728301795762172856404105617285657130621729579210794&#8243;][vc_column_text]\n<div class=\"flex max-w-full flex-col flex-grow\">\n<div class=\"min-h-8 text-message flex w-full flex-col items-end gap-2 whitespace-normal break-words [.text-message+&amp;]:mt-5\" dir=\"auto\" data-message-author-role=\"assistant\" data-message-id=\"2dd8ab3a-155a-4742-91c0-3e1b2c7945ed\">\n<div class=\"flex w-full flex-col gap-1 empty:hidden first:pt-[3px]\">\n<div class=\"markdown prose w-full break-words dark:prose-invert light\">\n<p style=\"text-align: center;\">MED4U KESKLINNAAN P\u00c4\u00c4SEE JULKISILLA KULKUV\u00c4LINEILL\u00c4:<\/p>\n<p>Bussi nro 1 \u2013 Viru keskus \u2013 Viimsi keskus (pys\u00e4kki Viru keskus)<br \/>\nBussi nro 5 \u2013 M\u00e4nniku \u2013 Metsakooli tee (pys\u00e4kki Hobujaama)<br \/>\nBussi nro 29 \u2013 Viru keskus \u2013 Priisle (pys\u00e4kki Viru keskus)<br \/>\nBussi nro 44 \u2013 Viru keskus \u2013 Gaasi (pys\u00e4kki Viru keskus)<br \/>\nBussi nro 51 \u2013 Viru keskus \u2013 Priisle (pys\u00e4kki Viru keskus)<br \/>\nBussi nro 60 \u2013 Priisle \u2013 Viru keskus (pys\u00e4kki Viru keskus)<br \/>\nBussi nro 63 \u2013 Priisle \u2013 Viru keskus (pys\u00e4kki Viru keskus)<br \/>\nRaitiovaunu nro 1 \u2013 Kopli \u2013 Kadriorg (pys\u00e4kki Hobujaama)<br \/>\nRaitiovaunu nro 2 \u2013 Kopli \u2013 Suur-Paala (pys\u00e4kki Hobujaama)<br \/>\nRaitiovaunu nro 3 \u2013 Tondi \u2013 Kadriorg (pys\u00e4kki Hobujaama)<br \/>\nRaitiovaunu nro 4 \u2013 Tondi \u2013 Suur-Paala (pys\u00e4kki Hobujaama)<\/p>\n<p style=\"text-align: center;\"><a href=\"https:\/\/transport.tallinn.ee\/#tallinna-linn\/fi\" target=\"_blank\" rel=\"noopener\">KAUPUNKILIIKENTEEN KOTISIVU<\/a><\/p>\n<p>&nbsp;<\/p>\n<\/div>\n<\/div>\n<\/div>\n<\/div>\n[\/vc_column_text][\/vc_tta_section][\/vc_tta_accordion][vc_gmaps link=&#8221;#E-8_JTNDaWZyYW1lJTIwc3JjJTNEJTIyaHR0cHMlM0ElMkYlMkZ3d3cuZ29vZ2xlLmNvbSUyRm1hcHMlMkZlbWJlZCUzRnBiJTNEJTIxMW0xOCUyMTFtMTIlMjExbTMlMjExZDIwMjguNzQ2MDY0NDIyOTE3NSUyMTJkMjQuNzU5Njk5OTAzMDA4ODYlMjEzZDU5LjQzNzMwOTYzNzk0ODQ4JTIxMm0zJTIxMWYwJTIxMmYwJTIxM2YwJTIxM20yJTIxMWkxMDI0JTIxMmk3NjglMjE0ZjEzLjElMjEzbTMlMjExbTIlMjExczB4NDY5MjkzNWIwY2VmZmNlNSUyNTNBMHg1NDZlMGNlZDRhMTdiMTEzJTIxMnNOYXJ2YSUyNTIwbW50JTI1MjA3JTI1MkMlMjUyMDEwMTU0JTI1MjBUYWxsaW5uJTIxNWUwJTIxM20yJTIxMXNydSUyMTJzZWUlMjE0djE3NzgwNjU1MzY2NjAlMjE1bTIlMjExc3J1JTIxMnNlZSUyMiUyMHdpZHRoJTNEJTIyNjAwJTIyJTIwaGVpZ2h0JTNEJTIyNDUwJTIyJTIwc3R5bGUlM0QlMjJib3JkZXIlM0EwJTNCJTIyJTIwYWxsb3dmdWxsc2NyZWVuJTNEJTIyJTIyJTIwbG9hZGluZyUzRCUyMmxhenklMjIlMjByZWZlcnJlcnBvbGljeSUzRCUyMm5vLXJlZmVycmVyLXdoZW4tZG93bmdyYWRlJTIyJTNFJTNDJTJGaWZyYW1lJTNF&#8221;][vc_empty_space][\/vc_column][vc_column width=&#8221;1\/2&#8243;][vc_row_inner equal_height=&#8221;yes&#8221; content_placement=&#8221;middle&#8221;][vc_column_inner width=&#8221;1\/4&#8243;][vc_column_text]\n<p style=\"text-align: center;\"><strong>OSOITE <\/strong><br \/>\nNarva<br \/>\nLinda 4,<br \/>\n6 k\u0435rr\u043es[\/vc_column_text][\/vc_column_inner][vc_column_inner width=&#8221;1\/4&#8243;][vc_column_text]\n<p style=\"text-align: center;\"><strong>PUHELINNUMERO<\/strong><br \/>\n+(372) 56993305[\/vc_column_text][\/vc_column_inner][vc_column_inner width=&#8221;1\/4&#8243;][vc_column_text]\n<p style=\"text-align: center;\"><strong>TY\u00d6AIKA<\/strong><br \/>\nE-P 8.00-21.00[\/vc_column_text][\/vc_column_inner][vc_column_inner width=&#8221;1\/4&#8243;][vc_column_text]\n<p style=\"text-align: center;\"><strong>LUPA<\/strong><br \/>\nL06566<br \/>\nL06796[\/vc_column_text][\/vc_column_inner][\/vc_row_inner][vc_empty_space height=&#8221;22&#8243;][vc_gmaps link=&#8221;#E-8_JTNDaWZyYW1lJTIwc3JjJTNEJTIyaHR0cHMlM0ElMkYlMkZ3d3cuZ29vZ2xlLmNvbSUyRm1hcHMlMkZlbWJlZCUzRnBiJTNEJTIxMW0xOCUyMTFtMTIlMjExbTMlMjExZDIwMzIuNTI5NTE4MDY2NTUyJTIxMmQyOC4xODc2NDE5NzcxMTUyOSUyMTNkNTkuMzc0MTkwNzc0NjM2MDQlMjEybTMlMjExZjAlMjEyZjAlMjEzZjAlMjEzbTIlMjExaTEwMjQlMjEyaTc2OCUyMTRmMTMuMSUyMTNtMyUyMTFtMiUyMTFzMHg0Njk0NDgyNmE1N2UwZTQ3JTI1M0EweDU5YzY4OTA5YTZlMDUzM2UlMjEyc0xpbmRhJTI1MjA0JTI1MkMlMjUyMDIwMzA5JTI1MjBOYXJ2YSUyMTVlMCUyMTNtMiUyMTFzcnUlMjEyc2VlJTIxNHYxNzA0OTYyNzE4NzY4JTIxNW0yJTIxMXNydSUyMTJzZWUlMjIlMjB3aWR0aCUzRCUyMjYwMCUyMiUyMGhlaWdodCUzRCUyMjQ1MCUyMiUyMHN0eWxlJTNEJTIyYm9yZGVyJTNBMCUzQiUyMiUyMGFsbG93ZnVsbHNjcmVlbiUzRCUyMiUyMiUyMGxvYWRpbmclM0QlMjJsYXp5JTIyJTIwcmVmZXJyZXJwb2xpY3klM0QlMjJuby1yZWZlcnJlci13aGVuLWRvd25ncmFkZSUyMiUzRSUzQyUyRmlmcmFtZSUzRQ==&#8221;][vc_empty_space][\/vc_column][\/vc_row][vc_row gap=&#8221;20&#8243;][vc_column width=&#8221;1\/2&#8243;][vc_separator color=&#8221;custom&#8221; css=&#8221;.vc_custom_1646907816513{margin-bottom: 20px !important;}&#8221; accent_color=&#8221;#f1f6fb&#8221;][vc_row_inner equal_height=&#8221;yes&#8221; content_placement=&#8221;middle&#8221;][vc_column_inner width=&#8221;1\/6&#8243;][vc_icon icon_fontawesome=&#8221;fas fa-user-tie&#8221;][\/vc_column_inner][vc_column_inner width=&#8221;5\/6&#8243;][vc_column_text css=&#8221;.vc_custom_1689250282079{padding-top: 5px !important;}&#8221;]<strong>Med4u O\u00dc<\/strong><br \/>\nReg. numero: 14157538[\/vc_column_text][\/vc_column_inner][\/vc_row_inner][vc_row_inner equal_height=&#8221;yes&#8221; content_placement=&#8221;middle&#8221;][vc_column_inner width=&#8221;1\/6&#8243;][vc_icon icon_fontawesome=&#8221;far fa-envelope-open&#8221;][\/vc_column_inner][vc_column_inner width=&#8221;5\/6&#8243;][vc_column_text css=&#8221;.vc_custom_1689250245000{padding-top: 5px !important;}&#8221;]<strong>S\u00e4hk\u00f6posti<\/strong><br \/>\ninfo@med4u.ee[\/vc_column_text][\/vc_column_inner][\/vc_row_inner][\/vc_column][vc_column thsn-bg-color=&#8221;light&#8221; width=&#8221;1\/2&#8243; css=&#8221;.vc_custom_1646906145975{padding-top: 40px !important;border-radius: 10px !important;}&#8221;]\n<div class=\"wpcf7 no-js\" id=\"wpcf7-f14594-o1\" lang=\"en-US\" dir=\"ltr\" data-wpcf7-id=\"14594\">\n<div class=\"screen-reader-response\"><p role=\"status\" aria-live=\"polite\" aria-atomic=\"true\"><\/p> <ul><\/ul><\/div>\n<form action=\"\/fi\/wp-json\/wp\/v2\/pages\/14557#wpcf7-f14594-o1\" method=\"post\" class=\"wpcf7-form init\" aria-label=\"Contact form\" novalidate=\"novalidate\" data-status=\"init\">\n<fieldset class=\"hidden-fields-container\"><input type=\"hidden\" name=\"_wpcf7\" value=\"14594\" \/><input type=\"hidden\" name=\"_wpcf7_version\" value=\"6.1.4\" \/><input type=\"hidden\" name=\"_wpcf7_locale\" value=\"en_US\" \/><input type=\"hidden\" name=\"_wpcf7_unit_tag\" value=\"wpcf7-f14594-o1\" \/><input type=\"hidden\" name=\"_wpcf7_container_post\" value=\"0\" \/><input type=\"hidden\" name=\"_wpcf7_posted_data_hash\" value=\"\" \/><input type=\"hidden\" name=\"_wpcf7_recaptcha_response\" value=\"\" \/>\n<\/fieldset>\n<div class=\"thsn-main-form thsn-style-2\">\n\t<div class=\"row\">\n\t\t<div class=\"col-sm-6\">\n\t\t\t<div class=\"input-group\">\n\t\t\t\t<p><span class=\"wpcf7-form-control-wrap\" data-name=\"your-name\"><input size=\"40\" maxlength=\"400\" class=\"wpcf7-form-control wpcf7-text wpcf7-validates-as-required\" aria-required=\"true\" aria-invalid=\"false\" placeholder=\"Nimi ja sukunimi *\" value=\"\" type=\"text\" name=\"your-name\" \/><\/span>\n\t\t\t\t<\/p>\n\t\t\t<\/div>\n\t\t<\/div>\n\t\t<div class=\"col-sm-6\">\n\t\t\t<div class=\"input-group\">\n\t\t\t\t<p><span class=\"wpcf7-form-control-wrap\" data-name=\"PhoneNumber\"><input size=\"40\" maxlength=\"400\" class=\"wpcf7-form-control wpcf7-text wpcf7-validates-as-required\" aria-required=\"true\" aria-invalid=\"false\" placeholder=\"Puhelinnumero *\" value=\"\" type=\"text\" name=\"PhoneNumber\" \/><\/span>\n\t\t\t\t<\/p>\n\t\t\t<\/div>\n\t\t<\/div>\n\t\t<div class=\"col-sm-6\">\n\t\t\t<div class=\"input-group\">\n\t\t\t\t<p><span class=\"wpcf7-form-control-wrap\" data-name=\"your-email\"><input size=\"40\" maxlength=\"400\" class=\"wpcf7-form-control wpcf7-email wpcf7-validates-as-required wpcf7-text wpcf7-validates-as-email\" aria-required=\"true\" aria-invalid=\"false\" placeholder=\"S\u00e4hk\u00f6posti *\" value=\"\" type=\"email\" name=\"your-email\" \/><\/span>\n\t\t\t\t<\/p>\n\t\t\t<\/div>\n\t\t<\/div>\n\t\t<div class=\"col-sm-6\">\n\t\t\t<div class=\"input-group\">\n\t\t\t\t<p><span class=\"wpcf7-form-control-wrap\" data-name=\"Subject\"><input size=\"40\" maxlength=\"400\" class=\"wpcf7-form-control wpcf7-text\" aria-invalid=\"false\" placeholder=\"Aihe\" value=\"\" type=\"text\" name=\"Subject\" \/><\/span>\n\t\t\t\t<\/p>\n\t\t\t<\/div>\n\t\t<\/div>\n\t\t<div class=\"col-sm-12\">\n\t\t\t<div class=\"input-group input-button\">\n\t\t\t\t<p><span class=\"wpcf7-form-control-wrap\" data-name=\"message\"><textarea cols=\"40\" rows=\"3\" maxlength=\"2000\" class=\"wpcf7-form-control wpcf7-textarea\" aria-invalid=\"false\" placeholder=\"Viesti\" name=\"message\"><\/textarea><\/span>\n\t\t\t\t<\/p>\n\t\t\t<\/div>\n\t\t<\/div>\n\t\t<div class=\"col-sm-12\">\n\t\t\t<div class=\"input-group input-button\">\n\t\t\t\t<p><input class=\"wpcf7-form-control wpcf7-submit has-spinner\" type=\"submit\" value=\"L\u00e4het\u00e4\" \/>\n\t\t\t\t<\/p>\n\t\t\t<\/div>\n\t\t<\/div>\n\t<\/div>\n<\/div><input type='hidden' class='wpcf7-pum' value='{\"closepopup\":false,\"closedelay\":0,\"openpopup\":false,\"openpopup_id\":0}' \/><div class=\"wpcf7-response-output\" aria-hidden=\"true\"><\/div>\n<\/form>\n<\/div>\n[\/vc_column][\/vc_row][vc_row][vc_column][vc_empty_space height=&#8221;50px&#8221;][\/vc_column][\/vc_row]\n<\/section>","protected":false},"excerpt":{"rendered":"<p>[vc_row full_width=&#8221;stretch_row_content_no_spaces&#8221; gap=&#8221;20&#8243;][vc_column width=&#8221;1\/2&#8243;][vc_row_inner equal_height=&#8221;yes&#8221; content_placement=&#8221;middle&#8221;][vc_column_inner width=&#8221;1\/4&#8243;][vc_column_text] OSOITE Tallinn, Narva mnt. 7, 2 sektsioon, 4 kerros, [\/vc_column_text][\/vc_column_inner][vc_column_inner width=&#8221;1\/4&#8243;][vc_column_text] PUHELINNUMERO +(372) 58830007[\/vc_column_text][\/vc_column_inner][vc_column_inner width=&#8221;1\/4&#8243;][vc_column_text] TY\u00d6AIKA E-P 8.00-21.00[\/vc_column_text][\/vc_column_inner][vc_column_inner width=&#8221;1\/4&#8243;][vc_column_text] LUPA L07039 L07053[\/vc_column_text][\/vc_column_inner][\/vc_row_inner][vc_tta_accordion section_title_tag=&#8221;h3&#8243; spacing=&#8221;20&#8243; c_position=&#8221;right&#8221; active_section=&#8221;5&#8243; no_fill=&#8221;true&#8221; collapsible_all=&#8221;true&#8221;][vc_tta_section title=&#8221;SIJAINTI&#8221; tab_id=&#8221;1701700190821-ed85ddf9-f4e317255267830041727855070807172804456089017282969736711728301795762172856404105617285657130621729579210794&#8243;][vc_column_text]Meid\u00e4n l\u00e4\u00e4k\u00e4rikeskuksemme sijaitsee osoitteessa: Tallinna, Narva mnt 7, 2. sis\u00e4\u00e4nk\u00e4ynti, 4. kerros. Rakennus sijaitsee kaupungin keskustassa, l\u00e4hell\u00e4 Viru Keskusta, [&hellip;]<\/p>\n","protected":false},"author":1,"featured_media":0,"parent":0,"menu_order":0,"comment_status":"closed","ping_status":"closed","template":"","meta":{"_acf_changed":false,"_monsterinsights_skip_tracking":false,"_monsterinsights_sitenote_active":false,"_monsterinsights_sitenote_note":"","_monsterinsights_sitenote_category":0,"footnotes":""},"class_list":["post-14557","page","type-page","status-publish","hentry"],"acf":[],"aioseo_notices":[],"_links":{"self":[{"href":"https:\/\/med4u.ee\/fi\/wp-json\/wp\/v2\/pages\/14557","targetHints":{"allow":["GET"]}}],"collection":[{"href":"https:\/\/med4u.ee\/fi\/wp-json\/wp\/v2\/pages"}],"about":[{"href":"https:\/\/med4u.ee\/fi\/wp-json\/wp\/v2\/types\/page"}],"author":[{"embeddable":true,"href":"https:\/\/med4u.ee\/fi\/wp-json\/wp\/v2\/users\/1"}],"replies":[{"embeddable":true,"href":"https:\/\/med4u.ee\/fi\/wp-json\/wp\/v2\/comments?post=14557"}],"version-history":[{"count":21,"href":"https:\/\/med4u.ee\/fi\/wp-json\/wp\/v2\/pages\/14557\/revisions"}],"predecessor-version":[{"id":18733,"href":"https:\/\/med4u.ee\/fi\/wp-json\/wp\/v2\/pages\/14557\/revisions\/18733"}],"wp:attachment":[{"href":"https:\/\/med4u.ee\/fi\/wp-json\/wp\/v2\/media?parent=14557"}],"curies":[{"name":"wp","href":"https:\/\/api.w.org\/{rel}","templated":true}]}}