{"id":18095,"date":"2025-03-25T10:33:53","date_gmt":"2025-03-25T08:33:53","guid":{"rendered":"https:\/\/med4u.ee\/registreerimine-patsiendinimekirja\/"},"modified":"2026-01-20T16:27:23","modified_gmt":"2026-01-20T14:27:23","slug":"registreerimine-patsiendinimekirja","status":"publish","type":"page","link":"https:\/\/med4u.ee\/en\/registreerimine-patsiendinimekirja\/","title":{"rendered":"Registreerimine patsiendinimekirja"},"content":{"rendered":"<section class=\"wpb-content-wrapper\">[vc_row][vc_column][vc_column_text css=&#8221;.vc_custom_1768919231614{margin-top: -50px !important;}&#8221;]<strong>Et p\u00e4\u00e4seda Med4U Perearstikeskuse patsiendinimekirja, pakume kahte v\u00f5imalust:<\/strong><\/p>\n<h4><span style=\"color: #4f87fb;\">1. T\u00e4itke avaldus kohapeal Med4U \u00dclemiste City kliinikus<br \/>\n<\/span><\/h4>\n<p>Anname teile kohapeal avalduse vormi ning aitame selle t\u00e4itmisel ja vormistamisel.<\/p>\n<h4><span style=\"color: #4f87fb;\">2. Esitage avaldus digitaalselt<\/span><\/h4>\n<p>Laadige avalduse vorm alla meie veebilehelt oma seadmesse, t\u00e4itke ja allkirjastage see digitaalselt ning saatke meile e-posti teel:<\/p>\n<ul>\n<li><strong><a href=\"mailto:perearstikeskus1@med4u.ee\">saata aadressile: <\/a> <a class=\"text-entity-link\" dir=\"auto\" href=\"mailto:perearstikeskus1@med4u.ee\" target=\"_blank\" rel=\"noopener noreferrer\" data-entity-type=\"MessageEntityEmail\">perearstikeskus1@med4u.ee<\/a><\/strong><\/li>\n<\/ul>\n<p>&nbsp;<\/p>\n<p><strong>Perearsti nimistusse vastuv\u00f5tt toimub vastavalt vabade kohtade olemasolule ja optimaalsetele nimistu suurustele, et tagada kvaliteetne ja \u00f5igeaegne arstiabi.<\/strong>[\/vc_column_text][vc_empty_space][vc_btn title=&#8221;LAADI AVALDUSE VORM ALLA&#8221; align=&#8221;center&#8221; link=&#8221;url:https%3A%2F%2Fmed4u.ee%2Fwp-content%2Fuploads%2F2024%2F09%2Favaldus_perearsti_nimistusse_registreerumiseks-1_0-2.rtf|target:_blank&#8221;][\/vc_column][\/vc_row][vc_row][vc_column][vc_empty_space height=&#8221;70px&#8221;][vc_column_text]\n<h2 style=\"text-align: center;\"><span style=\"color: #4f87fb;\"><strong>Parkmine ja transport:<\/strong>\u00a0<\/span><\/h2>\n[\/vc_column_text][vc_tta_accordion section_title_tag=&#8221;h3&#8243; spacing=&#8221;20&#8243; c_position=&#8221;right&#8221; active_section=&#8221;5&#8243; no_fill=&#8221;true&#8221; collapsible_all=&#8221;true&#8221;][vc_tta_section title=&#8221;ASUKOHT&#8221; tab_id=&#8221;1701700190821-ed85ddf9-f4e31725526783004172785507080717280445608901728296973671172830179576217285640410561742897081589&#8243;][vc_column_text]\n<p style=\"text-align: center;\"><span style=\"letter-spacing: 0px;\">Med4U \u00dclemiste City ASUB TALLINNAS, AADRESSIL SEPAPAJA 12\/1, 4. KORRUSEL.<\/span><\/p>\n<p>Hoone on lihtsasti leitav \u2014 see asub \u00dclemiste piirkonnas, \u00dclemiste Keskuse l\u00e4hedal.<\/p>\n<p>Hoonesse sisenemine toimub pea tee poolsest k\u00fcljest, ning mugav parkla v\u00f5imaldab teil auto h\u00f5lpsasti j\u00e4tta. T\u00f5uske liftiga v\u00f5i m\u00f6\u00f6da treppi 4. korrusele \u2014 meil on hea meel teid n\u00e4ha![\/vc_column_text][\/vc_tta_section][vc_tta_section title=&#8221;PARKIMINE&#8221; tab_id=&#8221;1729154049432-4bb74696-092c1742897081589&#8243;][vc_column_text]\n<p style=\"text-align: center;\">\u00dcLEMISTE TERVISEMAJA 2 EES ASUB AVAR PARKLA.<br \/>\nOSA PARKLAST ON M\u00d5ELDUD SPETSIAALSELT \u00dcLEMISTE TERVISEMAJA 2 JA Med4U \u00dclemiste City K\u00dcLASTAJATELE.<\/p>\n<ul>\n<li>Parkimine \u00dclemiste Tervisemaja 2 k\u00fclastajatele <strong>spetsiaalselt m\u00e4\u00e4ratud parklas<\/strong> (p\u00f6\u00f6rake t\u00e4helepanu parkimisstendidele!!!) \u2014 <strong>2 tundi tasuta, parkimise registreerimine on kohustuslik<\/strong> <strong>\u00dclemiste Tervisemaja 2 sissep\u00e4\u00e4su juures asuva parkimisterminali kaudu.<\/strong><\/li>\n<li>Parkimine \u00dclemiste Tervisemaja 2 <strong>ees \u00fclej\u00e4\u00e4nud alal<\/strong> \u2014<strong> tasuta 2 tundi parkimiskellaga!!!<\/strong> (p\u00f6\u00f6rake t\u00e4helepanu parkimisstendidele!!!)<\/li>\n<\/ul>\n<div class=\"markdown prose w-full break-words dark:prose-invert light\">\n<p style=\"text-align: center;\"><a href=\"https:\/\/www.tallinn.ee\/et\/parkimine\" target=\"_blank\" rel=\"noopener\">PARKIMISE KOHTA SAAB L\u00c4HEMALT TEADA SIIT<\/a><\/p>\n<\/div>\n<p style=\"text-align: center;\"><a href=\"https:\/\/www.parkimine.ee\/parkimisinfo\/tallinn\/\" target=\"_blank\" rel=\"noopener\">JA SIIT<\/a><\/p>\n[\/vc_column_text]<div  class=\"thsn-single-image-w thsn-single-hover-yes  thsn-small-text-pos-bottom\"><img loading=\"lazy\" decoding=\"async\" width=\"1198\" height=\"676\" src=\"https:\/\/med4u.ee\/wp-content\/uploads\/2024\/10\/parking-ulemiste.jpg\" class=\"thsn_vc_single_image-img attachment-full\" alt=\"\" title=\"parking-ulemiste\" srcset=\"https:\/\/med4u.ee\/wp-content\/uploads\/2024\/10\/parking-ulemiste.jpg 1198w, https:\/\/med4u.ee\/wp-content\/uploads\/2024\/10\/parking-ulemiste-300x169.jpg 300w, https:\/\/med4u.ee\/wp-content\/uploads\/2024\/10\/parking-ulemiste-1024x578.jpg 1024w, https:\/\/med4u.ee\/wp-content\/uploads\/2024\/10\/parking-ulemiste-768x433.jpg 768w, https:\/\/med4u.ee\/wp-content\/uploads\/2024\/10\/parking-ulemiste-770x434.jpg 770w\" sizes=\"auto, (max-width: 1198px) 100vw, 1198px\" data-id=\"17291\" \/><div class=\"thsn-overlay\">[vc_icon icon_fontawesome=\"fa fa-info-circle\" icon_thsn_dentiq_icon=\"thsn-dentiq-icon thsn-dentiq-icon-light\" icon_sgicon=\"sgicon sgicon-WorldWide\" icon_linecons=\"vc_li vc_li-heart\" icon_monosocial=\"vc-mono vc-mono-fivehundredpx\" link=\"url:https%3A%2F%2Fmed4u.ee%2Fwp-content%2Fuploads%2F2024%2F10%2Fparking-ulemiste.jpg|||\" el_class=\"thsn-lightbox thsn-lightbox-video\"]<\/div><a href=\"https:\/\/med4u.ee\/wp-content\/uploads\/2024\/10\/parking-ulemiste.jpg\" class=\"thsn-lightbox\"><span class=\"themesion-hide\">Click Here<\/span><\/a><\/div>[\/vc_tta_section][vc_tta_section title=&#8221;LINNATRANSPORT&#8221; tab_id=&#8221;1701700315675-5a0cec05-35e11725526783004172785507080717280445608901728296973671172830179576217285640410561742897081589&#8243;][vc_column_text]\n<div class=\"flex max-w-full flex-col flex-grow\">\n<div class=\"min-h-8 text-message flex w-full flex-col items-end gap-2 whitespace-normal break-words [.text-message+&amp;]:mt-5\" dir=\"auto\" data-message-author-role=\"assistant\" data-message-id=\"2dd8ab3a-155a-4742-91c0-3e1b2c7945ed\">\n<div class=\"flex w-full flex-col gap-1 empty:hidden first:pt-[3px]\">\n<div class=\"markdown prose w-full break-words dark:prose-invert light\">\n<p style=\"text-align: center;\">MED4U \u00dcLEMISTE CITY SAAB J\u00d5UDA \u00dcHISTRANSPORDIGA:<\/p>\n<ul>\n<li><strong>Buss \u2116 7<\/strong>\u00a0\u2013 Seli-S\u00f5jam\u00e4e (peatus L\u00f5\u00f5tsa v\u00f5i Valukoja)<\/li>\n<li><strong>Buss \u2116 15<\/strong>\u00a0\u2013 Viru keskus \u2013 S\u00f5jam\u00e4e (peatus L\u00f5\u00f5tsa v\u00f5i Valukoja)<\/li>\n<li><strong>Buss \u2116 45<\/strong>\u00a0\u2013 V\u00e4ike-\u00d5ism\u00e4e \u2013 \u00dclemiste (peatus Dvigatel v\u00f5i Kaubajaama)<\/li>\n<li><strong>Buss \u2116 49<\/strong>\u00a0\u2013 Viimsi keskus \u2013 Lennujaam (peatus L\u00f5\u00f5tsa v\u00f5i Valukoja)<\/li>\n<li><strong>Buss \u2116 65<\/strong>\u00a0\u2013 Lasnam\u00e4e \u2013 Lennujaam (peatus Valukoja)<\/li>\n<li><strong>Buss \u2116 64<\/strong>\u00a0\u2013 V\u00e4ike-\u00d5ism\u00e4e \u2013 \u00dclemiste (peatus Kaubajaama)<\/li>\n<li><strong>Tramm \u2116 4<\/strong>\u00a0\u2013 Lasnam\u00e4e \u2013 Lennujaam (peatus \u00dclemiste linnak)<\/li>\n<\/ul>\n<p>&nbsp;<\/p>\n<\/div>\n<p style=\"text-align: center;\"><a href=\"https:\/\/transport.tallinn.ee\/#tallinna-linn\" target=\"_blank\" rel=\"noopener\">LINNATRANSPORDI KODULEHT<\/a><\/p>\n<\/div>\n<\/div>\n<\/div>\n[\/vc_column_text][\/vc_tta_section][\/vc_tta_accordion][\/vc_column][\/vc_row][vc_row][vc_column][vc_empty_space][\/vc_column][\/vc_row][vc_row gap=&#8221;20&#8243;][vc_column width=&#8221;1\/2&#8243;][vc_gmaps link=&#8221;#E-8_JTNDaWZyYW1lJTIwc3JjJTNEJTIyaHR0cHMlM0ElMkYlMkZ3d3cuZ29vZ2xlLmNvbSUyRm1hcHMlMkZlbWJlZCUzRnBiJTNEJTIxMW0xOCUyMTFtMTIlMjExbTMlMjExZDIwMjkuNzAzNjk0NTk0NTE3NCUyMTJkMjQuODAzOTExMTc3Mjc2NzUlMjEzZDU5LjQyMTMzNzUwMzY1MjQ0JTIxMm0zJTIxMWYwJTIxMmYwJTIxM2YwJTIxM20yJTIxMWkxMDI0JTIxMmk3NjglMjE0ZjEzLjElMjEzbTMlMjExbTIlMjExczB4NDY5MmViNTdiMDQ5MjVjMSUyNTNBMHhmMTNjNTU5MzM2N2JlNzMxJTIxMnNTZXBhcGFqYSUyNTIwMTIlMjUyRjElMjUyQyUyNTIwMTE0MTUlMjUyMFRhbGxpbm4lMjE1ZTAlMjEzbTIlMjExc2V0JTIxMnNlZSUyMTR2MTcyNTAwMjkyMzM0MiUyMTVtMiUyMTFzZXQlMjEyc2VlJTIyJTIwd2lkdGglM0QlMjI2MDAlMjIlMjBoZWlnaHQlM0QlMjI0NTAlMjIlMjBzdHlsZSUzRCUyMmJvcmRlciUzQTAlM0IlMjIlMjBhbGxvd2Z1bGxzY3JlZW4lM0QlMjIlMjIlMjBsb2FkaW5nJTNEJTIybGF6eSUyMiUyMHJlZmVycmVycG9saWN5JTNEJTIybm8tcmVmZXJyZXItd2hlbi1kb3duZ3JhZGUlMjIlM0UlM0MlMkZpZnJhbWUlM0U=&#8221; size=&#8221;380&#8243;][vc_empty_space][\/vc_column][vc_column width=&#8221;1\/2&#8243;][vc_single_image image=&#8221;17725&#8243; img_size=&#8221;full&#8221; style=&#8221;vc_box_rounded&#8221; css_animation=&#8221;fadeInRight&#8221; css=&#8221;.vc_custom_1734265638128{margin-bottom: 0px !important;}&#8221;][vc_empty_space][\/vc_column][\/vc_row][vc_row][vc_column css_animation=&#8221;fadeInLeftBig&#8221; width=&#8221;1\/2&#8243;][vc_separator color=&#8221;custom&#8221; css=&#8221;.vc_custom_1646907816513{margin-bottom: 20px !important;}&#8221; accent_color=&#8221;#f1f6fb&#8221;][vc_row_inner equal_height=&#8221;yes&#8221; content_placement=&#8221;middle&#8221;][vc_column_inner width=&#8221;1\/6&#8243;][vc_icon icon_fontawesome=&#8221;fas fa-user-tie&#8221;][\/vc_column_inner][vc_column_inner width=&#8221;5\/6&#8243;][vc_column_text css=&#8221;.vc_custom_1728301888149{padding-top: 5px !important;}&#8221;]<strong>Med4u O\u00dc<\/strong><br \/>\nReg. number: 14157538[\/vc_column_text][\/vc_column_inner][\/vc_row_inner][vc_row_inner equal_height=&#8221;yes&#8221; content_placement=&#8221;middle&#8221;][vc_column_inner width=&#8221;1\/6&#8243;][vc_icon icon_fontawesome=&#8221;fas fa-map-pin&#8221;][\/vc_column_inner][vc_column_inner width=&#8221;5\/6&#8243;][vc_column_text css=&#8221;.vc_custom_1728564442000{padding-top: 5px !important;}&#8221;]<strong>Med4U \u00dclemiste City<\/strong><br \/>\nTallinn, Sepapaja 12\/1,<br \/>\nTervisemaja 2,<br \/>\n4 korrus[\/vc_column_text][\/vc_column_inner][\/vc_row_inner][vc_row_inner equal_height=&#8221;yes&#8221; content_placement=&#8221;middle&#8221;][vc_column_inner width=&#8221;1\/6&#8243;][vc_icon icon_fontawesome=&#8221;fas fa-info&#8221;][\/vc_column_inner][vc_column_inner width=&#8221;5\/6&#8243;][vc_column_text css=&#8221;.vc_custom_1728564460370{padding-top: 5px !important;}&#8221;]<strong>Info<\/strong><br \/>\n+(372) 58830007<br \/>\nulemiste@med4u.ee<br \/>\nTegevusluba: L07039, L07053[\/vc_column_text][\/vc_column_inner][\/vc_row_inner][\/vc_column][vc_column thsn-bg-color=&#8221;light&#8221; width=&#8221;1\/2&#8243; css=&#8221;.vc_custom_1646906145975{padding-top: 40px !important;border-radius: 10px !important;}&#8221;]\n<div class=\"wpcf7 no-js\" id=\"wpcf7-f12538-o1\" lang=\"en-US\" dir=\"ltr\" data-wpcf7-id=\"12538\">\n<div class=\"screen-reader-response\"><p role=\"status\" aria-live=\"polite\" aria-atomic=\"true\"><\/p> <ul><\/ul><\/div>\n<form action=\"\/en\/wp-json\/wp\/v2\/pages\/18095#wpcf7-f12538-o1\" method=\"post\" class=\"wpcf7-form init\" aria-label=\"Contact form\" novalidate=\"novalidate\" data-status=\"init\">\n<fieldset class=\"hidden-fields-container\"><input type=\"hidden\" name=\"_wpcf7\" value=\"12538\" \/><input type=\"hidden\" name=\"_wpcf7_version\" value=\"6.1.4\" \/><input type=\"hidden\" name=\"_wpcf7_locale\" value=\"en_US\" \/><input type=\"hidden\" name=\"_wpcf7_unit_tag\" value=\"wpcf7-f12538-o1\" \/><input type=\"hidden\" name=\"_wpcf7_container_post\" value=\"0\" \/><input type=\"hidden\" name=\"_wpcf7_posted_data_hash\" value=\"\" \/><input type=\"hidden\" name=\"_wpcf7_recaptcha_response\" value=\"\" \/>\n<\/fieldset>\n<div class=\"thsn-main-form thsn-style-2\">\n\t<div class=\"row\">\n\t\t<div class=\"col-sm-6\">\n\t\t\t<div class=\"input-group\">\n\t\t\t\t<p><span class=\"wpcf7-form-control-wrap\" data-name=\"your-name\"><input size=\"40\" maxlength=\"400\" class=\"wpcf7-form-control wpcf7-text wpcf7-validates-as-required\" aria-required=\"true\" aria-invalid=\"false\" placeholder=\"Eesnimi ja perekonnanimi *\" value=\"\" type=\"text\" name=\"your-name\" \/><\/span>\n\t\t\t\t<\/p>\n\t\t\t<\/div>\n\t\t<\/div>\n\t\t<div class=\"col-sm-6\">\n\t\t\t<div class=\"input-group\">\n\t\t\t\t<p><span class=\"wpcf7-form-control-wrap\" data-name=\"PhoneNumber\"><input size=\"40\" maxlength=\"400\" class=\"wpcf7-form-control wpcf7-text wpcf7-validates-as-required\" aria-required=\"true\" aria-invalid=\"false\" placeholder=\"Mobiil *\" value=\"\" type=\"text\" name=\"PhoneNumber\" \/><\/span>\n\t\t\t\t<\/p>\n\t\t\t<\/div>\n\t\t<\/div>\n\t\t<div class=\"col-sm-6\">\n\t\t\t<div class=\"input-group\">\n\t\t\t\t<p><span class=\"wpcf7-form-control-wrap\" data-name=\"your-email\"><input size=\"40\" maxlength=\"400\" class=\"wpcf7-form-control wpcf7-email wpcf7-validates-as-required wpcf7-text wpcf7-validates-as-email\" aria-required=\"true\" aria-invalid=\"false\" placeholder=\"E-post *\" value=\"\" type=\"email\" name=\"your-email\" \/><\/span>\n\t\t\t\t<\/p>\n\t\t\t<\/div>\n\t\t<\/div>\n\t\t<div class=\"col-sm-6\">\n\t\t\t<div class=\"input-group\">\n\t\t\t\t<p><span class=\"wpcf7-form-control-wrap\" data-name=\"Subject\"><input size=\"40\" maxlength=\"400\" class=\"wpcf7-form-control wpcf7-text\" aria-invalid=\"false\" placeholder=\"Teema\" value=\"\" type=\"text\" name=\"Subject\" \/><\/span>\n\t\t\t\t<\/p>\n\t\t\t<\/div>\n\t\t<\/div>\n\t\t<div class=\"col-sm-12\">\n\t\t\t<div class=\"input-group input-button\">\n\t\t\t\t<p><span class=\"wpcf7-form-control-wrap\" data-name=\"message\"><textarea cols=\"40\" rows=\"3\" maxlength=\"2000\" class=\"wpcf7-form-control wpcf7-textarea\" aria-invalid=\"false\" placeholder=\"S\u00f5num\" name=\"message\"><\/textarea><\/span>\n\t\t\t\t<\/p>\n\t\t\t<\/div>\n\t\t<\/div>\n\t\t<div class=\"col-sm-12\">\n\t\t\t<div class=\"input-group input-button\">\n\t\t\t\t<p><input class=\"wpcf7-form-control wpcf7-submit has-spinner\" type=\"submit\" value=\"Saada\" \/>\n\t\t\t\t<\/p>\n\t\t\t<\/div>\n\t\t<\/div>\n\t<\/div>\n<\/div><input type='hidden' class='wpcf7-pum' value='{\"closepopup\":false,\"closedelay\":0,\"openpopup\":false,\"openpopup_id\":0}' \/><div class=\"wpcf7-response-output\" aria-hidden=\"true\"><\/div>\n<\/form>\n<\/div>\n[\/vc_column][\/vc_row]\n<\/section>","protected":false},"excerpt":{"rendered":"<p>[vc_row][vc_column][vc_column_text css=&#8221;.vc_custom_1768919231614{margin-top: -50px !important;}&#8221;]Et p\u00e4\u00e4seda Med4U Perearstikeskuse patsiendinimekirja, pakume kahte v\u00f5imalust: 1. T\u00e4itke avaldus kohapeal Med4U \u00dclemiste City kliinikus Anname teile kohapeal avalduse vormi ning aitame selle t\u00e4itmisel ja vormistamisel. 2. Esitage avaldus digitaalselt Laadige avalduse vorm alla meie veebilehelt oma seadmesse, t\u00e4itke ja allkirjastage see digitaalselt ning saatke meile e-posti teel: saata aadressile: perearstikeskus1@med4u.ee [&hellip;]<\/p>\n","protected":false},"author":1,"featured_media":0,"parent":0,"menu_order":0,"comment_status":"closed","ping_status":"closed","template":"","meta":{"_acf_changed":false,"_monsterinsights_skip_tracking":false,"_monsterinsights_sitenote_active":false,"_monsterinsights_sitenote_note":"","_monsterinsights_sitenote_category":0,"footnotes":""},"class_list":["post-18095","page","type-page","status-publish","hentry"],"acf":[],"aioseo_notices":[],"_links":{"self":[{"href":"https:\/\/med4u.ee\/en\/wp-json\/wp\/v2\/pages\/18095","targetHints":{"allow":["GET"]}}],"collection":[{"href":"https:\/\/med4u.ee\/en\/wp-json\/wp\/v2\/pages"}],"about":[{"href":"https:\/\/med4u.ee\/en\/wp-json\/wp\/v2\/types\/page"}],"author":[{"embeddable":true,"href":"https:\/\/med4u.ee\/en\/wp-json\/wp\/v2\/users\/1"}],"replies":[{"embeddable":true,"href":"https:\/\/med4u.ee\/en\/wp-json\/wp\/v2\/comments?post=18095"}],"version-history":[{"count":21,"href":"https:\/\/med4u.ee\/en\/wp-json\/wp\/v2\/pages\/18095\/revisions"}],"predecessor-version":[{"id":18623,"href":"https:\/\/med4u.ee\/en\/wp-json\/wp\/v2\/pages\/18095\/revisions\/18623"}],"wp:attachment":[{"href":"https:\/\/med4u.ee\/en\/wp-json\/wp\/v2\/media?parent=18095"}],"curies":[{"name":"wp","href":"https:\/\/api.w.org\/{rel}","templated":true}]}}