{"id":17673,"date":"2024-11-13T13:41:26","date_gmt":"2024-11-13T11:41:26","guid":{"rendered":"https:\/\/med4u.ee\/kinkekaart\/"},"modified":"2025-06-04T14:41:44","modified_gmt":"2025-06-04T11:41:44","slug":"kinkekaart","status":"publish","type":"page","link":"https:\/\/med4u.ee\/en\/kinkekaart\/","title":{"rendered":"Gift Card"},"content":{"rendered":"<section class=\"wpb-content-wrapper\">[vc_row][vc_column][vc_column_text]\n<h2 style=\"text-align: center;\"><span style=\"color: #4f87fb;\"><strong>Our gift card can be used<br \/>\nat any of our centers:<\/strong><\/span><\/h2>\n[\/vc_column_text][vc_empty_space height=&#8221;50px&#8221;][\/vc_column][\/vc_row][vc_row thsn-bg-image-position=&#8221;center-center&#8221;][vc_column thsn-bg-image-position=&#8221;center-center&#8221; width=&#8221;1\/4&#8243;][\/vc_column][vc_column width=&#8221;1\/2&#8243;]<div  class=\"thsn-single-image-w thsn-single-hover-yes  thsn-small-text-pos-bottom\"><img loading=\"lazy\" decoding=\"async\" width=\"1747\" height=\"1241\" src=\"https:\/\/med4u.ee\/wp-content\/uploads\/2025\/06\/ilu.med4u.ee-1.webp\" class=\"thsn_vc_single_image-img attachment-full\" alt=\"\" title=\"ilu.med4u.ee-1\" srcset=\"https:\/\/med4u.ee\/wp-content\/uploads\/2025\/06\/ilu.med4u.ee-1.webp 1747w, https:\/\/med4u.ee\/wp-content\/uploads\/2025\/06\/ilu.med4u.ee-1-300x213.webp 300w, https:\/\/med4u.ee\/wp-content\/uploads\/2025\/06\/ilu.med4u.ee-1-1024x727.webp 1024w, https:\/\/med4u.ee\/wp-content\/uploads\/2025\/06\/ilu.med4u.ee-1-768x546.webp 768w, https:\/\/med4u.ee\/wp-content\/uploads\/2025\/06\/ilu.med4u.ee-1-1536x1091.webp 1536w, https:\/\/med4u.ee\/wp-content\/uploads\/2025\/06\/ilu.med4u.ee-1-770x547.webp 770w\" sizes=\"auto, (max-width: 1747px) 100vw, 1747px\" data-id=\"18514\" \/><\/div>[vc_empty_space height=&#8221;50px&#8221;][\/vc_column][vc_column width=&#8221;1\/4&#8243;][\/vc_column][\/vc_row][vc_row][vc_column][vc_row_inner gap=&#8221;30&#8243;][vc_column_inner width=&#8221;1\/2&#8243; css=&#8221;.vc_custom_1724322961928{border-top-width: 2px !important;border-right-width: 2px !important;border-bottom-width: 2px !important;border-left-width: 2px !important;padding-top: 30px !important;padding-right: 15px !important;padding-left: 15px !important;border-left-color: #4f87fb !important;border-left-style: solid !important;border-right-color: #4f87fb !important;border-right-style: solid !important;border-top-color: #4f87fb !important;border-top-style: solid !important;border-bottom-color: #4f87fb !important;border-bottom-style: solid !important;border-radius: 5px !important;}&#8221;][vc_column_text]\n<h5 style=\"text-align: center;\"><a title=\"Med4U \u00dclemiste City\" href=\"https:\/\/med4u.ee\/en\/med4u-ulemiste-city\/\" target=\"_blank\" rel=\"noopener\"><span style=\"color: #4f87fb;\"><strong>MED4U \u00dcLEMISTE CITY<\/strong><\/span><\/a><\/h5>\n[\/vc_column_text][\/vc_column_inner][vc_column_inner width=&#8221;1\/2&#8243; css=&#8221;.vc_custom_1724321564715{border-top-width: 2px !important;border-right-width: 2px !important;border-bottom-width: 2px !important;border-left-width: 2px !important;padding-top: 30px !important;padding-right: 15px !important;padding-left: 15px !important;border-left-color: #4f87fb !important;border-left-style: solid !important;border-right-color: #4f87fb !important;border-right-style: solid !important;border-top-color: #4f87fb !important;border-top-style: solid !important;border-bottom-color: #4f87fb !important;border-bottom-style: solid !important;border-radius: 5px !important;}&#8221;][vc_column_text]\n<h5 style=\"text-align: center;\"><a title=\"Med4U Narva\" href=\"https:\/\/med4u.ee\/en\/med4u-narva\/\" target=\"_blank\" rel=\"noopener\"><span style=\"color: #4f87fb;\"><strong>MED4U NARVA<\/strong><\/span><\/a><\/h5>\n[\/vc_column_text][\/vc_column_inner][\/vc_row_inner][vc_empty_space][vc_separator color=&#8221;custom&#8221; css=&#8221;.vc_custom_1646907816513{margin-bottom: 20px !important;}&#8221; accent_color=&#8221;#f1f6fb&#8221;][vc_column_text]\n<div dir=\"auto\">\n<ul>\n<li>The Med4U Gift Card \u2013 A Wonderful Way to Treat Yourself or a Loved One on Any Occasion!<\/li>\n<li>To purchase a gift card, use our\u00a0convenient online form\u00a0or visit\u00a0any of our clinics\u00a0to buy it in person.<\/li>\n<li>After submitting the form, you&#8217;ll receive an\u00a0invoice via email\u00a0for payment. Once paid, the gift card will be issued in\u00a0your name\u00a0or the\u00a0name of your chosen recipient.<\/li>\n<li>When using the card at our clinic, simply provide your\u00a0first and last name\u00a0\u2013 the\u00a0full amount or a partial sum\u00a0will be deducted, depending on the service selected.\n<p style=\"text-align: center;\">\ud83c\udf3f\u00a0<strong>The Med4U Gift Card \u2013 Care for Beauty and Health. Give Yourself and Your Loved Ones a Boost of Happiness!<\/strong><\/p>\n<\/li>\n<\/ul>\n<div class=\"elementor-element elementor-element-9aa7752 elementor-widget elementor-widget-text-editor\" data-id=\"9aa7752\" data-element_type=\"widget\" data-widget_type=\"text-editor.default\">\n<div class=\"elementor-widget-container\"><\/div>\n<\/div>\n<\/div>\n[\/vc_column_text][vc_empty_space][\/vc_column][\/vc_row][vc_row gap=&#8221;20&#8243; css=&#8221;.vc_custom_1731497077873{margin-bottom: 50px !important;}&#8221;][vc_column thsn-bg-color=&#8221;light&#8221; width=&#8221;1\/2&#8243; css=&#8221;.vc_custom_1646906145975{padding-top: 40px !important;border-radius: 10px !important;}&#8221;]\n<div class=\"wpcf7 no-js\" id=\"wpcf7-f17658-o1\" lang=\"en-US\" dir=\"ltr\" data-wpcf7-id=\"17658\">\n<div class=\"screen-reader-response\"><p role=\"status\" aria-live=\"polite\" aria-atomic=\"true\"><\/p> <ul><\/ul><\/div>\n<form action=\"\/en\/wp-json\/wp\/v2\/pages\/17673#wpcf7-f17658-o1\" method=\"post\" class=\"wpcf7-form init\" aria-label=\"Contact form\" novalidate=\"novalidate\" data-status=\"init\">\n<fieldset class=\"hidden-fields-container\"><input type=\"hidden\" name=\"_wpcf7\" value=\"17658\" \/><input type=\"hidden\" name=\"_wpcf7_version\" value=\"6.1.4\" \/><input type=\"hidden\" name=\"_wpcf7_locale\" value=\"en_US\" \/><input type=\"hidden\" name=\"_wpcf7_unit_tag\" value=\"wpcf7-f17658-o1\" \/><input type=\"hidden\" name=\"_wpcf7_container_post\" value=\"0\" \/><input type=\"hidden\" name=\"_wpcf7_posted_data_hash\" value=\"\" \/><input type=\"hidden\" name=\"_wpcf7_recaptcha_response\" value=\"\" \/>\n<\/fieldset>\n<div class=\"thsn-main-form thsn-style-2\">\n\t<div class=\"row\">\n\t\t<div class=\"col-sm-6\">\n\t\t\t<div class=\"input-group\">\n\t\t\t\t<p><span class=\"wpcf7-form-control-wrap\" data-name=\"your-name\"><input size=\"40\" maxlength=\"400\" class=\"wpcf7-form-control wpcf7-text wpcf7-validates-as-required\" aria-required=\"true\" aria-invalid=\"false\" placeholder=\"Nimi (Kaardi ostja) *\" value=\"\" type=\"text\" name=\"your-name\" \/><\/span>\n\t\t\t\t<\/p>\n\t\t\t<\/div>\n\t\t<\/div>\n\t\t<div class=\"col-sm-6\">\n\t\t\t<div class=\"input-group\">\n\t\t\t\t<p><span class=\"wpcf7-form-control-wrap\" data-name=\"PhoneNumber\"><input size=\"40\" maxlength=\"400\" class=\"wpcf7-form-control wpcf7-text wpcf7-validates-as-required\" aria-required=\"true\" aria-invalid=\"false\" placeholder=\"Mobiil (Kaardi ostja) *\" value=\"\" type=\"text\" name=\"PhoneNumber\" \/><\/span>\n\t\t\t\t<\/p>\n\t\t\t<\/div>\n\t\t<\/div>\n\t\t<div class=\"col-sm-6\">\n\t\t\t<div class=\"input-group\">\n\t\t\t\t<p><span class=\"wpcf7-form-control-wrap\" data-name=\"your-email\"><input size=\"40\" maxlength=\"400\" class=\"wpcf7-form-control wpcf7-email wpcf7-validates-as-required wpcf7-text wpcf7-validates-as-email\" aria-required=\"true\" aria-invalid=\"false\" placeholder=\"E-post (Kaardi ostja) *\" value=\"\" type=\"email\" name=\"your-email\" \/><\/span>\n\t\t\t\t<\/p>\n\t\t\t<\/div>\n\t\t<\/div>\n\t\t<div class=\"col-sm-6\">\n\t\t\t<div class=\"input-group\">\n\t\t\t\t<p><span class=\"wpcf7-form-control-wrap\" data-name=\"Subject\"><input size=\"40\" maxlength=\"400\" class=\"wpcf7-form-control wpcf7-text\" aria-invalid=\"false\" placeholder=\"Perekonnanimi (Kaardile m\u00e4rgitav)\" value=\"\" type=\"text\" name=\"Subject\" \/><\/span>\n\t\t\t\t<\/p>\n\t\t\t<\/div>\n\t\t<\/div>\n\t\t<div class=\"col-sm-12\">\n\t\t\t<div class=\"input-group input-button\">\n\t\t\t\t<p><span class=\"wpcf7-form-control-wrap\" data-name=\"services\"><select class=\"wpcf7-form-control wpcf7-select wpcf7-validates-as-required\" aria-required=\"true\" aria-invalid=\"false\" name=\"services\"><option value=\"- Vali Summa -\">- Vali Summa -<\/option><option value=\"50\">50<\/option><option value=\"100\">100<\/option><option value=\"200\">200<\/option><\/select><\/span>\n\t\t\t\t<\/p>\n\t\t\t<\/div>\n\t\t<\/div>\n\t\t<div class=\"col-sm-12\">\n\t\t\t<div class=\"input-group input-button\">\n\t\t\t\t<p><span class=\"wpcf7-form-control-wrap\" data-name=\"message\"><textarea cols=\"40\" rows=\"3\" maxlength=\"2000\" class=\"wpcf7-form-control wpcf7-textarea\" aria-invalid=\"false\" placeholder=\"S\u00f5num (suvaline)\" name=\"message\"><\/textarea><\/span>\n\t\t\t\t<\/p>\n\t\t\t<\/div>\n\t\t<\/div>\n\t\t<div class=\"col-sm-12\">\n\t\t\t<div class=\"input-group input-button\">\n\t\t\t\t<p><input class=\"wpcf7-form-control wpcf7-submit has-spinner\" type=\"submit\" value=\"Saada\" \/>\n\t\t\t\t<\/p>\n\t\t\t<\/div>\n\t\t<\/div>\n\t<\/div>\n<\/div><input type='hidden' class='wpcf7-pum' value='{\"closepopup\":false,\"closedelay\":0,\"openpopup\":false,\"openpopup_id\":0}' \/><div class=\"wpcf7-response-output\" aria-hidden=\"true\"><\/div>\n<\/form>\n<\/div>\n[\/vc_column][vc_column width=&#8221;1\/2&#8243;][vc_empty_space height=&#8221;50px&#8221;][vc_separator color=&#8221;custom&#8221; css=&#8221;.vc_custom_1646907816513{margin-bottom: 20px !important;}&#8221; accent_color=&#8221;#f1f6fb&#8221;][vc_column_text]\n<div dir=\"auto\">\n<ul>\n<li>This is the perfect gift \u2013 you choose the amount yourself.<\/li>\n<li>You can order a gift card for yourself or give it to someone special.<\/li>\n<li>The\u00a0Med4U gift certificate\u00a0can be used at our clinics in\u00a0Tallinn and Narva.<\/li>\n<li>It can be applied to\u00a0beauty services, medical check-ups, and aesthetic treatments.<\/li>\n<li>You can\u00a0order online\u00a0and use an\u00a0e-gift card\u00a0or\u00a0purchase in-clinic\u00a0and use a\u00a0physical version.<\/li>\n<\/ul>\n<\/div>\n[\/vc_column_text][vc_empty_space][\/vc_column][\/vc_row][vc_row thsn-bg-color=&#8221;light&#8221; thsn-bg-image-position=&#8221;center-center&#8221; thsn-bg-image-color-order=&#8221;image-over-color&#8221; full_width=&#8221;stretch_row&#8221; css=&#8221;.vc_custom_1731072133857{background-image: url(https:\/\/med4u.ee\/wp-content\/uploads\/2022\/03\/pattern-11.png?id=) !important;background-position: 0 0 !important;background-repeat: repeat !important;}&#8221;][vc_column][vc_empty_space height=&#8221;100px&#8221;][vc_separator color=&#8221;custom&#8221; css=&#8221;.vc_custom_1646907816513{margin-bottom: 20px !important;}&#8221; accent_color=&#8221;#f1f6fb&#8221;][vc_column_text]\n<div dir=\"auto\">\n<div class=\"elementor-element elementor-element-d90223d elementor-widget elementor-widget-text-editor\" data-id=\"d90223d\" data-element_type=\"widget\" data-widget_type=\"text-editor.default\">\n<div class=\"elementor-widget-container\">\n<p>\ud83c\udf3f\u00a0Med4U gift cards\u00a0can be purchased online at\u00a0med4u.ee\u00a0or\u00a0ilu.med4u.ee, or at any of our clinics.<\/p>\n<p>\ud83c\udf3f\u00a0Online-ordered gift cards\u00a0will be delivered as an\u00a0email attachment\u00a0or by\u00a0post.<\/p>\n<p>\ud83c\udf3f The\u00a0gift card is valid for 12 months\u00a0from the date of purchase.<\/p>\n<p>\ud83c\udf3f The\u00a0Med4U gift card\u00a0can be used at\u00a0any of our centers\u00a0for all types of\u00a0cosmetic and medical services.<\/p>\n<p>\ud83c\udf3f The card can be\u00a0used partially\u00a0and for\u00a0different services.<\/p>\n<p>\ud83c\udf3f The\u00a0Med4U gift card\u00a0can be\u00a0ordered in another person\u2019s name.<\/p>\n<p>\ud83c\udf3f The\u00a0gift card cannot be exchanged for cash.<\/p>\n<\/div>\n<\/div>\n<\/div>\n[\/vc_column_text][vc_empty_space][\/vc_column][\/vc_row][vc_row][vc_column][vc_empty_space height=&#8221;50px&#8221;][\/vc_column][\/vc_row][vc_row full_width=&#8221;stretch_row&#8221; gap=&#8221;20&#8243;][vc_column width=&#8221;1\/2&#8243;][vc_row_inner][vc_column_inner css=&#8221;.vc_custom_1731071830547{margin-bottom: 20px !important;border-top-width: 2px !important;border-right-width: 2px !important;border-bottom-width: 2px !important;border-left-width: 2px !important;padding-top: 30px !important;border-left-color: #4f87fb !important;border-left-style: solid !important;border-right-color: #4f87fb !important;border-right-style: solid !important;border-top-color: #4f87fb !important;border-top-style: solid !important;border-bottom-color: #4f87fb !important;border-bottom-style: solid !important;border-radius: 5px !important;}&#8221;][vc_column_text]\n<p style=\"text-align: center;\"><a href=\"mailto:ulemiste@med4u.ee\">ulemiste@med4u.ee<\/a><br \/>\n<a href=\"tel:+37258830007\">+(372) 58830007<\/a><br \/>\nTallinn, Sepapaja 12\/1,<br \/>\nTervisemaja 2, 4 floor<\/p>\n[\/vc_column_text][\/vc_column_inner][\/vc_row_inner][vc_tta_accordion section_title_tag=&#8221;h3&#8243; spacing=&#8221;20&#8243; c_position=&#8221;right&#8221; active_section=&#8221;5&#8243; no_fill=&#8221;true&#8221; collapsible_all=&#8221;true&#8221;][vc_tta_section title=&#8221;LOCATION&#8221; tab_id=&#8221;1701700190821-ed85ddf9-f4e31725526783004172785507080717280445608901728296973671172830179576217285640410561728628418425172957917063817316615898421731663658820&#8243;][vc_column_text]\n<p style=\"text-align: center;\">MED4U \u00dcLEMISTE CITY IS LOCATED IN TALLINN AT SEPAPAJA 12\/1, ON THE 4TH FLOOR.<\/p>\n<p>The building is easy to find \u2014 it is situated in the \u00dclemiste area, close to \u00dclemiste Keskus.<\/p>\n<p>The entrance to the building is on the side of the main road, and convenient parking allows you to leave your car without any issues. Take the elevator or stairs to the 4th floor \u2014 we look forward to seeing you![\/vc_column_text][\/vc_tta_section][vc_tta_section title=&#8221;PARKING&#8221; tab_id=&#8221;1729155091266-a0ebd8c2-cc92172957917063817316615898421731663658820&#8243;][vc_column_text]\n<p style=\"text-align: center;\">IN FRONT OF \u00dcLEMISTE TERVISEMAJA 2, THERE IS A SPACIOUS PARKING LOT.<br \/>\nPART OF THE PARKING IS RESERVED SPECIFICALLY FOR VISITORS OF \u00dcLEMISTE TERVISEMAJA 2, INCLUDING VISITORS OF Med4U \u00dclemiste City.<\/p>\n<ul>\n<li><strong>Visitor parking at \u00dclemiste Tervisemaja 2 on the designated parking area (pay attention to the parking signs!!!) is free for 2 hours, with mandatory registration through the parking terminal at the entrance to \u00dclemiste Tervisemaja 2.<\/strong><\/li>\n<li><strong>Parking in the rest of the area in front of \u00dclemiste Tervisemaja 2 is free for 2 hours with a parking disc!!! (pay attention to the parking signs!!!)<\/strong><\/li>\n<\/ul>\n<p style=\"text-align: center;\"><a href=\"https:\/\/www.tallinn.ee\/en\/parking\" target=\"_blank\" rel=\"noopener\">YOU CAN FIND MORE INFORMATION ABOUT PARKING HERE<\/a><\/p>\n<p style=\"text-align: center;\"><a href=\"https:\/\/www.parkimine.ee\/en\/parking\/tallinn\/\" target=\"_blank\" rel=\"noopener\">AND HERE<\/a><\/p>\n[\/vc_column_text]<div  class=\"thsn-single-image-w thsn-single-hover-yes  thsn-small-text-pos-bottom\"><img loading=\"lazy\" decoding=\"async\" width=\"1198\" height=\"676\" src=\"https:\/\/med4u.ee\/wp-content\/uploads\/2024\/10\/parking-ulemiste.jpg\" class=\"thsn_vc_single_image-img attachment-full\" alt=\"\" title=\"parking-ulemiste\" srcset=\"https:\/\/med4u.ee\/wp-content\/uploads\/2024\/10\/parking-ulemiste.jpg 1198w, https:\/\/med4u.ee\/wp-content\/uploads\/2024\/10\/parking-ulemiste-300x169.jpg 300w, https:\/\/med4u.ee\/wp-content\/uploads\/2024\/10\/parking-ulemiste-1024x578.jpg 1024w, https:\/\/med4u.ee\/wp-content\/uploads\/2024\/10\/parking-ulemiste-768x433.jpg 768w, https:\/\/med4u.ee\/wp-content\/uploads\/2024\/10\/parking-ulemiste-770x434.jpg 770w\" sizes=\"auto, (max-width: 1198px) 100vw, 1198px\" data-id=\"17291\" \/><div class=\"thsn-overlay\">[vc_icon icon_fontawesome=\"fa fa-info-circle\" icon_thsn_dentiq_icon=\"thsn-dentiq-icon thsn-dentiq-icon-light\" icon_sgicon=\"sgicon sgicon-WorldWide\" icon_linecons=\"vc_li vc_li-heart\" icon_monosocial=\"vc-mono vc-mono-fivehundredpx\" link=\"url:https%3A%2F%2Fmed4u.ee%2Fwp-content%2Fuploads%2F2024%2F10%2Fparking-ulemiste.jpg|||\" el_class=\"thsn-lightbox thsn-lightbox-video\"]<\/div><a href=\"https:\/\/med4u.ee\/wp-content\/uploads\/2024\/10\/parking-ulemiste.jpg\" class=\"thsn-lightbox\"><span class=\"themesion-hide\">Click Here<\/span><\/a><\/div>[\/vc_tta_section][vc_tta_section title=&#8221;TRANPORTATION&#8221; tab_id=&#8221;1701700315675-5a0cec05-35e11725526783004172785507080717280445608901728296973671172830179576217285640410561728628418425172957917063817316615898421731663658820&#8243;][vc_column_text]\n<div class=\"flex max-w-full flex-col flex-grow\">\n<div class=\"min-h-8 text-message flex w-full flex-col items-end gap-2 whitespace-normal break-words [.text-message+&amp;]:mt-5\" dir=\"auto\" data-message-author-role=\"assistant\" data-message-id=\"2dd8ab3a-155a-4742-91c0-3e1b2c7945ed\">\n<div class=\"flex w-full flex-col gap-1 empty:hidden first:pt-[3px]\">\n<div class=\"markdown prose w-full break-words dark:prose-invert light\">\n<p style=\"text-align: center;\">YOU CAN REACH Med4U \u00dclemiste City AND \u00dcLEMISTE TERVISEMAJA 2 BY PUBLIC TRANSPORT:<\/p>\n<ul>\n<li><strong>Bus No. 7<\/strong> \u2014 Seli-S\u00f5jam\u00e4e (stop: L\u00f5\u00f5tsa or Valukoja)<\/li>\n<li><strong>Bus No. 15<\/strong> \u2014 Viru keskus \u2014 S\u00f5jam\u00e4e (stop: L\u00f5\u00f5tsa or Valukoja)<\/li>\n<li><strong>Bus No. 45<\/strong> \u2014 V\u00e4ike-\u00d5ism\u00e4e \u2014 \u00dclemiste (stop: Dvigatel or Kaubajaama)<\/li>\n<li><strong>Bus No. 49<\/strong> \u2014 Viimsi keskus \u2014 Airport (stop: L\u00f5\u00f5tsa or Valukoja)<\/li>\n<li><strong>Bus No. 65<\/strong> \u2014 Lasnam\u00e4e \u2014 Airport (stop: Valukoja)<\/li>\n<li><strong>Bus No. 64<\/strong> \u2014 V\u00e4ike-\u00d5ism\u00e4e \u2014 \u00dclemiste (stop: Kaubajaama)<\/li>\n<li><strong>Tram No. 4<\/strong> \u2014 Lasnam\u00e4e \u2014 Airport (stop: \u00dclemiste linnak)<\/li>\n<\/ul>\n<p><a class=\"__mPS2id\" href=\"https:\/\/transport.tallinn.ee\/#tallinna-linn\/en\" target=\"_blank\" rel=\"noopener\">CITY TRANSPORT WEBSITE \u1405<\/a><\/p>\n<\/div>\n<\/div>\n<\/div>\n<\/div>\n[\/vc_column_text][\/vc_tta_section][\/vc_tta_accordion][vc_gmaps link=&#8221;#E-8_JTNDaWZyYW1lJTIwc3JjJTNEJTIyaHR0cHMlM0ElMkYlMkZ3d3cuZ29vZ2xlLmNvbSUyRm1hcHMlMkZlbWJlZCUzRnBiJTNEJTIxMW0xOCUyMTFtMTIlMjExbTMlMjExZDIwMjkuNzAzNjk0NTk0NTE3NCUyMTJkMjQuODAzOTExMTc3Mjc2NzUlMjEzZDU5LjQyMTMzNzUwMzY1MjQ0JTIxMm0zJTIxMWYwJTIxMmYwJTIxM2YwJTIxM20yJTIxMWkxMDI0JTIxMmk3NjglMjE0ZjEzLjElMjEzbTMlMjExbTIlMjExczB4NDY5MmViNTdiMDQ5MjVjMSUyNTNBMHhmMTNjNTU5MzM2N2JlNzMxJTIxMnNTZXBhcGFqYSUyNTIwMTIlMjUyRjElMjUyQyUyNTIwMTE0MTUlMjUyMFRhbGxpbm4lMjE1ZTAlMjEzbTIlMjExc2V0JTIxMnNlZSUyMTR2MTcyNTAwMjkyMzM0MiUyMTVtMiUyMTFzZXQlMjEyc2VlJTIyJTIwd2lkdGglM0QlMjI2MDAlMjIlMjBoZWlnaHQlM0QlMjI0NTAlMjIlMjBzdHlsZSUzRCUyMmJvcmRlciUzQTAlM0IlMjIlMjBhbGxvd2Z1bGxzY3JlZW4lM0QlMjIlMjIlMjBsb2FkaW5nJTNEJTIybGF6eSUyMiUyMHJlZmVycmVycG9saWN5JTNEJTIybm8tcmVmZXJyZXItd2hlbi1kb3duZ3JhZGUlMjIlM0UlM0MlMkZpZnJhbWUlM0UlMEE=&#8221;][vc_empty_space][\/vc_column][vc_column width=&#8221;1\/2&#8243;][vc_row_inner][vc_column_inner css=&#8221;.vc_custom_1731071863398{margin-bottom: 20px !important;border-top-width: 2px !important;border-right-width: 2px !important;border-bottom-width: 2px !important;border-left-width: 2px !important;padding-top: 30px !important;border-left-color: #4f87fb !important;border-left-style: solid !important;border-right-color: #4f87fb !important;border-right-style: solid !important;border-top-color: #4f87fb !important;border-top-style: solid !important;border-bottom-color: #4f87fb !important;border-bottom-style: solid !important;border-radius: 5px !important;}&#8221;][vc_column_text]\n<p style=\"text-align: center;\"><a href=\"mailto:narva@med4u.ee\">narva@med4u.ee<\/a><br \/>\n<a href=\"tel:+3725699305\">+(372) 5699305<\/a><br \/>\nNarva, Linda 4,<br \/>\n4 floor<\/p>\n[\/vc_column_text][\/vc_column_inner][\/vc_row_inner][vc_tta_accordion section_title_tag=&#8221;h3&#8243; spacing=&#8221;20&#8243; c_position=&#8221;right&#8221; active_section=&#8221;5&#8243; no_fill=&#8221;true&#8221; collapsible_all=&#8221;true&#8221;][vc_tta_section title=&#8221;LOCATION&#8221; tab_id=&#8221;1731068946207-c2cb6e4e-f0c817316618110601731663425042&#8243;][vc_column_text]\n<p style=\"text-align: center;\">MED4U NARVA IS LOCATED AT: NARVA, LINDA 4, 6TH FLOOR.<\/p>\n<p style=\"text-align: center;\">The convenient central location makes it easy to reach us by both public transport and car.<\/p>\n[\/vc_column_text][\/vc_tta_section][vc_tta_section title=&#8221;PARKING&#8221; tab_id=&#8221;1731068946284-9649923a-b3e317316618110601731663425042&#8243;][vc_column_text]\n<p style=\"text-align: center;\"><a href=\"https:\/\/www.parkimine.ee\/parkimisinfo\/narva\/\" target=\"_blank\" rel=\"noopener\">YOU CAN FIND MORE INFORMATION ABOUT PARKING HERE \u1405<\/a><\/p>\n[\/vc_column_text][\/vc_tta_section][vc_tta_section title=&#8221;TRANPORTATION&#8221; tab_id=&#8221;1731068946364-87a37467-6b3917316618110601731663425042&#8243;][vc_column_text]\n<p style=\"text-align: center;\">YOU CAN REACH MED4U NARVA BY PUBLIC TRANSPORT::<\/p>\n<ul>\n<li><strong>Bus \u2116 31<\/strong>\u00a0\u2013 Narva-Tammiku \u2013 Narva, Rahu (Linda 4 stop)<\/li>\n<li><strong>Bus \u2116 32<\/strong>\u00a0\u2013 Narva-J\u00f5esuu \u2013 Narva, Rahu (Linda 4 stop)<\/li>\n<\/ul>\n<p>These buses pass through the city center and have stops near Linda 4.<\/p>\n<p style=\"text-align: center;\"><a class=\"__mPS2id\" href=\"https:\/\/narva.pilet.ee\/timetables\" target=\"_blank\" rel=\"noopener\">CITY TRANSPORT WEBSITE \u1405<\/a><\/p>\n[\/vc_column_text][\/vc_tta_section][\/vc_tta_accordion][vc_gmaps link=&#8221;#E-8_JTNDaWZyYW1lJTIwc3JjJTNEJTIyaHR0cHMlM0ElMkYlMkZ3d3cuZ29vZ2xlLmNvbSUyRm1hcHMlMkZlbWJlZCUzRnBiJTNEJTIxMW0xOCUyMTFtMTIlMjExbTMlMjExZDIwMzIuNTI5MzU0MzExNjA5NSUyMTJkMjguMTg3NjQxOTc3Mjc0MjIlMjEzZDU5LjM3NDE5MzUwNzQyODYyJTIxMm0zJTIxMWYwJTIxMmYwJTIxM2YwJTIxM20yJTIxMWkxMDI0JTIxMmk3NjglMjE0ZjEzLjElMjEzbTMlMjExbTIlMjExczB4NDY5NDQ4MjZhNTdlMGU0NyUyNTNBMHg1OWM2ODkwOWE2ZTA1MzNlJTIxMnNMaW5kYSUyNTIwNCUyNTJDJTI1MjAyMDMwOSUyNTIwTmFydmElMjE1ZTAlMjEzbTIlMjExc2V0JTIxMnNlZSUyMTR2MTcyNTAwMjgzNTA2MyUyMTVtMiUyMTFzZXQlMjEyc2VlJTIyJTIwd2lkdGglM0QlMjI2MDAlMjIlMjBoZWlnaHQlM0QlMjI0NTAlMjIlMjBzdHlsZSUzRCUyMmJvcmRlciUzQTAlM0IlMjIlMjBhbGxvd2Z1bGxzY3JlZW4lM0QlMjIlMjIlMjBsb2FkaW5nJTNEJTIybGF6eSUyMiUyMHJlZmVycmVycG9saWN5JTNEJTIybm8tcmVmZXJyZXItd2hlbi1kb3duZ3JhZGUlMjIlM0UlM0MlMkZpZnJhbWUlM0UlMEE=&#8221;][vc_empty_space][\/vc_column][\/vc_row][vc_row][vc_column][vc_empty_space height=&#8221;50px&#8221;][\/vc_column][\/vc_row]\n<\/section>","protected":false},"excerpt":{"rendered":"<p>[vc_row][vc_column][vc_column_text] Our gift card can be used at any of our centers: [\/vc_column_text][vc_empty_space height=&#8221;50px&#8221;][\/vc_column][\/vc_row][vc_row thsn-bg-image-position=&#8221;center-center&#8221;][vc_column thsn-bg-image-position=&#8221;center-center&#8221; width=&#8221;1\/4&#8243;][\/vc_column][vc_column width=&#8221;1\/2&#8243;][vc_empty_space height=&#8221;50px&#8221;][\/vc_column][vc_column width=&#8221;1\/4&#8243;][\/vc_column][\/vc_row][vc_row][vc_column][vc_row_inner gap=&#8221;30&#8243;][vc_column_inner width=&#8221;1\/2&#8243; css=&#8221;.vc_custom_1724322961928{border-top-width: 2px !important;border-right-width: 2px !important;border-bottom-width: 2px !important;border-left-width: 2px !important;padding-top: 30px !important;padding-right: 15px !important;padding-left: 15px !important;border-left-color: #4f87fb !important;border-left-style: solid !important;border-right-color: #4f87fb !important;border-right-style: solid !important;border-top-color: #4f87fb !important;border-top-style: solid !important;border-bottom-color: #4f87fb !important;border-bottom-style: solid !important;border-radius: 5px !important;}&#8221;][vc_column_text] [&hellip;]<\/p>\n","protected":false},"author":1,"featured_media":0,"parent":0,"menu_order":0,"comment_status":"closed","ping_status":"closed","template":"","meta":{"_acf_changed":false,"_monsterinsights_skip_tracking":false,"_monsterinsights_sitenote_active":false,"_monsterinsights_sitenote_note":"","_monsterinsights_sitenote_category":0,"footnotes":""},"class_list":["post-17673","page","type-page","status-publish","hentry"],"acf":[],"aioseo_notices":[],"_links":{"self":[{"href":"https:\/\/med4u.ee\/en\/wp-json\/wp\/v2\/pages\/17673","targetHints":{"allow":["GET"]}}],"collection":[{"href":"https:\/\/med4u.ee\/en\/wp-json\/wp\/v2\/pages"}],"about":[{"href":"https:\/\/med4u.ee\/en\/wp-json\/wp\/v2\/types\/page"}],"author":[{"embeddable":true,"href":"https:\/\/med4u.ee\/en\/wp-json\/wp\/v2\/users\/1"}],"replies":[{"embeddable":true,"href":"https:\/\/med4u.ee\/en\/wp-json\/wp\/v2\/comments?post=17673"}],"version-history":[{"count":9,"href":"https:\/\/med4u.ee\/en\/wp-json\/wp\/v2\/pages\/17673\/revisions"}],"predecessor-version":[{"id":18519,"href":"https:\/\/med4u.ee\/en\/wp-json\/wp\/v2\/pages\/17673\/revisions\/18519"}],"wp:attachment":[{"href":"https:\/\/med4u.ee\/en\/wp-json\/wp\/v2\/media?parent=17673"}],"curies":[{"name":"wp","href":"https:\/\/api.w.org\/{rel}","templated":true}]}}