{"id":15667,"date":"2024-07-25T10:04:35","date_gmt":"2024-07-25T07:04:35","guid":{"rendered":"https:\/\/med4u.ee\/?page_id=15667"},"modified":"2024-07-25T10:29:36","modified_gmt":"2024-07-25T07:29:36","slug":"tingimused","status":"publish","type":"page","link":"https:\/\/med4u.ee\/en\/tingimused\/","title":{"rendered":"Med4u tingimused"},"content":{"rendered":"<section class=\"wpb-content-wrapper\">[vc_row][vc_column][vc_column_text]\n<h2 style=\"text-align: left;\"><span style=\"color: #4f87fb;\">MED4U <\/span><span style=\"color: #4f87fb;\">O\u00dc<\/span><\/h2>\n<h2 style=\"text-align: left;\"><span style=\"color: #4f87fb;\">\u00fcld- ja privaatsustingimused<\/span><\/h2>\n<p>&nbsp;<\/p>\n<h5><a href=\"https:\/\/med4u.ee\/wp-content\/uploads\/2024\/07\/Ariuldtingimused_MED4U.pdf\" target=\"_blank\" rel=\"noopener\"><span style=\"color: #4f87fb;\">1.T\u00fc\u00fcptingimused<\/span><\/a><\/h5>\n<h5><a href=\"https:\/\/med4u.ee\/en\/kupsiste-poliitika\/\"><span style=\"color: #4f87fb;\">2.K\u00fcpsiste kasutamise teade<\/span><\/a><\/h5>\n<p>&nbsp;<\/p>\n<h6><\/h6>\n[\/vc_column_text][vc_empty_space][\/vc_column][\/vc_row]\n<\/section>","protected":false},"excerpt":{"rendered":"<p>[vc_row][vc_column][vc_column_text] MED4U O\u00dc \u00fcld- ja privaatsustingimused &nbsp; 1.T\u00fc\u00fcptingimused 2.K\u00fcpsiste kasutamise teade &nbsp; [\/vc_column_text][vc_empty_space][\/vc_column][\/vc_row]<\/p>\n","protected":false},"author":1,"featured_media":0,"parent":0,"menu_order":0,"comment_status":"closed","ping_status":"closed","template":"","meta":{"_acf_changed":false,"_monsterinsights_skip_tracking":false,"_monsterinsights_sitenote_active":false,"_monsterinsights_sitenote_note":"","_monsterinsights_sitenote_category":0,"footnotes":""},"class_list":["post-15667","page","type-page","status-publish","hentry"],"acf":[],"aioseo_notices":[],"_links":{"self":[{"href":"https:\/\/med4u.ee\/en\/wp-json\/wp\/v2\/pages\/15667","targetHints":{"allow":["GET"]}}],"collection":[{"href":"https:\/\/med4u.ee\/en\/wp-json\/wp\/v2\/pages"}],"about":[{"href":"https:\/\/med4u.ee\/en\/wp-json\/wp\/v2\/types\/page"}],"author":[{"embeddable":true,"href":"https:\/\/med4u.ee\/en\/wp-json\/wp\/v2\/users\/1"}],"replies":[{"embeddable":true,"href":"https:\/\/med4u.ee\/en\/wp-json\/wp\/v2\/comments?post=15667"}],"version-history":[{"count":3,"href":"https:\/\/med4u.ee\/en\/wp-json\/wp\/v2\/pages\/15667\/revisions"}],"predecessor-version":[{"id":15683,"href":"https:\/\/med4u.ee\/en\/wp-json\/wp\/v2\/pages\/15667\/revisions\/15683"}],"wp:attachment":[{"href":"https:\/\/med4u.ee\/en\/wp-json\/wp\/v2\/media?parent=15667"}],"curies":[{"name":"wp","href":"https:\/\/api.w.org\/{rel}","templated":true}]}}