{"id":13380,"date":"2022-03-10T11:51:54","date_gmt":"2022-03-10T09:51:54","guid":{"rendered":"https:\/\/med4u.ee\/kontaktid\/"},"modified":"2026-01-23T05:56:13","modified_gmt":"2026-01-23T03:56:13","slug":"kontaktid","status":"publish","type":"page","link":"https:\/\/med4u.ee\/en\/kontaktid\/","title":{"rendered":"Contacts"},"content":{"rendered":"<section class=\"wpb-content-wrapper\">[vc_row full_width=&#8221;stretch_row_content&#8221; gap=&#8221;20&#8243;][vc_column width=&#8221;1\/2&#8243;][vc_row_inner equal_height=&#8221;yes&#8221; content_placement=&#8221;middle&#8221;][vc_column_inner width=&#8221;1\/4&#8243;][vc_column_text]\n<p style=\"text-align: center;\"><strong>ADDRESS\u00a0 <\/strong><br \/>\nTallinn<br \/>\nSepapaja 12\/1,<br \/>\nTervisemaja 2<br \/>\n4 floor[\/vc_column_text][\/vc_column_inner][vc_column_inner width=&#8221;1\/4&#8243;][vc_column_text]\n<p style=\"text-align: center;\"><strong>PHONE<\/strong><br \/>\n+(372) 58830007[\/vc_column_text][\/vc_column_inner][vc_column_inner width=&#8221;1\/4&#8243;][vc_column_text]\n<p style=\"text-align: center;\"><strong>WORKING HOURS<\/strong><br \/>\nMon-Sun 8.00-21.00[\/vc_column_text][\/vc_column_inner][vc_column_inner width=&#8221;1\/4&#8243;][vc_column_text]\n<p style=\"text-align: center;\"><strong>LICENSE<\/strong><br \/>\nL07039<br \/>\nL07053[\/vc_column_text][\/vc_column_inner][\/vc_row_inner][vc_tta_accordion section_title_tag=&#8221;h3&#8243; spacing=&#8221;20&#8243; c_position=&#8221;right&#8221; active_section=&#8221;5&#8243; no_fill=&#8221;true&#8221; collapsible_all=&#8221;true&#8221;][vc_tta_section title=&#8221;LOCATION&#8221; tab_id=&#8221;1701700190821-ed85ddf9-f4e317255267830041727855070807172804456089017282969736711728301795762172856404105617286284184251729579170638&#8243;][vc_column_text]\n<p style=\"text-align: center;\">MED4U \u00dcLEMISTE CITY IS LOCATED IN TALLINN AT SEPAPAJA 12\/1, ON THE 4TH FLOOR.<\/p>\n<p>The building is easy to find \u2014 it is situated in the \u00dclemiste area, close to \u00dclemiste Keskus.<\/p>\n<p>The entrance to the building is on the side of the main road, and convenient parking allows you to leave your car without any issues. Take the elevator or stairs to the 4th floor \u2014 we look forward to seeing you![\/vc_column_text][\/vc_tta_section][vc_tta_section title=&#8221;PARKING&#8221; tab_id=&#8221;1729155091266-a0ebd8c2-cc921729579170638&#8243;][vc_column_text]\n<p style=\"text-align: center;\">IN FRONT OF \u00dcLEMISTE TERVISEMAJA 2, THERE IS A SPACIOUS PARKING LOT.<br \/>\nPART OF THE PARKING IS RESERVED SPECIFICALLY FOR VISITORS OF \u00dcLEMISTE TERVISEMAJA 2, INCLUDING VISITORS OF Med4U \u00dclemiste City.<\/p>\n<ul>\n<li><strong>Visitor parking at \u00dclemiste Tervisemaja 2 on the designated parking area (pay attention to the parking signs!!!) is free for 2 hours, with mandatory registration through the parking terminal at the entrance to \u00dclemiste Tervisemaja 2.<\/strong><\/li>\n<li><strong>Parking in the rest of the area in front of \u00dclemiste Tervisemaja 2 is free for 2 hours with a parking disc!!! (pay attention to the parking signs!!!)<\/strong><\/li>\n<\/ul>\n<p><a href=\"https:\/\/www.tallinn.ee\/en\/parking\" target=\"_blank\" rel=\"noopener\">YOU CAN FIND MORE INFORMATION ABOUT PARKING HERE \u1405<\/a><\/p>\n<p><a href=\"https:\/\/www.parkimine.ee\/en\/parking\/tallinn\/\" target=\"_blank\" rel=\"noopener\">AND HERE \u1405<\/a><\/p>\n[\/vc_column_text]<div  class=\"thsn-single-image-w thsn-single-hover-yes  thsn-small-text-pos-bottom\"><img loading=\"lazy\" decoding=\"async\" width=\"1198\" height=\"676\" src=\"https:\/\/med4u.ee\/wp-content\/uploads\/2024\/10\/parking-ulemiste.jpg\" class=\"thsn_vc_single_image-img attachment-full\" alt=\"\" title=\"parking-ulemiste\" srcset=\"https:\/\/med4u.ee\/wp-content\/uploads\/2024\/10\/parking-ulemiste.jpg 1198w, https:\/\/med4u.ee\/wp-content\/uploads\/2024\/10\/parking-ulemiste-300x169.jpg 300w, https:\/\/med4u.ee\/wp-content\/uploads\/2024\/10\/parking-ulemiste-1024x578.jpg 1024w, https:\/\/med4u.ee\/wp-content\/uploads\/2024\/10\/parking-ulemiste-768x433.jpg 768w, https:\/\/med4u.ee\/wp-content\/uploads\/2024\/10\/parking-ulemiste-770x434.jpg 770w\" sizes=\"auto, (max-width: 1198px) 100vw, 1198px\" data-id=\"17291\" \/><div class=\"thsn-overlay\">[vc_icon icon_fontawesome=\"fa fa-info-circle\" icon_thsn_dentiq_icon=\"thsn-dentiq-icon thsn-dentiq-icon-light\" icon_sgicon=\"sgicon sgicon-WorldWide\" icon_linecons=\"vc_li vc_li-heart\" icon_monosocial=\"vc-mono vc-mono-fivehundredpx\" link=\"url:https%3A%2F%2Fmed4u.ee%2Fwp-content%2Fuploads%2F2024%2F10%2Fparking-ulemiste.jpg|||\" el_class=\"thsn-lightbox thsn-lightbox-video\"]<\/div><a href=\"https:\/\/med4u.ee\/wp-content\/uploads\/2024\/10\/parking-ulemiste.jpg\" class=\"thsn-lightbox\"><span class=\"themesion-hide\">Click Here<\/span><\/a><\/div>[\/vc_tta_section][vc_tta_section title=&#8221;TRANPORTATION&#8221; tab_id=&#8221;1701700315675-5a0cec05-35e117255267830041727855070807172804456089017282969736711728301795762172856404105617286284184251729579170638&#8243;][vc_column_text]\n<div class=\"flex max-w-full flex-col flex-grow\">\n<div class=\"min-h-8 text-message flex w-full flex-col items-end gap-2 whitespace-normal break-words [.text-message+&amp;]:mt-5\" dir=\"auto\" data-message-author-role=\"assistant\" data-message-id=\"2dd8ab3a-155a-4742-91c0-3e1b2c7945ed\">\n<div class=\"flex w-full flex-col gap-1 empty:hidden first:pt-[3px]\">\n<div class=\"markdown prose w-full break-words dark:prose-invert light\">\n<p style=\"text-align: center;\">YOU CAN REACH Med4U \u00dclemiste City AND \u00dcLEMISTE TERVISEMAJA 2 BY PUBLIC TRANSPORT:<\/p>\n<ul>\n<li><strong>Bus No. 7<\/strong> \u2014 Seli-S\u00f5jam\u00e4e (stop: L\u00f5\u00f5tsa or Valukoja)<\/li>\n<li><strong>Bus No. 15<\/strong> \u2014 Viru keskus \u2014 S\u00f5jam\u00e4e (stop: L\u00f5\u00f5tsa or Valukoja)<\/li>\n<li><strong>Bus No. 45<\/strong> \u2014 V\u00e4ike-\u00d5ism\u00e4e \u2014 \u00dclemiste (stop: Dvigatel or Kaubajaama)<\/li>\n<li><strong>Bus No. 49<\/strong> \u2014 Viimsi keskus \u2014 Airport (stop: L\u00f5\u00f5tsa or Valukoja)<\/li>\n<li><strong>Bus No. 65<\/strong> \u2014 Lasnam\u00e4e \u2014 Airport (stop: Valukoja)<\/li>\n<li><strong>Bus No. 64<\/strong> \u2014 V\u00e4ike-\u00d5ism\u00e4e \u2014 \u00dclemiste (stop: Kaubajaama)<\/li>\n<li><strong>Tram No. 4<\/strong> \u2014 Lasnam\u00e4e \u2014 Airport (stop: \u00dclemiste linnak)<\/li>\n<\/ul>\n<p><a class=\"__mPS2id\" href=\"https:\/\/transport.tallinn.ee\/#tallinna-linn\/en\" target=\"_blank\" rel=\"noopener\">CITY TRANSPORT WEBSITE \u1405<\/a><\/p>\n<\/div>\n<\/div>\n<\/div>\n<\/div>\n[\/vc_column_text][\/vc_tta_section][\/vc_tta_accordion][vc_gmaps link=&#8221;#E-8_JTNDaWZyYW1lJTIwc3JjJTNEJTIyaHR0cHMlM0ElMkYlMkZ3d3cuZ29vZ2xlLmNvbSUyRm1hcHMlMkZlbWJlZCUzRnBiJTNEJTIxMW0xOCUyMTFtMTIlMjExbTMlMjExZDIwMjkuNjg4NTI2NTI2NjA1JTIxMmQyNC44MDMyMDg2NTg5NjQ3MiUyMTNkNTkuNDIxNTkwNTA5NTE5MzU1JTIxMm0zJTIxMWYwJTIxMmYwJTIxM2YwJTIxM20yJTIxMWkxMDI0JTIxMmk3NjglMjE0ZjEzLjElMjEzbTMlMjExbTIlMjExczB4NDY5MmViNTdiZjcxZDdhYiUyNTNBMHgxOTA0MjZjYTk0MTIzOTVmJTIxMnNTZXBhcGFqYSUyNTIwMTItMSUyNTJDJTI1MjAxMTQxNSUyNTIwVGFsbGlubiUyMTVlMCUyMTNtMiUyMTFzZW4lMjEyc3VrJTIxNHYxNzI0ODUyMDExMTAwJTIxNW0yJTIxMXNlbiUyMTJzdWslMjIlMjB3aWR0aCUzRCUyMjYwMCUyMiUyMGhlaWdodCUzRCUyMjQ1MCUyMiUyMHN0eWxlJTNEJTIyYm9yZGVyJTNBMCUzQiUyMiUyMGFsbG93ZnVsbHNjcmVlbiUzRCUyMiUyMiUyMGxvYWRpbmclM0QlMjJsYXp5JTIyJTIwcmVmZXJyZXJwb2xpY3klM0QlMjJuby1yZWZlcnJlci13aGVuLWRvd25ncmFkZSUyMiUzRSUzQyUyRmlmcmFtZSUzRQ==&#8221;][vc_empty_space][\/vc_column][vc_column width=&#8221;1\/2&#8243;][vc_row_inner equal_height=&#8221;yes&#8221; content_placement=&#8221;middle&#8221;][vc_column_inner width=&#8221;1\/4&#8243;][vc_column_text]\n<p style=\"text-align: center;\"><strong>ADDRESS\u00a0 <\/strong><br \/>\nNarva<br \/>\nLinda 4,<br \/>\n6 floor[\/vc_column_text][\/vc_column_inner][vc_column_inner width=&#8221;1\/4&#8243;][vc_column_text]\n<p style=\"text-align: center;\"><strong>PHONE<\/strong><br \/>\n+(372) 56993305[\/vc_column_text][\/vc_column_inner][vc_column_inner width=&#8221;1\/4&#8243;][vc_column_text]\n<p style=\"text-align: center;\"><strong>T\u00d6\u00d6AEG<\/strong><br \/>\nMon-Sun 8.00-21.00[\/vc_column_text][\/vc_column_inner][vc_column_inner width=&#8221;1\/4&#8243;][vc_column_text]\n<p style=\"text-align: center;\"><strong>LICENSE<\/strong><br \/>\nL06566<br \/>\nL06796[\/vc_column_text][\/vc_column_inner][\/vc_row_inner][vc_tta_accordion section_title_tag=&#8221;h3&#8243; spacing=&#8221;20&#8243; c_position=&#8221;right&#8221; active_section=&#8221;5&#8243; no_fill=&#8221;true&#8221; collapsible_all=&#8221;true&#8221;][vc_tta_section title=&#8221;LOCATION&#8221; tab_id=&#8221;1731068946207-c2cb6e4e-f0c81731661811060&#8243;][vc_column_text]\n<p style=\"text-align: center;\">MED4U NARVA IS LOCATED AT: NARVA, LINDA 4, 6TH FLOOR.<\/p>\n<p style=\"text-align: center;\">The convenient central location makes it easy to reach us by both public transport and car.<\/p>\n[\/vc_column_text][\/vc_tta_section][vc_tta_section title=&#8221;PARKING&#8221; tab_id=&#8221;1731068946284-9649923a-b3e31731661811060&#8243;][vc_column_text]\n<p style=\"text-align: center;\"><a href=\"https:\/\/www.parkimine.ee\/parkimisinfo\/narva\/\" target=\"_blank\" rel=\"noopener\">YOU CAN FIND MORE INFORMATION ABOUT PARKING HERE \u1405<\/a><\/p>\n[\/vc_column_text][\/vc_tta_section][vc_tta_section title=&#8221;TRANPORTATION&#8221; tab_id=&#8221;1731068946364-87a37467-6b391731661811060&#8243;][vc_column_text]\n<p style=\"text-align: center;\">YOU CAN REACH MED4U NARVA BY PUBLIC TRANSPORT::<\/p>\n<ul>\n<li><strong>Bus \u2116 31<\/strong>\u00a0\u2013 Narva-Tammiku \u2013 Narva, Rahu (Linda 4 stop)<\/li>\n<li><strong>Bus \u2116 32<\/strong>\u00a0\u2013 Narva-J\u00f5esuu \u2013 Narva, Rahu (Linda 4 stop)<\/li>\n<\/ul>\n<p>These buses pass through the city center and have stops near Linda 4.<\/p>\n<p style=\"text-align: center;\"><a class=\"__mPS2id\" href=\"https:\/\/narva.pilet.ee\/timetables\" target=\"_blank\" rel=\"noopener\">CITY TRANSPORT WEBSITE \u1405<\/a><\/p>\n[\/vc_column_text][\/vc_tta_section][\/vc_tta_accordion][vc_gmaps link=&#8221;#E-8_JTNDaWZyYW1lJTIwc3JjJTNEJTIyaHR0cHMlM0ElMkYlMkZ3d3cuZ29vZ2xlLmNvbSUyRm1hcHMlMkZlbWJlZCUzRnBiJTNEJTIxMW0xOCUyMTFtMTIlMjExbTMlMjExZDIwMzIuNTI5NTE4MDY2NTUyJTIxMmQyOC4xODc2NDE5NzcxMTUyOSUyMTNkNTkuMzc0MTkwNzc0NjM2MDQlMjEybTMlMjExZjAlMjEyZjAlMjEzZjAlMjEzbTIlMjExaTEwMjQlMjEyaTc2OCUyMTRmMTMuMSUyMTNtMyUyMTFtMiUyMTFzMHg0Njk0NDgyNmE1N2UwZTQ3JTI1M0EweDU5YzY4OTA5YTZlMDUzM2UlMjEyc0xpbmRhJTI1MjA0JTI1MkMlMjUyMDIwMzA5JTI1MjBOYXJ2YSUyMTVlMCUyMTNtMiUyMTFzZW4lMjEyc3VrJTIxNHYxNzA0OTYyNzE4NzY4JTIxNW0yJTIxMXNlbiUyMTJzdWslMjIlMjB3aWR0aCUzRCUyMjYwMCUyMiUyMGhlaWdodCUzRCUyMjQ1MCUyMiUyMHN0eWxlJTNEJTIyYm9yZGVyJTNBMCUzQiUyMiUyMGFsbG93ZnVsbHNjcmVlbiUzRCUyMiUyMiUyMGxvYWRpbmclM0QlMjJsYXp5JTIyJTIwcmVmZXJyZXJwb2xpY3klM0QlMjJuby1yZWZlcnJlci13aGVuLWRvd25ncmFkZSUyMiUzRSUzQyUyRmlmcmFtZSUzRQ==&#8221;][vc_empty_space][\/vc_column][\/vc_row][vc_row gap=&#8221;20&#8243;][vc_column width=&#8221;1\/2&#8243;][vc_separator color=&#8221;custom&#8221; css=&#8221;.vc_custom_1646907816513{margin-bottom: 20px !important;}&#8221; accent_color=&#8221;#f1f6fb&#8221;][vc_row_inner equal_height=&#8221;yes&#8221; content_placement=&#8221;middle&#8221;][vc_column_inner width=&#8221;1\/6&#8243;][vc_icon icon_fontawesome=&#8221;fas fa-user-tie&#8221;][\/vc_column_inner][vc_column_inner width=&#8221;5\/6&#8243;][vc_column_text css=&#8221;.vc_custom_1646907986029{padding-top: 5px !important;}&#8221;]<strong>Med4u O\u00dc<\/strong><br \/>\nReg. no.: 14157538[\/vc_column_text][\/vc_column_inner][\/vc_row_inner][vc_row_inner equal_height=&#8221;yes&#8221; content_placement=&#8221;middle&#8221;][vc_column_inner width=&#8221;1\/6&#8243;][vc_icon icon_fontawesome=&#8221;far fa-envelope-open&#8221;][\/vc_column_inner][vc_column_inner width=&#8221;5\/6&#8243;][vc_column_text css=&#8221;.vc_custom_1646908039593{padding-top: 5px !important;}&#8221;]<strong>E-mail<\/strong><br \/>\ninfo@med4u.ee[\/vc_column_text][\/vc_column_inner][\/vc_row_inner][\/vc_column][vc_column thsn-bg-color=&#8221;light&#8221; width=&#8221;1\/2&#8243; css=&#8221;.vc_custom_1646906145975{padding-top: 40px !important;border-radius: 10px !important;}&#8221;]\n<div class=\"wpcf7 no-js\" id=\"wpcf7-f12540-o1\" lang=\"en-US\" dir=\"ltr\" data-wpcf7-id=\"12540\">\n<div class=\"screen-reader-response\"><p role=\"status\" aria-live=\"polite\" aria-atomic=\"true\"><\/p> <ul><\/ul><\/div>\n<form action=\"\/en\/wp-json\/wp\/v2\/pages\/13380#wpcf7-f12540-o1\" method=\"post\" class=\"wpcf7-form init\" aria-label=\"Contact form\" novalidate=\"novalidate\" data-status=\"init\">\n<fieldset class=\"hidden-fields-container\"><input type=\"hidden\" name=\"_wpcf7\" value=\"12540\" \/><input type=\"hidden\" name=\"_wpcf7_version\" value=\"6.1.4\" \/><input type=\"hidden\" name=\"_wpcf7_locale\" value=\"en_US\" \/><input type=\"hidden\" name=\"_wpcf7_unit_tag\" value=\"wpcf7-f12540-o1\" \/><input type=\"hidden\" name=\"_wpcf7_container_post\" value=\"0\" \/><input type=\"hidden\" name=\"_wpcf7_posted_data_hash\" value=\"\" \/><input type=\"hidden\" name=\"_wpcf7_recaptcha_response\" value=\"\" \/>\n<\/fieldset>\n<div class=\"thsn-main-form thsn-style-2\">\n\t<div class=\"row\">\n\t\t<div class=\"col-sm-6\">\n\t\t\t<div class=\"input-group\">\n\t\t\t\t<p><span class=\"wpcf7-form-control-wrap\" data-name=\"your-name\"><input size=\"40\" maxlength=\"400\" class=\"wpcf7-form-control wpcf7-text wpcf7-validates-as-required\" aria-required=\"true\" aria-invalid=\"false\" placeholder=\"First &amp; last name *\" value=\"\" type=\"text\" name=\"your-name\" \/><\/span>\n\t\t\t\t<\/p>\n\t\t\t<\/div>\n\t\t<\/div>\n\t\t<div class=\"col-sm-6\">\n\t\t\t<div class=\"input-group\">\n\t\t\t\t<p><span class=\"wpcf7-form-control-wrap\" data-name=\"PhoneNumber\"><input size=\"40\" maxlength=\"400\" class=\"wpcf7-form-control wpcf7-text wpcf7-validates-as-required\" aria-required=\"true\" aria-invalid=\"false\" placeholder=\"Phone *\" value=\"\" type=\"text\" name=\"PhoneNumber\" \/><\/span>\n\t\t\t\t<\/p>\n\t\t\t<\/div>\n\t\t<\/div>\n\t\t<div class=\"col-sm-6\">\n\t\t\t<div class=\"input-group\">\n\t\t\t\t<p><span class=\"wpcf7-form-control-wrap\" data-name=\"your-email\"><input size=\"40\" maxlength=\"400\" class=\"wpcf7-form-control wpcf7-email wpcf7-validates-as-required wpcf7-text wpcf7-validates-as-email\" aria-required=\"true\" aria-invalid=\"false\" placeholder=\"E-mail *\" value=\"\" type=\"email\" name=\"your-email\" \/><\/span>\n\t\t\t\t<\/p>\n\t\t\t<\/div>\n\t\t<\/div>\n\t\t<div class=\"col-sm-6\">\n\t\t\t<div class=\"input-group\">\n\t\t\t\t<p><span class=\"wpcf7-form-control-wrap\" data-name=\"Subject\"><input size=\"40\" maxlength=\"400\" class=\"wpcf7-form-control wpcf7-text\" aria-invalid=\"false\" placeholder=\"Subject\" value=\"\" type=\"text\" name=\"Subject\" \/><\/span>\n\t\t\t\t<\/p>\n\t\t\t<\/div>\n\t\t<\/div>\n\t\t<div class=\"col-sm-12\">\n\t\t\t<div class=\"input-group input-button\">\n\t\t\t\t<p><span class=\"wpcf7-form-control-wrap\" data-name=\"message\"><textarea cols=\"40\" rows=\"3\" maxlength=\"2000\" class=\"wpcf7-form-control wpcf7-textarea\" aria-invalid=\"false\" placeholder=\"Message\" name=\"message\"><\/textarea><\/span>\n\t\t\t\t<\/p>\n\t\t\t<\/div>\n\t\t<\/div>\n\t\t<div class=\"col-sm-12\">\n\t\t\t<div class=\"input-group input-button\">\n\t\t\t\t<p><input class=\"wpcf7-form-control wpcf7-submit has-spinner\" type=\"submit\" value=\"Send\" \/>\n\t\t\t\t<\/p>\n\t\t\t<\/div>\n\t\t<\/div>\n\t<\/div>\n<\/div><input type='hidden' class='wpcf7-pum' value='{\"closepopup\":false,\"closedelay\":0,\"openpopup\":false,\"openpopup_id\":0}' \/><div class=\"wpcf7-response-output\" aria-hidden=\"true\"><\/div>\n<\/form>\n<\/div>\n[\/vc_column][\/vc_row][vc_row][vc_column][vc_empty_space height=&#8221;50px&#8221;][\/vc_column][\/vc_row]\n<\/section>","protected":false},"excerpt":{"rendered":"<p>[vc_row full_width=&#8221;stretch_row_content&#8221; gap=&#8221;20&#8243;][vc_column width=&#8221;1\/2&#8243;][vc_row_inner equal_height=&#8221;yes&#8221; content_placement=&#8221;middle&#8221;][vc_column_inner width=&#8221;1\/4&#8243;][vc_column_text] ADDRESS\u00a0 Tallinn Sepapaja 12\/1, Tervisemaja 2 4 floor[\/vc_column_text][\/vc_column_inner][vc_column_inner width=&#8221;1\/4&#8243;][vc_column_text] PHONE +(372) 58830007[\/vc_column_text][\/vc_column_inner][vc_column_inner width=&#8221;1\/4&#8243;][vc_column_text] WORKING HOURS Mon-Sun 8.00-21.00[\/vc_column_text][\/vc_column_inner][vc_column_inner width=&#8221;1\/4&#8243;][vc_column_text] LICENSE L07039 L07053[\/vc_column_text][\/vc_column_inner][\/vc_row_inner][vc_tta_accordion section_title_tag=&#8221;h3&#8243; spacing=&#8221;20&#8243; c_position=&#8221;right&#8221; active_section=&#8221;5&#8243; no_fill=&#8221;true&#8221; collapsible_all=&#8221;true&#8221;][vc_tta_section title=&#8221;LOCATION&#8221; tab_id=&#8221;1701700190821-ed85ddf9-f4e317255267830041727855070807172804456089017282969736711728301795762172856404105617286284184251729579170638&#8243;][vc_column_text] MED4U \u00dcLEMISTE CITY IS LOCATED IN TALLINN AT SEPAPAJA 12\/1, ON THE 4TH FLOOR. The building is easy to [&hellip;]<\/p>\n","protected":false},"author":1,"featured_media":0,"parent":0,"menu_order":0,"comment_status":"closed","ping_status":"closed","template":"","meta":{"_acf_changed":false,"_monsterinsights_skip_tracking":false,"_monsterinsights_sitenote_active":false,"_monsterinsights_sitenote_note":"","_monsterinsights_sitenote_category":0,"footnotes":""},"class_list":["post-13380","page","type-page","status-publish","hentry"],"acf":[],"aioseo_notices":[],"_links":{"self":[{"href":"https:\/\/med4u.ee\/en\/wp-json\/wp\/v2\/pages\/13380","targetHints":{"allow":["GET"]}}],"collection":[{"href":"https:\/\/med4u.ee\/en\/wp-json\/wp\/v2\/pages"}],"about":[{"href":"https:\/\/med4u.ee\/en\/wp-json\/wp\/v2\/types\/page"}],"author":[{"embeddable":true,"href":"https:\/\/med4u.ee\/en\/wp-json\/wp\/v2\/users\/1"}],"replies":[{"embeddable":true,"href":"https:\/\/med4u.ee\/en\/wp-json\/wp\/v2\/comments?post=13380"}],"version-history":[{"count":16,"href":"https:\/\/med4u.ee\/en\/wp-json\/wp\/v2\/pages\/13380\/revisions"}],"predecessor-version":[{"id":18645,"href":"https:\/\/med4u.ee\/en\/wp-json\/wp\/v2\/pages\/13380\/revisions\/18645"}],"wp:attachment":[{"href":"https:\/\/med4u.ee\/en\/wp-json\/wp\/v2\/media?parent=13380"}],"curies":[{"name":"wp","href":"https:\/\/api.w.org\/{rel}","templated":true}]}}